{"id":1511,"date":"2023-03-06T11:18:15","date_gmt":"2023-03-06T11:18:15","guid":{"rendered":"https:\/\/bricer.pt\/produto\/radox-spa-creme-banho-enriching-emb-250ml\/"},"modified":"2023-04-17T07:59:59","modified_gmt":"2023-04-17T07:59:59","slug":"radox-spa-creme-banho-enriching-emb-250ml","status":"publish","type":"product","link":"https:\/\/bricer.pt\/?product=radox-spa-creme-banho-enriching-emb-250ml","title":{"rendered":"Radox SPA Creme Banho &#8220;Enriching&#8221; Emb. 250ml"},"content":{"rendered":"<p><strong>Radox SPA Creme Banho &#8220;Enriching&#8221;<\/strong> Emb. 250ml.<\/p>\n<p>&nbsp;<\/p>\n<p><strong>Advert\u00eancias<\/strong>: Se o creme de banho entrar em contacto com os olhos, lave bem com \u00e1gua limpa.<\/p>\n<p><strong>Instru\u00e7\u00f5es<\/strong>: Conservar em local fresco e seco. Ap\u00f3s abertura, utilizar num prazo m\u00e1ximo de 12 meses. Retire a tampa antes de reciclar.<\/p>\n<p><strong>Ingredientes<\/strong>: Aqua, Sodium Laureth Sulfate, Glycerin, Cocamidopropyl Betaine, Acrylates Copolymer, Sine Adipe Lac, Bisabolol, Algin, Hibiscus Sabdariffa Extract, Cocos Nucifera Oil, Plumeria Acutifolia Flower Extract, Parfum, Citric Acid, Styrene\/Acrylates Copolymer, Sodium Lactate, Propylene Glycol, Benzyl Salicylate, Limonene, Hexyl Cinnamal, Linalool, Pentylene Glycol, Citronellol, Caprylic\/Capric Triglyceride 1,2 -Hexanediol, Caprylyl Glycol, Gellan Gum, Xanthan Gum, Glucose, Peg-40 Hydrogenated Castor Oil, Tricedeth-9, Calcium Chloride, Mica, Titanium Dioxide, Sodium Citrate, Disodium EDTA, Sodium Benzoate, CI 12490.<\/p>\n","protected":false},"excerpt":{"rendered":"<p>Radox SPA Creme Banho &#8220;Enriching&#8221; Emb. 250ml. &nbsp; Advert\u00eancias: Se o creme de banho entrar em contacto com os olhos, lave bem com \u00e1gua limpa. Instru\u00e7\u00f5es: Conservar em local fresco e seco. Ap\u00f3s abertura, utilizar num prazo m\u00e1ximo de 12 meses. Retire a tampa antes de reciclar. Ingredientes: Aqua, Sodium Laureth Sulfate, Glycerin, Cocamidopropyl Betaine, [&hellip;]<\/p>\n","protected":false},"featured_media":1512,"template":"","meta":[],"product_brand":[],"product_cat":[55,56],"product_tag":[],"class_list":{"0":"post-1511","1":"product","2":"type-product","3":"status-publish","4":"has-post-thumbnail","6":"product_cat-dph","7":"product_cat-higiene-e-beleza-geis-de-banho","8":"pa_marcas-radox","9":"pa_pais-reino-unido","11":"first","12":"instock","13":"taxable","14":"shipping-taxable","15":"product-type-simple"},"_links":{"self":[{"href":"https:\/\/bricer.pt\/index.php?rest_route=\/wp\/v2\/product\/1511","targetHints":{"allow":["GET"]}}],"collection":[{"href":"https:\/\/bricer.pt\/index.php?rest_route=\/wp\/v2\/product"}],"about":[{"href":"https:\/\/bricer.pt\/index.php?rest_route=\/wp\/v2\/types\/product"}],"wp:featuredmedia":[{"embeddable":true,"href":"https:\/\/bricer.pt\/index.php?rest_route=\/wp\/v2\/media\/1512"}],"wp:attachment":[{"href":"https:\/\/bricer.pt\/index.php?rest_route=%2Fwp%2Fv2%2Fmedia&parent=1511"}],"wp:term":[{"taxonomy":"product_brand","embeddable":true,"href":"https:\/\/bricer.pt\/index.php?rest_route=%2Fwp%2Fv2%2Fproduct_brand&post=1511"},{"taxonomy":"product_cat","embeddable":true,"href":"https:\/\/bricer.pt\/index.php?rest_route=%2Fwp%2Fv2%2Fproduct_cat&post=1511"},{"taxonomy":"product_tag","embeddable":true,"href":"https:\/\/bricer.pt\/index.php?rest_route=%2Fwp%2Fv2%2Fproduct_tag&post=1511"}],"curies":[{"name":"wp","href":"https:\/\/api.w.org\/{rel}","templated":true}]}}