{"id":1502,"date":"2023-03-06T11:18:15","date_gmt":"2023-03-06T11:18:15","guid":{"rendered":"https:\/\/bricer.pt\/produto\/radox-creme-de-banho-berry-burst-emb-250ml\/"},"modified":"2023-04-17T07:59:58","modified_gmt":"2023-04-17T07:59:58","slug":"radox-creme-de-banho-berry-burst-emb-250ml","status":"publish","type":"product","link":"https:\/\/bricer.pt\/?product=radox-creme-de-banho-berry-burst-emb-250ml","title":{"rendered":"Radox Creme de Banho &#8220;Berry Burst&#8221; Emb. 250ml"},"content":{"rendered":"<p><strong>Radox Creme de Banho &#8220;Berry Burst&#8221;<\/strong> Emb. 250ml.<\/p>\n<p>&nbsp;<\/p>\n<p><strong>Advert\u00eancias<\/strong>: Se o creme de banho entrar em contacto com os olhos, lave bem com \u00e1gua limpa.<\/p>\n<p><strong>Instru\u00e7\u00f5es<\/strong>: Conservar em local fresco e seco. Ap\u00f3s abertura, utilizar num prazo m\u00e1ximo de 12 meses. Retire a tampa antes de reciclar.<\/p>\n<p><strong>Ingredientes<\/strong>: Aqua, Sodium Laureth Sulfate, Hydrogenated Starch Hydrolysate, Sodium Chloride, Cocamidopropyl Betaine, Parfum, Sodium Lactate, Sine Adipe Lac, Polyquaternium-7, Fragaria Ananassa (Strawberry) Fruit Juice, Prunus Cerasus (Bitter Cherry) Juice, Rubus Fruticosus (Blackberry) Juice, Rubus Idaeus (Raspberry) Juice, Vaccinium Myrtillus Fruit Juice, Bisabolol, Styrene \/ Acrylates Copolymer, Propylene Glycol, Trideceth-7, Sodium Lauryl Sulfate, Disodium Lauryl Phenyl Ether Disulfonate, Trideceth-9, Citric Acid, Sodium Benzoate, Potassium Sorbate, Benzyl Alcohol.<\/p>\n","protected":false},"excerpt":{"rendered":"<p>Radox Creme de Banho &#8220;Berry Burst&#8221; Emb. 250ml. &nbsp; Advert\u00eancias: Se o creme de banho entrar em contacto com os olhos, lave bem com \u00e1gua limpa. Instru\u00e7\u00f5es: Conservar em local fresco e seco. Ap\u00f3s abertura, utilizar num prazo m\u00e1ximo de 12 meses. Retire a tampa antes de reciclar. Ingredientes: Aqua, Sodium Laureth Sulfate, Hydrogenated Starch [&hellip;]<\/p>\n","protected":false},"featured_media":1503,"template":"","meta":[],"product_brand":[],"product_cat":[55,56],"product_tag":[],"class_list":{"0":"post-1502","1":"product","2":"type-product","3":"status-publish","4":"has-post-thumbnail","6":"product_cat-dph","7":"product_cat-higiene-e-beleza-geis-de-banho","8":"pa_marcas-radox","9":"pa_pais-reino-unido","11":"first","12":"instock","13":"taxable","14":"shipping-taxable","15":"product-type-simple"},"_links":{"self":[{"href":"https:\/\/bricer.pt\/index.php?rest_route=\/wp\/v2\/product\/1502","targetHints":{"allow":["GET"]}}],"collection":[{"href":"https:\/\/bricer.pt\/index.php?rest_route=\/wp\/v2\/product"}],"about":[{"href":"https:\/\/bricer.pt\/index.php?rest_route=\/wp\/v2\/types\/product"}],"wp:featuredmedia":[{"embeddable":true,"href":"https:\/\/bricer.pt\/index.php?rest_route=\/wp\/v2\/media\/1503"}],"wp:attachment":[{"href":"https:\/\/bricer.pt\/index.php?rest_route=%2Fwp%2Fv2%2Fmedia&parent=1502"}],"wp:term":[{"taxonomy":"product_brand","embeddable":true,"href":"https:\/\/bricer.pt\/index.php?rest_route=%2Fwp%2Fv2%2Fproduct_brand&post=1502"},{"taxonomy":"product_cat","embeddable":true,"href":"https:\/\/bricer.pt\/index.php?rest_route=%2Fwp%2Fv2%2Fproduct_cat&post=1502"},{"taxonomy":"product_tag","embeddable":true,"href":"https:\/\/bricer.pt\/index.php?rest_route=%2Fwp%2Fv2%2Fproduct_tag&post=1502"}],"curies":[{"name":"wp","href":"https:\/\/api.w.org\/{rel}","templated":true}]}}