{"id":1487,"date":"2023-03-06T11:18:11","date_gmt":"2023-03-06T11:18:11","guid":{"rendered":"https:\/\/bricer.pt\/produto\/quaker-cruesli-ll-natural-cx-375g\/"},"modified":"2023-04-17T07:59:56","modified_gmt":"2023-04-17T07:59:56","slug":"quaker-cruesli-ll-natural-cx-375g","status":"publish","type":"product","link":"https:\/\/bricer.pt\/?product=quaker-cruesli-ll-natural-cx-375g","title":{"rendered":"Quaker &#8220;Cruesli L&#038;L&#8221; Natural Cx. 375g"},"content":{"rendered":"<p><strong>Quaker &#8220;Cruesli L&amp;L&#8221; Natural Cx. 375g.<\/strong><\/p>\n<p>&nbsp;<\/p>\n<p><strong>Ingredientes<\/strong>: Farinha de AVEIA (47%), a\u00e7\u00facar, \u00f3leo de girassol, xarope de glicose, milho (5,7%), farinha de arroz (4,9%), farinha de TRIGO (4,4%), sal, mela\u00e7o, mel (0,5%), extracto de malte (de CEVADA), aroma de baunilha, antioxidante (tocoferol).<\/p>\n<p><strong>Alerg\u00e9nios<\/strong>: Ver MAI\u00daSCULAS. Este produto \u00e9 fabricado numa linha de produ\u00e7\u00e3o em que os diferentes tipos de nozes s\u00e3o processados.<\/p>\n<p><strong>Declara\u00e7\u00e3o Nutricional p\/100g:<\/strong> Energia 1938kJ\/462kcal; L\u00edpidos 17g (dos quais saturados 1,8g); Hidratos de Carbono 68g (dos quais a\u00e7\u00facares 21g); Fibra 4,9g; Prote\u00ednas 6,9g; Sal 0,65g.<\/p>\n","protected":false},"excerpt":{"rendered":"<p>Quaker &#8220;Cruesli L&amp;L&#8221; Natural Cx. 375g. &nbsp; Ingredientes: Farinha de AVEIA (47%), a\u00e7\u00facar, \u00f3leo de girassol, xarope de glicose, milho (5,7%), farinha de arroz (4,9%), farinha de TRIGO (4,4%), sal, mela\u00e7o, mel (0,5%), extracto de malte (de CEVADA), aroma de baunilha, antioxidante (tocoferol). Alerg\u00e9nios: Ver MAI\u00daSCULAS. Este produto \u00e9 fabricado numa linha de produ\u00e7\u00e3o em [&hellip;]<\/p>\n","protected":false},"featured_media":1488,"template":"","meta":[],"product_brand":[],"product_cat":[76,82],"product_tag":[],"class_list":{"0":"post-1487","1":"product","2":"type-product","3":"status-publish","4":"has-post-thumbnail","6":"product_cat-mercearia-doce","7":"product_cat-pequeno-almoco","8":"pa_marcas-quaker","9":"pa_pais-paises-baixos","11":"first","12":"instock","13":"taxable","14":"shipping-taxable","15":"product-type-simple"},"_links":{"self":[{"href":"https:\/\/bricer.pt\/index.php?rest_route=\/wp\/v2\/product\/1487","targetHints":{"allow":["GET"]}}],"collection":[{"href":"https:\/\/bricer.pt\/index.php?rest_route=\/wp\/v2\/product"}],"about":[{"href":"https:\/\/bricer.pt\/index.php?rest_route=\/wp\/v2\/types\/product"}],"wp:featuredmedia":[{"embeddable":true,"href":"https:\/\/bricer.pt\/index.php?rest_route=\/wp\/v2\/media\/1488"}],"wp:attachment":[{"href":"https:\/\/bricer.pt\/index.php?rest_route=%2Fwp%2Fv2%2Fmedia&parent=1487"}],"wp:term":[{"taxonomy":"product_brand","embeddable":true,"href":"https:\/\/bricer.pt\/index.php?rest_route=%2Fwp%2Fv2%2Fproduct_brand&post=1487"},{"taxonomy":"product_cat","embeddable":true,"href":"https:\/\/bricer.pt\/index.php?rest_route=%2Fwp%2Fv2%2Fproduct_cat&post=1487"},{"taxonomy":"product_tag","embeddable":true,"href":"https:\/\/bricer.pt\/index.php?rest_route=%2Fwp%2Fv2%2Fproduct_tag&post=1487"}],"curies":[{"name":"wp","href":"https:\/\/api.w.org\/{rel}","templated":true}]}}