{"id":1475,"date":"2023-03-06T11:18:11","date_gmt":"2023-03-06T11:18:11","guid":{"rendered":"https:\/\/bricer.pt\/produto\/pickwick-cha-de-morango-caixa-20-saquetas-20x1-5g\/"},"modified":"2024-02-05T12:16:09","modified_gmt":"2024-02-05T12:16:09","slug":"pickwick-cha-de-morango-caixa-20-saquetas-20x1-5g","status":"publish","type":"product","link":"https:\/\/bricer.pt\/?product=pickwick-cha-de-morango-caixa-20-saquetas-20x1-5g","title":{"rendered":"Pickwick Ch\u00e1 de Morango Caixa 20 Saquetas (20&#215;1.5g)"},"content":{"rendered":"<p><strong>Pickwick Ch\u00e1 de Morango Caixa 20 Saquetas (20&#215;1.5g).<\/strong><\/p>\n<p>&nbsp;<\/p>\n<p><strong>Ingredientes:<\/strong> Ch\u00e1, aroma natural, peda\u00e7os de morango (0,8%). 100% natural.<\/p>\n<p><strong>Informa\u00e7\u00f5es Nutricionais:<\/strong>\u00a0 N\u00e3o Dispon\u00edvel<\/p>\n","protected":false},"excerpt":{"rendered":"<p>Pickwick Ch\u00e1 de Morango Caixa 20 Saquetas (20&#215;1.5g). &nbsp; Ingredientes: Ch\u00e1, aroma natural, peda\u00e7os de morango (0,8%). 100% natural. Informa\u00e7\u00f5es Nutricionais:\u00a0 N\u00e3o Dispon\u00edvel<\/p>\n","protected":false},"featured_media":1476,"template":"","meta":[],"product_brand":[],"product_cat":[106],"product_tag":[],"class_list":{"0":"post-1475","1":"product","2":"type-product","3":"status-publish","4":"has-post-thumbnail","6":"product_cat-cafe-e-chas","7":"pa_marcas-pickwick","8":"pa_pais-paises-baixos","10":"first","11":"instock","12":"taxable","13":"shipping-taxable","14":"product-type-simple"},"_links":{"self":[{"href":"https:\/\/bricer.pt\/index.php?rest_route=\/wp\/v2\/product\/1475","targetHints":{"allow":["GET"]}}],"collection":[{"href":"https:\/\/bricer.pt\/index.php?rest_route=\/wp\/v2\/product"}],"about":[{"href":"https:\/\/bricer.pt\/index.php?rest_route=\/wp\/v2\/types\/product"}],"wp:featuredmedia":[{"embeddable":true,"href":"https:\/\/bricer.pt\/index.php?rest_route=\/wp\/v2\/media\/1476"}],"wp:attachment":[{"href":"https:\/\/bricer.pt\/index.php?rest_route=%2Fwp%2Fv2%2Fmedia&parent=1475"}],"wp:term":[{"taxonomy":"product_brand","embeddable":true,"href":"https:\/\/bricer.pt\/index.php?rest_route=%2Fwp%2Fv2%2Fproduct_brand&post=1475"},{"taxonomy":"product_cat","embeddable":true,"href":"https:\/\/bricer.pt\/index.php?rest_route=%2Fwp%2Fv2%2Fproduct_cat&post=1475"},{"taxonomy":"product_tag","embeddable":true,"href":"https:\/\/bricer.pt\/index.php?rest_route=%2Fwp%2Fv2%2Fproduct_tag&post=1475"}],"curies":[{"name":"wp","href":"https:\/\/api.w.org\/{rel}","templated":true}]}}