{"id":1465,"date":"2023-03-06T11:18:06","date_gmt":"2023-03-06T11:18:06","guid":{"rendered":"https:\/\/bricer.pt\/produto\/pg-tips-cha-pacote-c-40-piramides-cx-125g\/"},"modified":"2025-10-14T09:00:48","modified_gmt":"2025-10-14T09:00:48","slug":"pg-tips-cha-pacote-c-40-piramides-cx-125g","status":"publish","type":"product","link":"https:\/\/bricer.pt\/?product=pg-tips-cha-pacote-c-40-piramides-cx-125g","title":{"rendered":"PG Tips Ch\u00e1 Pacote c\/ 40 Pir\u00e2mides Cx. 125g"},"content":{"rendered":"<p><strong>PG Tips Ch\u00e1 Pacote c\/ 40 Pir\u00e2mides Cx. 125g.<\/strong><\/p>\n<p>&nbsp;<\/p>\n<p><strong>Ingredientes<\/strong>: Ch\u00e1 preto.<\/p>\n<p><strong>Declara\u00e7\u00e3o Nutricional p\/100ml:<\/strong> Energia &lt;17kJ\/&lt;4kcal; L\u00edpidos &lt;0,5g (dos quais saturados &lt;0,1g); Hidratos de Carbono &lt;0,5g (dos quais a\u00e7\u00facares &lt;0,5g); Prote\u00ednas &lt;0,5g; Sal &lt;0,01g.<\/p>\n","protected":false},"excerpt":{"rendered":"<p>PG Tips Ch\u00e1 Pacote c\/ 40 Pir\u00e2mides Cx. 125g. &nbsp; Ingredientes: Ch\u00e1 preto. Declara\u00e7\u00e3o Nutricional p\/100ml: Energia &lt;17kJ\/&lt;4kcal; L\u00edpidos &lt;0,5g (dos quais saturados &lt;0,1g); Hidratos de Carbono &lt;0,5g (dos quais a\u00e7\u00facares &lt;0,5g); Prote\u00ednas &lt;0,5g; Sal &lt;0,01g.<\/p>\n","protected":false},"featured_media":1466,"template":"","meta":[],"product_brand":[],"product_cat":[106],"product_tag":[],"class_list":{"0":"post-1465","1":"product","2":"type-product","3":"status-publish","4":"has-post-thumbnail","6":"product_cat-cafe-e-chas","7":"pa_marcas-pg-tips","8":"pa_pais-reino-unido","10":"first","11":"outofstock","12":"taxable","13":"shipping-taxable","14":"product-type-simple"},"_links":{"self":[{"href":"https:\/\/bricer.pt\/index.php?rest_route=\/wp\/v2\/product\/1465","targetHints":{"allow":["GET"]}}],"collection":[{"href":"https:\/\/bricer.pt\/index.php?rest_route=\/wp\/v2\/product"}],"about":[{"href":"https:\/\/bricer.pt\/index.php?rest_route=\/wp\/v2\/types\/product"}],"wp:featuredmedia":[{"embeddable":true,"href":"https:\/\/bricer.pt\/index.php?rest_route=\/wp\/v2\/media\/1466"}],"wp:attachment":[{"href":"https:\/\/bricer.pt\/index.php?rest_route=%2Fwp%2Fv2%2Fmedia&parent=1465"}],"wp:term":[{"taxonomy":"product_brand","embeddable":true,"href":"https:\/\/bricer.pt\/index.php?rest_route=%2Fwp%2Fv2%2Fproduct_brand&post=1465"},{"taxonomy":"product_cat","embeddable":true,"href":"https:\/\/bricer.pt\/index.php?rest_route=%2Fwp%2Fv2%2Fproduct_cat&post=1465"},{"taxonomy":"product_tag","embeddable":true,"href":"https:\/\/bricer.pt\/index.php?rest_route=%2Fwp%2Fv2%2Fproduct_tag&post=1465"}],"curies":[{"name":"wp","href":"https:\/\/api.w.org\/{rel}","templated":true}]}}