{"id":1452,"date":"2023-03-06T11:18:06","date_gmt":"2023-03-06T11:18:06","guid":{"rendered":"https:\/\/bricer.pt\/produto\/pataks-pickle-manga-hot-frasco-283g\/"},"modified":"2025-11-20T11:56:53","modified_gmt":"2025-11-20T11:56:53","slug":"pataks-pickle-manga-hot-frasco-283g","status":"publish","type":"product","link":"https:\/\/bricer.pt\/?product=pataks-pickle-manga-hot-frasco-283g","title":{"rendered":"Patak&#8217;s Pickle Manga &#8220;Hot&#8221; Frasco 283g"},"content":{"rendered":"<p><strong>Patak&#8217;s Pickle Manga &#8220;Hot&#8221;<\/strong> Frasco 283g.<\/p>\n<p>&nbsp;<\/p>\n<p><strong>Ingredientes<\/strong>: Manga (57%), \u00f3leo de colza, sal, especiarias mo\u00eddas (7 %) (paprica, chili (2,5%), especiarias), acidificante: \u00e1cido ac\u00e9tico; sementes de MOSTARDA trituradas, sementes de feno-grego trituradas, MOSTARDA em p\u00f3.<\/p>\n<p><strong>Alerg\u00e9nios<\/strong>: Ver MAI\u00daSCULAS. Pode conter vest\u00edgios de amendoins e de frutos de casca rija.<\/p>\n<p><strong>Declara\u00e7\u00e3o Nutricional p\/100g:<\/strong> Energia 1067kJ\/258kcal; L\u00edpidos 22,0g (dos quais saturados 1,6g); Hidratos de Carbono 7,4g (dos quais a\u00e7\u00facares 3,5g); Prote\u00ednas 2,8g; Sal 8,2g.<\/p>\n","protected":false},"excerpt":{"rendered":"<p>Patak&#8217;s Pickle Manga &#8220;Hot&#8221; Frasco 283g. &nbsp; Ingredientes: Manga (57%), \u00f3leo de colza, sal, especiarias mo\u00eddas (7 %) (paprica, chili (2,5%), especiarias), acidificante: \u00e1cido ac\u00e9tico; sementes de MOSTARDA trituradas, sementes de feno-grego trituradas, MOSTARDA em p\u00f3. Alerg\u00e9nios: Ver MAI\u00daSCULAS. Pode conter vest\u00edgios de amendoins e de frutos de casca rija. Declara\u00e7\u00e3o Nutricional p\/100g: Energia 1067kJ\/258kcal; [&hellip;]<\/p>\n","protected":false},"featured_media":1453,"template":"","meta":[],"product_brand":[],"product_cat":[238,239,240,24],"product_tag":[],"class_list":{"0":"post-1452","1":"product","2":"type-product","3":"status-publish","4":"has-post-thumbnail","6":"product_cat-mercearia-indiana","7":"product_cat-molhos-e-chutneysmercearia-salgada","8":"product_cat-pickles-molhos-e-chutneysmercearia-salgada","9":"product_cat-sabores-do-mundo","10":"pa_marcas-pataks","11":"pa_pais-india","13":"first","14":"outofstock","15":"taxable","16":"shipping-taxable","17":"product-type-simple"},"_links":{"self":[{"href":"https:\/\/bricer.pt\/index.php?rest_route=\/wp\/v2\/product\/1452","targetHints":{"allow":["GET"]}}],"collection":[{"href":"https:\/\/bricer.pt\/index.php?rest_route=\/wp\/v2\/product"}],"about":[{"href":"https:\/\/bricer.pt\/index.php?rest_route=\/wp\/v2\/types\/product"}],"wp:featuredmedia":[{"embeddable":true,"href":"https:\/\/bricer.pt\/index.php?rest_route=\/wp\/v2\/media\/1453"}],"wp:attachment":[{"href":"https:\/\/bricer.pt\/index.php?rest_route=%2Fwp%2Fv2%2Fmedia&parent=1452"}],"wp:term":[{"taxonomy":"product_brand","embeddable":true,"href":"https:\/\/bricer.pt\/index.php?rest_route=%2Fwp%2Fv2%2Fproduct_brand&post=1452"},{"taxonomy":"product_cat","embeddable":true,"href":"https:\/\/bricer.pt\/index.php?rest_route=%2Fwp%2Fv2%2Fproduct_cat&post=1452"},{"taxonomy":"product_tag","embeddable":true,"href":"https:\/\/bricer.pt\/index.php?rest_route=%2Fwp%2Fv2%2Fproduct_tag&post=1452"}],"curies":[{"name":"wp","href":"https:\/\/api.w.org\/{rel}","templated":true}]}}