{"id":1450,"date":"2023-03-06T11:18:06","date_gmt":"2023-03-06T11:18:06","guid":{"rendered":"https:\/\/bricer.pt\/produto\/pataks-pickle-de-lima-medium-frasco-283g\/"},"modified":"2024-01-19T16:29:41","modified_gmt":"2024-01-19T16:29:41","slug":"pataks-pickle-de-lima-medium-frasco-283g","status":"publish","type":"product","link":"https:\/\/bricer.pt\/?product=pataks-pickle-de-lima-medium-frasco-283g","title":{"rendered":"Patak&#8217;s Pickle de Lima &#8220;Medium&#8221; Frasco 283g"},"content":{"rendered":"<p><strong>Patak&#8217;s Pickle de Lima &#8220;Medium&#8221;<\/strong> Frasco 283g.<\/p>\n<p>&nbsp;<\/p>\n<p><strong>Ingredientes<\/strong>: : Lima (73%), \u00f3leo de colza, sal, especiarias mo\u00eddas (2,5%) (especiarias, MOSTARDA, assa-f\u00e9tida), acidificante (\u00e1cido ac\u00e9tico) sementes de MOSTARDA trituradas, sementes de funcho trituradas, sementes pretas de kalonji.<\/p>\n<p><strong>Alerg\u00e9nios<\/strong>: Ver MAI\u00daSCULAS. Pode conter vest\u00edgios de amendoins e de frutos de casca rija.<\/p>\n<p><strong>Declara\u00e7\u00e3o Nutricional p\/100g:<\/strong> Energia 546kJ\/132kcal; L\u00edpidos 9,6g (dos quais \u00e1cidos gordos saturados 1,0g); Hidratos de Carbono 7,4g (dos quais a\u00e7\u00facares 2,0g); Prote\u00ednas 1,6g; Sal 9,6g.<\/p>\n","protected":false},"excerpt":{"rendered":"<p>Patak&#8217;s Pickle de Lima &#8220;Medium&#8221; Frasco 283g. &nbsp; Ingredientes: : Lima (73%), \u00f3leo de colza, sal, especiarias mo\u00eddas (2,5%) (especiarias, MOSTARDA, assa-f\u00e9tida), acidificante (\u00e1cido ac\u00e9tico) sementes de MOSTARDA trituradas, sementes de funcho trituradas, sementes pretas de kalonji. Alerg\u00e9nios: Ver MAI\u00daSCULAS. Pode conter vest\u00edgios de amendoins e de frutos de casca rija. Declara\u00e7\u00e3o Nutricional p\/100g: Energia [&hellip;]<\/p>\n","protected":false},"featured_media":1451,"template":"","meta":[],"product_brand":[],"product_cat":[238,239,240,24],"product_tag":[],"class_list":{"0":"post-1450","1":"product","2":"type-product","3":"status-publish","4":"has-post-thumbnail","6":"product_cat-mercearia-indiana","7":"product_cat-molhos-e-chutneysmercearia-salgada","8":"product_cat-pickles-molhos-e-chutneysmercearia-salgada","9":"product_cat-sabores-do-mundo","10":"pa_marcas-pataks","11":"pa_pais-india","13":"first","14":"instock","15":"taxable","16":"shipping-taxable","17":"product-type-simple"},"_links":{"self":[{"href":"https:\/\/bricer.pt\/index.php?rest_route=\/wp\/v2\/product\/1450","targetHints":{"allow":["GET"]}}],"collection":[{"href":"https:\/\/bricer.pt\/index.php?rest_route=\/wp\/v2\/product"}],"about":[{"href":"https:\/\/bricer.pt\/index.php?rest_route=\/wp\/v2\/types\/product"}],"wp:featuredmedia":[{"embeddable":true,"href":"https:\/\/bricer.pt\/index.php?rest_route=\/wp\/v2\/media\/1451"}],"wp:attachment":[{"href":"https:\/\/bricer.pt\/index.php?rest_route=%2Fwp%2Fv2%2Fmedia&parent=1450"}],"wp:term":[{"taxonomy":"product_brand","embeddable":true,"href":"https:\/\/bricer.pt\/index.php?rest_route=%2Fwp%2Fv2%2Fproduct_brand&post=1450"},{"taxonomy":"product_cat","embeddable":true,"href":"https:\/\/bricer.pt\/index.php?rest_route=%2Fwp%2Fv2%2Fproduct_cat&post=1450"},{"taxonomy":"product_tag","embeddable":true,"href":"https:\/\/bricer.pt\/index.php?rest_route=%2Fwp%2Fv2%2Fproduct_tag&post=1450"}],"curies":[{"name":"wp","href":"https:\/\/api.w.org\/{rel}","templated":true}]}}