{"id":1448,"date":"2023-03-06T11:18:06","date_gmt":"2023-03-06T11:18:06","guid":{"rendered":"https:\/\/bricer.pt\/produto\/pataks-pickle-de-lima-hot-frasco-283g\/"},"modified":"2025-11-20T11:56:04","modified_gmt":"2025-11-20T11:56:04","slug":"pataks-pickle-de-lima-hot-frasco-283g","status":"publish","type":"product","link":"https:\/\/bricer.pt\/?product=pataks-pickle-de-lima-hot-frasco-283g","title":{"rendered":"Patak&#8217;s Pickle de Lima &#8220;Hot&#8221; Frasco 283g"},"content":{"rendered":"<p><strong>Patak&#8217;s Pickle de Lima &#8220;Hot&#8221;<\/strong> Frasco 283g.<\/p>\n<p>&nbsp;<\/p>\n<p><strong>Ingredientes<\/strong>: Lima (61%), \u00f3leo de colza, sal, especiarias mo\u00eddas (6%) (MOSTARDA, chili (2%), especiarias), acidificante (\u00e1cido ac\u00e9tico) sementes de MOSTARDA trituradas, sementes de feno-grego trituradas.<\/p>\n<p><strong>Alerg\u00e9nios<\/strong>: Ver MAI\u00daSCULAS. Pode conter vest\u00edgios de amendoins e de frutos de casca rija.<\/p>\n<p><strong>Declara\u00e7\u00e3o Nutricional p\/100g:<\/strong> Energia 859kJ\/208kcal; L\u00edpidos 18,5g (dos quais \u00e1cidos gordos saturados 1,4g); Hidratos de Carbono 3,2g (dos quais a\u00e7\u00facares 2,3g); Prote\u00ednas 2,8g; Sal 8,4g.<\/p>\n","protected":false},"excerpt":{"rendered":"<p>Patak&#8217;s Pickle de Lima &#8220;Hot&#8221; Frasco 283g. &nbsp; Ingredientes: Lima (61%), \u00f3leo de colza, sal, especiarias mo\u00eddas (6%) (MOSTARDA, chili (2%), especiarias), acidificante (\u00e1cido ac\u00e9tico) sementes de MOSTARDA trituradas, sementes de feno-grego trituradas. Alerg\u00e9nios: Ver MAI\u00daSCULAS. Pode conter vest\u00edgios de amendoins e de frutos de casca rija. Declara\u00e7\u00e3o Nutricional p\/100g: Energia 859kJ\/208kcal; L\u00edpidos 18,5g (dos [&hellip;]<\/p>\n","protected":false},"featured_media":1449,"template":"","meta":[],"product_brand":[],"product_cat":[238,239,240,24],"product_tag":[],"class_list":{"0":"post-1448","1":"product","2":"type-product","3":"status-publish","4":"has-post-thumbnail","6":"product_cat-mercearia-indiana","7":"product_cat-molhos-e-chutneysmercearia-salgada","8":"product_cat-pickles-molhos-e-chutneysmercearia-salgada","9":"product_cat-sabores-do-mundo","10":"pa_marcas-pataks","11":"pa_pais-india","13":"first","14":"outofstock","15":"taxable","16":"shipping-taxable","17":"product-type-simple"},"_links":{"self":[{"href":"https:\/\/bricer.pt\/index.php?rest_route=\/wp\/v2\/product\/1448","targetHints":{"allow":["GET"]}}],"collection":[{"href":"https:\/\/bricer.pt\/index.php?rest_route=\/wp\/v2\/product"}],"about":[{"href":"https:\/\/bricer.pt\/index.php?rest_route=\/wp\/v2\/types\/product"}],"wp:featuredmedia":[{"embeddable":true,"href":"https:\/\/bricer.pt\/index.php?rest_route=\/wp\/v2\/media\/1449"}],"wp:attachment":[{"href":"https:\/\/bricer.pt\/index.php?rest_route=%2Fwp%2Fv2%2Fmedia&parent=1448"}],"wp:term":[{"taxonomy":"product_brand","embeddable":true,"href":"https:\/\/bricer.pt\/index.php?rest_route=%2Fwp%2Fv2%2Fproduct_brand&post=1448"},{"taxonomy":"product_cat","embeddable":true,"href":"https:\/\/bricer.pt\/index.php?rest_route=%2Fwp%2Fv2%2Fproduct_cat&post=1448"},{"taxonomy":"product_tag","embeddable":true,"href":"https:\/\/bricer.pt\/index.php?rest_route=%2Fwp%2Fv2%2Fproduct_tag&post=1448"}],"curies":[{"name":"wp","href":"https:\/\/api.w.org\/{rel}","templated":true}]}}