{"id":1446,"date":"2023-03-06T11:18:06","date_gmt":"2023-03-06T11:18:06","guid":{"rendered":"https:\/\/bricer.pt\/produto\/pataks-pickle-de-chilli-hot-frasco-283g\/"},"modified":"2025-11-20T11:57:14","modified_gmt":"2025-11-20T11:57:14","slug":"pataks-pickle-de-chilli-hot-frasco-283g","status":"publish","type":"product","link":"https:\/\/bricer.pt\/?product=pataks-pickle-de-chilli-hot-frasco-283g","title":{"rendered":"Patak&#8217;s Pickle de Chilli &#8220;Hot &#8221; Frasco 283g"},"content":{"rendered":"<p><strong>Patak&#8217;s Pickle de Chilli &#8220;Hot &#8220;<\/strong> Frasco 283g.<\/p>\n<p>&nbsp;<\/p>\n<p><strong>Ingredientes<\/strong>: chilis verdes (42%), \u00f3leo de colza, gr\u00e3os de MOSTARDA esmagados (7%), pasta de gengibre (5%), sementes de feno-grego esmagados (2%), acidificante (\u00e1cido ac\u00e9tico), curcuma em p\u00f3.<\/p>\n<p><strong>Alerg\u00e9nios<\/strong>: Ver MAI\u00daSCULAS. Pode conter vest\u00edgios amendoins e frutos de casca rija.<\/p>\n<p><strong>Declara\u00e7\u00e3o Nutricional p\/100g:<\/strong> Energia 1360kJ\/330kcal; L\u00edpidos 32,1g (dos quais saturados 2,1g); Hidratos de Carbono 1,4g (dos quais a\u00e7\u00facares 0,5g); Prote\u00ednas 4,2g; Sal 7,7g.<\/p>\n","protected":false},"excerpt":{"rendered":"<p>Patak&#8217;s Pickle de Chilli &#8220;Hot &#8220; Frasco 283g. &nbsp; Ingredientes: chilis verdes (42%), \u00f3leo de colza, gr\u00e3os de MOSTARDA esmagados (7%), pasta de gengibre (5%), sementes de feno-grego esmagados (2%), acidificante (\u00e1cido ac\u00e9tico), curcuma em p\u00f3. Alerg\u00e9nios: Ver MAI\u00daSCULAS. Pode conter vest\u00edgios amendoins e frutos de casca rija. Declara\u00e7\u00e3o Nutricional p\/100g: Energia 1360kJ\/330kcal; L\u00edpidos 32,1g [&hellip;]<\/p>\n","protected":false},"featured_media":1447,"template":"","meta":[],"product_brand":[],"product_cat":[36,204],"product_tag":[],"class_list":{"0":"post-1446","1":"product","2":"type-product","3":"status-publish","4":"has-post-thumbnail","6":"product_cat-mercearia-salgada","7":"product_cat-pickles","8":"pa_marcas-pataks","9":"pa_pais-india","11":"first","12":"outofstock","13":"taxable","14":"shipping-taxable","15":"product-type-simple"},"_links":{"self":[{"href":"https:\/\/bricer.pt\/index.php?rest_route=\/wp\/v2\/product\/1446","targetHints":{"allow":["GET"]}}],"collection":[{"href":"https:\/\/bricer.pt\/index.php?rest_route=\/wp\/v2\/product"}],"about":[{"href":"https:\/\/bricer.pt\/index.php?rest_route=\/wp\/v2\/types\/product"}],"wp:featuredmedia":[{"embeddable":true,"href":"https:\/\/bricer.pt\/index.php?rest_route=\/wp\/v2\/media\/1447"}],"wp:attachment":[{"href":"https:\/\/bricer.pt\/index.php?rest_route=%2Fwp%2Fv2%2Fmedia&parent=1446"}],"wp:term":[{"taxonomy":"product_brand","embeddable":true,"href":"https:\/\/bricer.pt\/index.php?rest_route=%2Fwp%2Fv2%2Fproduct_brand&post=1446"},{"taxonomy":"product_cat","embeddable":true,"href":"https:\/\/bricer.pt\/index.php?rest_route=%2Fwp%2Fv2%2Fproduct_cat&post=1446"},{"taxonomy":"product_tag","embeddable":true,"href":"https:\/\/bricer.pt\/index.php?rest_route=%2Fwp%2Fv2%2Fproduct_tag&post=1446"}],"curies":[{"name":"wp","href":"https:\/\/api.w.org\/{rel}","templated":true}]}}