{"id":1444,"date":"2023-03-06T11:18:06","date_gmt":"2023-03-06T11:18:06","guid":{"rendered":"https:\/\/bricer.pt\/produto\/pataks-pickle-de-alho-medium-frasco-300g\/"},"modified":"2025-11-20T11:55:42","modified_gmt":"2025-11-20T11:55:42","slug":"pataks-pickle-de-alho-medium-frasco-300g","status":"publish","type":"product","link":"https:\/\/bricer.pt\/?product=pataks-pickle-de-alho-medium-frasco-300g","title":{"rendered":"Patak&#8217;s Pickle de Alho &#8220;Medium&#8221; Frasco 300g"},"content":{"rendered":"<p><strong>Patak&#8217;s Pickle de Alho &#8220;Medium&#8221;<\/strong> Frasco 300g.<\/p>\n<p>&nbsp;<\/p>\n<p><strong>Ingredientes<\/strong>: \u00e1gua, dentes de alhos (20%), \u00f3leo de colza, a\u00e7\u00facar, especiarias mo\u00eddas (6%) (cominho, curcuma, especiarias), sal, passas sultanas (3,5%), t\u00e2maras, cebola seca, pasta de alho (1,5%), acidificantes: \u00e1cido ac\u00e9tico, \u00e1cido l\u00e1ctico), MOSTARDA em p\u00f3, piment\u00f5es verdes (1%), pasta de gengibre.<\/p>\n<p><strong>Alerg\u00e9nios<\/strong>: Ver MAI\u00daSCULAS. Pode conter vest\u00edgios de amendoins e de frutos de casca rija.<\/p>\n<p><strong>Declara\u00e7\u00e3o Nutricional p\/ 100g:<\/strong> Energia 1343kJ\/323kcal; L\u00edpidos 21,5g (dos quais saturados 1,5g); Hidratos de Carbono 23,1g (dos quais a\u00e7\u00facares 16,2g); Prote\u00ednas 4,1g; Sal 5,1g.<\/p>\n","protected":false},"excerpt":{"rendered":"<p>Patak&#8217;s Pickle de Alho &#8220;Medium&#8221; Frasco 300g. &nbsp; Ingredientes: \u00e1gua, dentes de alhos (20%), \u00f3leo de colza, a\u00e7\u00facar, especiarias mo\u00eddas (6%) (cominho, curcuma, especiarias), sal, passas sultanas (3,5%), t\u00e2maras, cebola seca, pasta de alho (1,5%), acidificantes: \u00e1cido ac\u00e9tico, \u00e1cido l\u00e1ctico), MOSTARDA em p\u00f3, piment\u00f5es verdes (1%), pasta de gengibre. Alerg\u00e9nios: Ver MAI\u00daSCULAS. Pode conter vest\u00edgios [&hellip;]<\/p>\n","protected":false},"featured_media":1445,"template":"","meta":[],"product_brand":[],"product_cat":[241,242,24],"product_tag":[],"class_list":{"0":"post-1444","1":"product","2":"type-product","3":"status-publish","4":"has-post-thumbnail","6":"product_cat-mercearia-indianamercearia-salgada","7":"product_cat-pickles-mercearia-indianamercearia-salgada","8":"product_cat-sabores-do-mundo","9":"pa_marcas-pataks","10":"pa_pais-india","12":"first","13":"outofstock","14":"taxable","15":"shipping-taxable","16":"product-type-simple"},"_links":{"self":[{"href":"https:\/\/bricer.pt\/index.php?rest_route=\/wp\/v2\/product\/1444","targetHints":{"allow":["GET"]}}],"collection":[{"href":"https:\/\/bricer.pt\/index.php?rest_route=\/wp\/v2\/product"}],"about":[{"href":"https:\/\/bricer.pt\/index.php?rest_route=\/wp\/v2\/types\/product"}],"wp:featuredmedia":[{"embeddable":true,"href":"https:\/\/bricer.pt\/index.php?rest_route=\/wp\/v2\/media\/1445"}],"wp:attachment":[{"href":"https:\/\/bricer.pt\/index.php?rest_route=%2Fwp%2Fv2%2Fmedia&parent=1444"}],"wp:term":[{"taxonomy":"product_brand","embeddable":true,"href":"https:\/\/bricer.pt\/index.php?rest_route=%2Fwp%2Fv2%2Fproduct_brand&post=1444"},{"taxonomy":"product_cat","embeddable":true,"href":"https:\/\/bricer.pt\/index.php?rest_route=%2Fwp%2Fv2%2Fproduct_cat&post=1444"},{"taxonomy":"product_tag","embeddable":true,"href":"https:\/\/bricer.pt\/index.php?rest_route=%2Fwp%2Fv2%2Fproduct_tag&post=1444"}],"curies":[{"name":"wp","href":"https:\/\/api.w.org\/{rel}","templated":true}]}}