{"id":1442,"date":"2023-03-06T11:18:06","date_gmt":"2023-03-06T11:18:06","guid":{"rendered":"https:\/\/bricer.pt\/produto\/pataks-pickle-brinjal-medium-frasco-312g\/"},"modified":"2025-11-20T11:55:35","modified_gmt":"2025-11-20T11:55:35","slug":"pataks-pickle-brinjal-medium-frasco-312g","status":"publish","type":"product","link":"https:\/\/bricer.pt\/?product=pataks-pickle-brinjal-medium-frasco-312g","title":{"rendered":"Patak&#8217;s Pickle Brinjal &#8220;Medium&#8221; Frasco 312g"},"content":{"rendered":"<p><strong>Patak&#8217;s Pickle Brinjal &#8220;Medium&#8221;<\/strong> Frasco 312g.<\/p>\n<p>&nbsp;<\/p>\n<p><strong>Ingredientes<\/strong>: a\u00e7\u00facar, \u00f3leo de colza, beringela (17%), \u00e1gua, especiarias mo\u00eddas (4,5%) (paprica, especiarias, coentros) , sal, piment\u00f5es verdes (4%), sementes de MOSTARDA trituradas, sementes de coentros trituradas, sementes de feno-grego trituradas, sementes de pasta de alho, acidificante: \u00e1cido ac\u00e9tico; MOSTARDA em p\u00f3.<\/p>\n<p><strong>Alerg\u00e9nios<\/strong>: Ver MAI\u00daSCULAS. Pode conter vest\u00edgios de Amendoins e de Frutos secos.<\/p>\n<p><strong>Declara\u00e7\u00e3o Nutricional p\/100g:<\/strong> Energia 1588kJ\/381kcal; L\u00edpidos 24,8g (das quais \u00e1cidos gordos saturadas 1,7g); Hidratos de Carbono 34,5g (dos quais a\u00e7\u00facares 33,4g); Prote\u00edna 2,1g; Sal 4,0g.<\/p>\n","protected":false},"excerpt":{"rendered":"<p>Patak&#8217;s Pickle Brinjal &#8220;Medium&#8221; Frasco 312g. &nbsp; Ingredientes: a\u00e7\u00facar, \u00f3leo de colza, beringela (17%), \u00e1gua, especiarias mo\u00eddas (4,5%) (paprica, especiarias, coentros) , sal, piment\u00f5es verdes (4%), sementes de MOSTARDA trituradas, sementes de coentros trituradas, sementes de feno-grego trituradas, sementes de pasta de alho, acidificante: \u00e1cido ac\u00e9tico; MOSTARDA em p\u00f3. Alerg\u00e9nios: Ver MAI\u00daSCULAS. Pode conter vest\u00edgios [&hellip;]<\/p>\n","protected":false},"featured_media":1443,"template":"","meta":[],"product_brand":[],"product_cat":[238,239,240,24],"product_tag":[],"class_list":{"0":"post-1442","1":"product","2":"type-product","3":"status-publish","4":"has-post-thumbnail","6":"product_cat-mercearia-indiana","7":"product_cat-molhos-e-chutneysmercearia-salgada","8":"product_cat-pickles-molhos-e-chutneysmercearia-salgada","9":"product_cat-sabores-do-mundo","10":"pa_marcas-pataks","11":"pa_pais-india","13":"first","14":"instock","15":"taxable","16":"shipping-taxable","17":"product-type-simple"},"_links":{"self":[{"href":"https:\/\/bricer.pt\/index.php?rest_route=\/wp\/v2\/product\/1442","targetHints":{"allow":["GET"]}}],"collection":[{"href":"https:\/\/bricer.pt\/index.php?rest_route=\/wp\/v2\/product"}],"about":[{"href":"https:\/\/bricer.pt\/index.php?rest_route=\/wp\/v2\/types\/product"}],"wp:featuredmedia":[{"embeddable":true,"href":"https:\/\/bricer.pt\/index.php?rest_route=\/wp\/v2\/media\/1443"}],"wp:attachment":[{"href":"https:\/\/bricer.pt\/index.php?rest_route=%2Fwp%2Fv2%2Fmedia&parent=1442"}],"wp:term":[{"taxonomy":"product_brand","embeddable":true,"href":"https:\/\/bricer.pt\/index.php?rest_route=%2Fwp%2Fv2%2Fproduct_brand&post=1442"},{"taxonomy":"product_cat","embeddable":true,"href":"https:\/\/bricer.pt\/index.php?rest_route=%2Fwp%2Fv2%2Fproduct_cat&post=1442"},{"taxonomy":"product_tag","embeddable":true,"href":"https:\/\/bricer.pt\/index.php?rest_route=%2Fwp%2Fv2%2Fproduct_tag&post=1442"}],"curies":[{"name":"wp","href":"https:\/\/api.w.org\/{rel}","templated":true}]}}