{"id":1438,"date":"2023-03-06T11:16:54","date_gmt":"2023-03-06T11:16:54","guid":{"rendered":"https:\/\/bricer.pt\/produto\/pataks-pasta-tikka-masala-medium-frasco-283g\/"},"modified":"2025-11-20T11:54:50","modified_gmt":"2025-11-20T11:54:50","slug":"pataks-pasta-tikka-masala-medium-frasco-283g","status":"publish","type":"product","link":"https:\/\/bricer.pt\/?product=pataks-pasta-tikka-masala-medium-frasco-283g","title":{"rendered":"Patak&#8217;s Pasta Tikka Masala &#8220;Medium&#8221; Frasco 283g"},"content":{"rendered":"<p><strong>Patak&#8217;s Pasta Tikka Masala &#8220;Medium&#8221; Frasco 283g.<\/strong><\/p>\n<p>&nbsp;<\/p>\n<p><strong>Ingredientes<\/strong>: \u00c1gua, especiarias mo\u00eddas (20%) (curcuma, paprica, cominhos, coentros, especiarias, gengibre), \u00f3leo de colza, sal, farinha de milho, acidificante (\u00e1cido ac\u00e9tico, \u00e1cido c\u00edtrico), tamarindo, alho em p\u00f3, folhas secas de feno-grego, sementes de cominho, extrato de paprica, folhas secas de coentro, MOSTARDA em p\u00f3.<\/p>\n<p><strong>Alerg\u00e9nios<\/strong>: Ver MAI\u00daSCULAS. Pode conter vest\u00edgios de frutos de casca rija e amendoins.<\/p>\n<p><strong>Declara\u00e7\u00e3o Nutricional p\/100g:<\/strong> Energia 1117kJ\/270kcal; L\u00edpidos 22,9g (dos quais saturados 1,7g); Hidratos de Carbono 7,8g (dos quais a\u00e7\u00facares 0,8g); Prote\u00ednas 3,0g; Sal 4,7g.<\/p>\n","protected":false},"excerpt":{"rendered":"<p>Patak&#8217;s Pasta Tikka Masala &#8220;Medium&#8221; Frasco 283g. &nbsp; Ingredientes: \u00c1gua, especiarias mo\u00eddas (20%) (curcuma, paprica, cominhos, coentros, especiarias, gengibre), \u00f3leo de colza, sal, farinha de milho, acidificante (\u00e1cido ac\u00e9tico, \u00e1cido c\u00edtrico), tamarindo, alho em p\u00f3, folhas secas de feno-grego, sementes de cominho, extrato de paprica, folhas secas de coentro, MOSTARDA em p\u00f3. Alerg\u00e9nios: Ver MAI\u00daSCULAS. [&hellip;]<\/p>\n","protected":false},"featured_media":1439,"template":"","meta":[],"product_brand":[],"product_cat":[36,114],"product_tag":[],"class_list":{"0":"post-1438","1":"product","2":"type-product","3":"status-publish","4":"has-post-thumbnail","6":"product_cat-mercearia-salgada","7":"product_cat-pastas-mercearia-salgada","8":"pa_marcas-pataks","9":"pa_pais-india","11":"first","12":"outofstock","13":"taxable","14":"shipping-taxable","15":"product-type-simple"},"_links":{"self":[{"href":"https:\/\/bricer.pt\/index.php?rest_route=\/wp\/v2\/product\/1438","targetHints":{"allow":["GET"]}}],"collection":[{"href":"https:\/\/bricer.pt\/index.php?rest_route=\/wp\/v2\/product"}],"about":[{"href":"https:\/\/bricer.pt\/index.php?rest_route=\/wp\/v2\/types\/product"}],"wp:featuredmedia":[{"embeddable":true,"href":"https:\/\/bricer.pt\/index.php?rest_route=\/wp\/v2\/media\/1439"}],"wp:attachment":[{"href":"https:\/\/bricer.pt\/index.php?rest_route=%2Fwp%2Fv2%2Fmedia&parent=1438"}],"wp:term":[{"taxonomy":"product_brand","embeddable":true,"href":"https:\/\/bricer.pt\/index.php?rest_route=%2Fwp%2Fv2%2Fproduct_brand&post=1438"},{"taxonomy":"product_cat","embeddable":true,"href":"https:\/\/bricer.pt\/index.php?rest_route=%2Fwp%2Fv2%2Fproduct_cat&post=1438"},{"taxonomy":"product_tag","embeddable":true,"href":"https:\/\/bricer.pt\/index.php?rest_route=%2Fwp%2Fv2%2Fproduct_tag&post=1438"}],"curies":[{"name":"wp","href":"https:\/\/api.w.org\/{rel}","templated":true}]}}