{"id":1437,"date":"2023-03-06T11:16:54","date_gmt":"2023-03-06T11:16:54","guid":{"rendered":"https:\/\/bricer.pt\/produto\/pataks-pasta-tikka-mild-frasco-300g\/"},"modified":"2025-11-20T11:54:44","modified_gmt":"2025-11-20T11:54:44","slug":"pataks-pasta-tikka-mild-frasco-300g","status":"publish","type":"product","link":"https:\/\/bricer.pt\/?product=pataks-pasta-tikka-mild-frasco-300g","title":{"rendered":"Patak&#8217;s Pasta Tikka &#8220;Mild&#8221; Frasco 300g"},"content":{"rendered":"<p><strong>Patak&#8217;s Pasta Tikka &#8220;Mild&#8221;<\/strong> Frasco 300g.<\/p>\n<p>&nbsp;<\/p>\n<p><strong>Ingredientes<\/strong>: \u00c1gua, especiarias em p\u00f3 (22%) (paprica, coentros, cominhos gengibre, pimenta), \u00f3leo colza, acidificantes (\u00e1cido ac\u00e9tico, \u00e1cido c\u00edtrico, \u00e1cido l\u00e1ctico), sal, tamarindo, amido de milho modificado.<\/p>\n<p><strong>Alerg\u00e9nios<\/strong>: Ver MAI\u00daSCULAS. Pode conter vest\u00edgios de mostarda, amendoins e de frutos de casca rija.<\/p>\n<p><strong>Declara\u00e7\u00e3o Nutricional p\/ 100g:<\/strong> Energia 574kJ\/138kcal; L\u00edpidos 8,1g (dos quais saturados 0,7g); Hidratos de Carbono 5,6g (dos quais a\u00e7\u00facares 3,8g); Fibra 3,9g; Prote\u00ednas 3,9g; Sal 3,5g.<\/p>\n","protected":false},"excerpt":{"rendered":"<p>Patak&#8217;s Pasta Tikka &#8220;Mild&#8221; Frasco 300g. &nbsp; Ingredientes: \u00c1gua, especiarias em p\u00f3 (22%) (paprica, coentros, cominhos gengibre, pimenta), \u00f3leo colza, acidificantes (\u00e1cido ac\u00e9tico, \u00e1cido c\u00edtrico, \u00e1cido l\u00e1ctico), sal, tamarindo, amido de milho modificado. Alerg\u00e9nios: Ver MAI\u00daSCULAS. Pode conter vest\u00edgios de mostarda, amendoins e de frutos de casca rija. Declara\u00e7\u00e3o Nutricional p\/ 100g: Energia 574kJ\/138kcal; L\u00edpidos [&hellip;]<\/p>\n","protected":false},"featured_media":0,"template":"","meta":[],"product_brand":[],"product_cat":[36,114],"product_tag":[],"class_list":{"0":"post-1437","1":"product","2":"type-product","3":"status-publish","5":"product_cat-mercearia-salgada","6":"product_cat-pastas-mercearia-salgada","7":"pa_marcas-pataks","8":"pa_pais-india","10":"first","11":"outofstock","12":"taxable","13":"shipping-taxable","14":"product-type-simple"},"_links":{"self":[{"href":"https:\/\/bricer.pt\/index.php?rest_route=\/wp\/v2\/product\/1437","targetHints":{"allow":["GET"]}}],"collection":[{"href":"https:\/\/bricer.pt\/index.php?rest_route=\/wp\/v2\/product"}],"about":[{"href":"https:\/\/bricer.pt\/index.php?rest_route=\/wp\/v2\/types\/product"}],"wp:attachment":[{"href":"https:\/\/bricer.pt\/index.php?rest_route=%2Fwp%2Fv2%2Fmedia&parent=1437"}],"wp:term":[{"taxonomy":"product_brand","embeddable":true,"href":"https:\/\/bricer.pt\/index.php?rest_route=%2Fwp%2Fv2%2Fproduct_brand&post=1437"},{"taxonomy":"product_cat","embeddable":true,"href":"https:\/\/bricer.pt\/index.php?rest_route=%2Fwp%2Fv2%2Fproduct_cat&post=1437"},{"taxonomy":"product_tag","embeddable":true,"href":"https:\/\/bricer.pt\/index.php?rest_route=%2Fwp%2Fv2%2Fproduct_tag&post=1437"}],"curies":[{"name":"wp","href":"https:\/\/api.w.org\/{rel}","templated":true}]}}