{"id":1435,"date":"2023-03-06T11:16:54","date_gmt":"2023-03-06T11:16:54","guid":{"rendered":"https:\/\/bricer.pt\/produto\/pataks-pasta-tandoori-mild-frasco-312g\/"},"modified":"2024-01-19T16:31:39","modified_gmt":"2024-01-19T16:31:39","slug":"pataks-pasta-tandoori-mild-frasco-312g","status":"publish","type":"product","link":"https:\/\/bricer.pt\/?product=pataks-pasta-tandoori-mild-frasco-312g","title":{"rendered":"Patak&#8217;s Pasta Tandoori &#8220;Mild&#8221; Frasco 312g"},"content":{"rendered":"<p>P<strong>atak&#8217;s Pasta Tandoori &#8220;Mild&#8221;<\/strong> Frasco 312g.<\/p>\n<p>&nbsp;<\/p>\n<p><strong>Ingredientes<\/strong>: \u00e1gua, pasta de gengibre, especiarias mo\u00eddas (11%) (coentros, cominhos, paprika, especiarias), tamarindo, sal, acidificantes (\u00e1cido ac\u00e9tico, \u00e1cido l\u00e1ctico), alho em p\u00f3, corantes (E163, E122, E129). ADVERT\u00caNCIA: E122 e E129: Pode provocar um efeito adverso na actividade e aten\u00e7\u00e3o em crian\u00e7as.<\/p>\n<p><strong>Alerg\u00e9nios<\/strong>: Ver MAI\u00daSCULAS. Pode conter vest\u00edgios de mostarda, amendoins e frutos de casca rija.<\/p>\n<p><strong>Declara\u00e7\u00e3o Nutricional p\/100g:<\/strong> Energia 416kJ\/99kcal; L\u00edpidos 2,7g (dos quais \u00e1cidos gordos saturados 0,3g); Hidratos de Carbono 10,1g (dos quais a\u00e7\u00facares 4,2g); Prote\u00ednas 3,5g; Sal 6,1g.<\/p>\n","protected":false},"excerpt":{"rendered":"<p>Patak&#8217;s Pasta Tandoori &#8220;Mild&#8221; Frasco 312g. &nbsp; Ingredientes: \u00e1gua, pasta de gengibre, especiarias mo\u00eddas (11%) (coentros, cominhos, paprika, especiarias), tamarindo, sal, acidificantes (\u00e1cido ac\u00e9tico, \u00e1cido l\u00e1ctico), alho em p\u00f3, corantes (E163, E122, E129). ADVERT\u00caNCIA: E122 e E129: Pode provocar um efeito adverso na actividade e aten\u00e7\u00e3o em crian\u00e7as. Alerg\u00e9nios: Ver MAI\u00daSCULAS. Pode conter vest\u00edgios de [&hellip;]<\/p>\n","protected":false},"featured_media":1436,"template":"","meta":[],"product_brand":[],"product_cat":[36,114],"product_tag":[],"class_list":{"0":"post-1435","1":"product","2":"type-product","3":"status-publish","4":"has-post-thumbnail","6":"product_cat-mercearia-salgada","7":"product_cat-pastas-mercearia-salgada","8":"pa_marcas-pataks","9":"pa_pais-india","11":"first","12":"instock","13":"taxable","14":"shipping-taxable","15":"product-type-simple"},"_links":{"self":[{"href":"https:\/\/bricer.pt\/index.php?rest_route=\/wp\/v2\/product\/1435","targetHints":{"allow":["GET"]}}],"collection":[{"href":"https:\/\/bricer.pt\/index.php?rest_route=\/wp\/v2\/product"}],"about":[{"href":"https:\/\/bricer.pt\/index.php?rest_route=\/wp\/v2\/types\/product"}],"wp:featuredmedia":[{"embeddable":true,"href":"https:\/\/bricer.pt\/index.php?rest_route=\/wp\/v2\/media\/1436"}],"wp:attachment":[{"href":"https:\/\/bricer.pt\/index.php?rest_route=%2Fwp%2Fv2%2Fmedia&parent=1435"}],"wp:term":[{"taxonomy":"product_brand","embeddable":true,"href":"https:\/\/bricer.pt\/index.php?rest_route=%2Fwp%2Fv2%2Fproduct_brand&post=1435"},{"taxonomy":"product_cat","embeddable":true,"href":"https:\/\/bricer.pt\/index.php?rest_route=%2Fwp%2Fv2%2Fproduct_cat&post=1435"},{"taxonomy":"product_tag","embeddable":true,"href":"https:\/\/bricer.pt\/index.php?rest_route=%2Fwp%2Fv2%2Fproduct_tag&post=1435"}],"curies":[{"name":"wp","href":"https:\/\/api.w.org\/{rel}","templated":true}]}}