{"id":1429,"date":"2023-03-06T11:16:54","date_gmt":"2023-03-06T11:16:54","guid":{"rendered":"https:\/\/bricer.pt\/produto\/pataks-pasta-jalfrezi-medium-frasco-283g\/"},"modified":"2025-11-20T11:53:42","modified_gmt":"2025-11-20T11:53:42","slug":"pataks-pasta-jalfrezi-medium-frasco-283g","status":"publish","type":"product","link":"https:\/\/bricer.pt\/?product=pataks-pasta-jalfrezi-medium-frasco-283g","title":{"rendered":"Patak&#8217;s Pasta Jalfrezi &#8220;Medium&#8221; Frasco 283g"},"content":{"rendered":"<p><strong>Patak&#8217;s Pasta Jalfrezi &#8220;Medium&#8221;<\/strong> Frasco 283g.<\/p>\n<p>&nbsp;<\/p>\n<p><strong>Ingredientes<\/strong>: \u00c1gua, \u00f3leo de colza, especiarias mo\u00eddas (10%) (coentros, paprika (1,5%), especiarias, curcuma, cominho, feno-grego), cebola em p\u00f3 (8%), pimentos verdes e vermelhos secos (5%), coco desidratado (4,5%), sal, pasta de tomate concentrada (2,5%), acidificantes (\u00e1cido ac\u00e9tico, \u00e1cido l\u00e1ctico), a\u00e7\u00facar, amido de milho, pasta de gengibre, pasta de alho, MOSTARDA, folhas de coentros secas\u00a0 (0,3%), tamarindo (0,1%).<\/p>\n<p><strong>Alerg\u00e9nios<\/strong>: Ver MAI\u00daSCULAS. Cont\u00e9m e vest\u00edgios de amendoins frutos de casca rija.<\/p>\n<p><strong>Declara\u00e7\u00e3o Nutricional p\/100g:<\/strong> Energia 1177kJ\/285kcal; L\u00edpidos 24,3g (dos quais saturados 3,7g); Hidratos de Carbono 7,8g (dos quais a\u00e7\u00facares 1,1g); Prote\u00ednas 3,2g; Sal 4,8g.<\/p>\n","protected":false},"excerpt":{"rendered":"<p>Patak&#8217;s Pasta Jalfrezi &#8220;Medium&#8221; Frasco 283g. &nbsp; Ingredientes: \u00c1gua, \u00f3leo de colza, especiarias mo\u00eddas (10%) (coentros, paprika (1,5%), especiarias, curcuma, cominho, feno-grego), cebola em p\u00f3 (8%), pimentos verdes e vermelhos secos (5%), coco desidratado (4,5%), sal, pasta de tomate concentrada (2,5%), acidificantes (\u00e1cido ac\u00e9tico, \u00e1cido l\u00e1ctico), a\u00e7\u00facar, amido de milho, pasta de gengibre, pasta de [&hellip;]<\/p>\n","protected":false},"featured_media":1430,"template":"","meta":[],"product_brand":[],"product_cat":[36,114],"product_tag":[],"class_list":{"0":"post-1429","1":"product","2":"type-product","3":"status-publish","4":"has-post-thumbnail","6":"product_cat-mercearia-salgada","7":"product_cat-pastas-mercearia-salgada","8":"pa_marcas-pataks","9":"pa_pais-india","11":"first","12":"outofstock","13":"taxable","14":"shipping-taxable","15":"product-type-simple"},"_links":{"self":[{"href":"https:\/\/bricer.pt\/index.php?rest_route=\/wp\/v2\/product\/1429","targetHints":{"allow":["GET"]}}],"collection":[{"href":"https:\/\/bricer.pt\/index.php?rest_route=\/wp\/v2\/product"}],"about":[{"href":"https:\/\/bricer.pt\/index.php?rest_route=\/wp\/v2\/types\/product"}],"wp:featuredmedia":[{"embeddable":true,"href":"https:\/\/bricer.pt\/index.php?rest_route=\/wp\/v2\/media\/1430"}],"wp:attachment":[{"href":"https:\/\/bricer.pt\/index.php?rest_route=%2Fwp%2Fv2%2Fmedia&parent=1429"}],"wp:term":[{"taxonomy":"product_brand","embeddable":true,"href":"https:\/\/bricer.pt\/index.php?rest_route=%2Fwp%2Fv2%2Fproduct_brand&post=1429"},{"taxonomy":"product_cat","embeddable":true,"href":"https:\/\/bricer.pt\/index.php?rest_route=%2Fwp%2Fv2%2Fproduct_cat&post=1429"},{"taxonomy":"product_tag","embeddable":true,"href":"https:\/\/bricer.pt\/index.php?rest_route=%2Fwp%2Fv2%2Fproduct_tag&post=1429"}],"curies":[{"name":"wp","href":"https:\/\/api.w.org\/{rel}","templated":true}]}}