{"id":1425,"date":"2023-03-06T11:16:54","date_gmt":"2023-03-06T11:16:54","guid":{"rendered":"https:\/\/bricer.pt\/produto\/pataks-pasta-de-caril-mild-frasco-283g\/"},"modified":"2025-11-20T11:53:14","modified_gmt":"2025-11-20T11:53:14","slug":"pataks-pasta-de-caril-mild-frasco-283g","status":"publish","type":"product","link":"https:\/\/bricer.pt\/?product=pataks-pasta-de-caril-mild-frasco-283g","title":{"rendered":"Patak&#8217;s Pasta de Caril &#8220;Mild&#8221; Frasco 283g"},"content":{"rendered":"<p><strong>Patak&#8217;s Pasta de Caril &#8220;Mild&#8221; Frasco 283g.<\/strong><\/p>\n<p>&nbsp;<\/p>\n<p><strong>Ingredientes<\/strong>: \u00c1gua, especiarias mo\u00eddas (24%) (coentros (10%), paprika (3%), curcuma (2%), cominhos (2%), especiarias, feno-grego, especiarias, erva-doce, canela), \u00f3leo de colza, sal, farinha de milho, acidificantes (\u00e1cido ac\u00e9tico, \u00e1cido c\u00edtrico), tamarindo, MOSTARDA em p\u00f3, alho em p\u00f3.<\/p>\n<p><strong>Alerg\u00e9nios<\/strong>: Ver MAI\u00daSCULAS. Pode conter vest\u00edgios de amendoins e frutos de casca rija.<\/p>\n<p><strong>Declara\u00e7\u00e3o Nutricional p\/100g:<\/strong> Energia 1081kJ\/262kcal; L\u00edpidos 22,3g (dos quais saturados 1,6g); Hidratos de Carbono 5,6g (dos quais a\u00e7\u00facares 0,7g); Prote\u00ednas 3,9g; Sal 4,8g.<\/p>\n","protected":false},"excerpt":{"rendered":"<p>Patak&#8217;s Pasta de Caril &#8220;Mild&#8221; Frasco 283g. &nbsp; Ingredientes: \u00c1gua, especiarias mo\u00eddas (24%) (coentros (10%), paprika (3%), curcuma (2%), cominhos (2%), especiarias, feno-grego, especiarias, erva-doce, canela), \u00f3leo de colza, sal, farinha de milho, acidificantes (\u00e1cido ac\u00e9tico, \u00e1cido c\u00edtrico), tamarindo, MOSTARDA em p\u00f3, alho em p\u00f3. Alerg\u00e9nios: Ver MAI\u00daSCULAS. Pode conter vest\u00edgios de amendoins e frutos [&hellip;]<\/p>\n","protected":false},"featured_media":1426,"template":"","meta":[],"product_brand":[],"product_cat":[36,114],"product_tag":[],"class_list":{"0":"post-1425","1":"product","2":"type-product","3":"status-publish","4":"has-post-thumbnail","6":"product_cat-mercearia-salgada","7":"product_cat-pastas-mercearia-salgada","8":"pa_marcas-pataks","9":"pa_pais-india","11":"first","12":"outofstock","13":"taxable","14":"shipping-taxable","15":"product-type-simple"},"_links":{"self":[{"href":"https:\/\/bricer.pt\/index.php?rest_route=\/wp\/v2\/product\/1425","targetHints":{"allow":["GET"]}}],"collection":[{"href":"https:\/\/bricer.pt\/index.php?rest_route=\/wp\/v2\/product"}],"about":[{"href":"https:\/\/bricer.pt\/index.php?rest_route=\/wp\/v2\/types\/product"}],"wp:featuredmedia":[{"embeddable":true,"href":"https:\/\/bricer.pt\/index.php?rest_route=\/wp\/v2\/media\/1426"}],"wp:attachment":[{"href":"https:\/\/bricer.pt\/index.php?rest_route=%2Fwp%2Fv2%2Fmedia&parent=1425"}],"wp:term":[{"taxonomy":"product_brand","embeddable":true,"href":"https:\/\/bricer.pt\/index.php?rest_route=%2Fwp%2Fv2%2Fproduct_brand&post=1425"},{"taxonomy":"product_cat","embeddable":true,"href":"https:\/\/bricer.pt\/index.php?rest_route=%2Fwp%2Fv2%2Fproduct_cat&post=1425"},{"taxonomy":"product_tag","embeddable":true,"href":"https:\/\/bricer.pt\/index.php?rest_route=%2Fwp%2Fv2%2Fproduct_tag&post=1425"}],"curies":[{"name":"wp","href":"https:\/\/api.w.org\/{rel}","templated":true}]}}