{"id":1421,"date":"2023-03-06T11:16:54","date_gmt":"2023-03-06T11:16:54","guid":{"rendered":"https:\/\/bricer.pt\/produto\/pataks-pasta-biryani-frasco-283g\/"},"modified":"2025-11-20T11:53:00","modified_gmt":"2025-11-20T11:53:00","slug":"pataks-pasta-biryani-frasco-283g","status":"publish","type":"product","link":"https:\/\/bricer.pt\/?product=pataks-pasta-biryani-frasco-283g","title":{"rendered":"Patak&#8217;s Pasta Biryani Frasco 283g"},"content":{"rendered":"<p><strong>Patak&#8217;s Pasta Biryani<\/strong> Frasco 283g.<\/p>\n<p>&nbsp;<\/p>\n<p><strong>Ingredientes<\/strong>: \u00e1gua, especiarias mo\u00eddas (26%) (coentros (11%), canela, curcuma (3%), cominho (2,5%), paprika, pimenta preta, especiaris, chili), \u00f3leo de colza, pur\u00e9 de gengibre, sal, acidificantes: \u00e1cido ac\u00e9tico, \u00e1cido c\u00edtrico; a\u00e7\u00facar, pur\u00e9 de alho (1,5%), gengibre em p\u00f3.<\/p>\n<p><strong>Alerg\u00e9nios<\/strong>: Ver MAI\u00daSCULAS. Pode conter vest\u00edgios de mostarda, amendoins e frutos de casca rija.<\/p>\n<p><strong>Declara\u00e7\u00e3o Nutricional p\/100g:<\/strong> Energia 1063kJ\/257kcal; L\u00edpidos 19,6g (dos quais \u00e1cidos gordos saturados 1,4g); Hidratos de Carbono 8,2g (dos quais a\u00e7\u00facares 4,8g); Prote\u00ednas 4,5g; Sal 3,3g.<\/p>\n","protected":false},"excerpt":{"rendered":"<p>Patak&#8217;s Pasta Biryani Frasco 283g. &nbsp; Ingredientes: \u00e1gua, especiarias mo\u00eddas (26%) (coentros (11%), canela, curcuma (3%), cominho (2,5%), paprika, pimenta preta, especiaris, chili), \u00f3leo de colza, pur\u00e9 de gengibre, sal, acidificantes: \u00e1cido ac\u00e9tico, \u00e1cido c\u00edtrico; a\u00e7\u00facar, pur\u00e9 de alho (1,5%), gengibre em p\u00f3. Alerg\u00e9nios: Ver MAI\u00daSCULAS. Pode conter vest\u00edgios de mostarda, amendoins e frutos de [&hellip;]<\/p>\n","protected":false},"featured_media":1422,"template":"","meta":[],"product_brand":[],"product_cat":[36,114],"product_tag":[],"class_list":{"0":"post-1421","1":"product","2":"type-product","3":"status-publish","4":"has-post-thumbnail","6":"product_cat-mercearia-salgada","7":"product_cat-pastas-mercearia-salgada","8":"pa_marcas-pataks","9":"pa_pais-india","11":"first","12":"outofstock","13":"taxable","14":"shipping-taxable","15":"product-type-simple"},"_links":{"self":[{"href":"https:\/\/bricer.pt\/index.php?rest_route=\/wp\/v2\/product\/1421","targetHints":{"allow":["GET"]}}],"collection":[{"href":"https:\/\/bricer.pt\/index.php?rest_route=\/wp\/v2\/product"}],"about":[{"href":"https:\/\/bricer.pt\/index.php?rest_route=\/wp\/v2\/types\/product"}],"wp:featuredmedia":[{"embeddable":true,"href":"https:\/\/bricer.pt\/index.php?rest_route=\/wp\/v2\/media\/1422"}],"wp:attachment":[{"href":"https:\/\/bricer.pt\/index.php?rest_route=%2Fwp%2Fv2%2Fmedia&parent=1421"}],"wp:term":[{"taxonomy":"product_brand","embeddable":true,"href":"https:\/\/bricer.pt\/index.php?rest_route=%2Fwp%2Fv2%2Fproduct_brand&post=1421"},{"taxonomy":"product_cat","embeddable":true,"href":"https:\/\/bricer.pt\/index.php?rest_route=%2Fwp%2Fv2%2Fproduct_cat&post=1421"},{"taxonomy":"product_tag","embeddable":true,"href":"https:\/\/bricer.pt\/index.php?rest_route=%2Fwp%2Fv2%2Fproduct_tag&post=1421"}],"curies":[{"name":"wp","href":"https:\/\/api.w.org\/{rel}","templated":true}]}}