{"id":1420,"date":"2023-03-06T11:16:54","date_gmt":"2023-03-06T11:16:54","guid":{"rendered":"https:\/\/bricer.pt\/produto\/pataks-pasta-kashmiri-masala-picante-frasco-295g\/"},"modified":"2024-01-19T16:36:01","modified_gmt":"2024-01-19T16:36:01","slug":"pataks-pasta-kashmiri-masala-picante-frasco-295g","status":"publish","type":"product","link":"https:\/\/bricer.pt\/?product=pataks-pasta-kashmiri-masala-picante-frasco-295g","title":{"rendered":"Patak&#8217;s Pasta &#8220;Kashmiri  Masala&#8221; Picante Frasco 295g"},"content":{"rendered":"<p><strong>Patak&#8217;s Pasta &#8220;Kashmiri Masala&#8221; Picante Frasco 295g.<\/strong><\/p>\n<p>&nbsp;<\/p>\n<p><strong>Ingredientes<\/strong>: \u00c1gua, piri-piri (19%), \u00f3leo vegetal, coentros, sal, \u00e1cido ac\u00e9tico, especiarias (cont\u00e9m MOSTARDA), gengibre em p\u00f3, alho em p\u00f3.<\/p>\n<p><strong>Alerg\u00e9nios<\/strong>: Ver MAI\u00daSCULAS. Pode conter vest\u00edgios de frutos de casca rija e amendoins.<\/p>\n<p><strong>Declara\u00e7\u00e3o Nutricional p\/100g:<\/strong> Energia 1011kJ\/244kcal; L\u00edpidos 22,5g (dos quais \u00e1cidos gordos saturados 1,8g); Hidratos de Carbono 4g (dos quais a\u00e7\u00facares 2,6g); Fibra 12,4g; Prote\u00ednas 4,9g; Sal 3,325g.<\/p>\n","protected":false},"excerpt":{"rendered":"<p>Patak&#8217;s Pasta &#8220;Kashmiri Masala&#8221; Picante Frasco 295g. &nbsp; Ingredientes: \u00c1gua, piri-piri (19%), \u00f3leo vegetal, coentros, sal, \u00e1cido ac\u00e9tico, especiarias (cont\u00e9m MOSTARDA), gengibre em p\u00f3, alho em p\u00f3. Alerg\u00e9nios: Ver MAI\u00daSCULAS. Pode conter vest\u00edgios de frutos de casca rija e amendoins. Declara\u00e7\u00e3o Nutricional p\/100g: Energia 1011kJ\/244kcal; L\u00edpidos 22,5g (dos quais \u00e1cidos gordos saturados 1,8g); Hidratos de [&hellip;]<\/p>\n","protected":false},"featured_media":0,"template":"","meta":[],"product_brand":[],"product_cat":[36,114],"product_tag":[],"class_list":{"0":"post-1420","1":"product","2":"type-product","3":"status-publish","5":"product_cat-mercearia-salgada","6":"product_cat-pastas-mercearia-salgada","7":"pa_marcas-pataks","8":"pa_pais-india","10":"first","11":"instock","12":"taxable","13":"shipping-taxable","14":"product-type-simple"},"_links":{"self":[{"href":"https:\/\/bricer.pt\/index.php?rest_route=\/wp\/v2\/product\/1420","targetHints":{"allow":["GET"]}}],"collection":[{"href":"https:\/\/bricer.pt\/index.php?rest_route=\/wp\/v2\/product"}],"about":[{"href":"https:\/\/bricer.pt\/index.php?rest_route=\/wp\/v2\/types\/product"}],"wp:attachment":[{"href":"https:\/\/bricer.pt\/index.php?rest_route=%2Fwp%2Fv2%2Fmedia&parent=1420"}],"wp:term":[{"taxonomy":"product_brand","embeddable":true,"href":"https:\/\/bricer.pt\/index.php?rest_route=%2Fwp%2Fv2%2Fproduct_brand&post=1420"},{"taxonomy":"product_cat","embeddable":true,"href":"https:\/\/bricer.pt\/index.php?rest_route=%2Fwp%2Fv2%2Fproduct_cat&post=1420"},{"taxonomy":"product_tag","embeddable":true,"href":"https:\/\/bricer.pt\/index.php?rest_route=%2Fwp%2Fv2%2Fproduct_tag&post=1420"}],"curies":[{"name":"wp","href":"https:\/\/api.w.org\/{rel}","templated":true}]}}