{"id":1400,"date":"2023-03-06T11:15:49","date_gmt":"2023-03-06T11:15:49","guid":{"rendered":"https:\/\/bricer.pt\/produto\/pataks-chutney-de-manga-mild-frasco-340g\/"},"modified":"2024-01-19T16:32:43","modified_gmt":"2024-01-19T16:32:43","slug":"pataks-chutney-de-manga-mild-frasco-340g","status":"publish","type":"product","link":"https:\/\/bricer.pt\/?product=pataks-chutney-de-manga-mild-frasco-340g","title":{"rendered":"Patak&#8217;s Chutney de Manga &#8220;Mild&#8221; Frasco 340g"},"content":{"rendered":"<p><strong>Patak&#8217;s Chutney de Manga &#8220;Mild&#8221;<\/strong> Frasco 340g.<\/p>\n<p>&nbsp;<\/p>\n<p><strong>Ingredientes<\/strong>: A\u00e7\u00facar, mangas (43 %), sal, acidificante: \u00e1cido ac\u00e9tico; especiarias, sementes de cominho, malagueta vermelha seca esmagada, extracto de paprica.<\/p>\n<p><strong>Alerg\u00e9nios<\/strong>: Ver MAI\u00daSCULAS. Pode conter vest\u00edgios de amendoins e frutos de casca rija.<\/p>\n<p><strong>Declara\u00e7\u00e3o Nutricional p\/100g:<\/strong> Energia 970kJ\/228kcal; L\u00edpidos 0,1g (dos quais \u00e1cidos gordos saturados &lt;0,1g); Hidrtaos de Carbono 55,7g (dos quais a\u00e7\u00facares 43,6g); Prote\u00ednas 0,4g; Sal 2,98g.<\/p>\n","protected":false},"excerpt":{"rendered":"<p>Patak&#8217;s Chutney de Manga &#8220;Mild&#8221; Frasco 340g. &nbsp; Ingredientes: A\u00e7\u00facar, mangas (43 %), sal, acidificante: \u00e1cido ac\u00e9tico; especiarias, sementes de cominho, malagueta vermelha seca esmagada, extracto de paprica. Alerg\u00e9nios: Ver MAI\u00daSCULAS. Pode conter vest\u00edgios de amendoins e frutos de casca rija. Declara\u00e7\u00e3o Nutricional p\/100g: Energia 970kJ\/228kcal; L\u00edpidos 0,1g (dos quais \u00e1cidos gordos saturados &lt;0,1g); Hidrtaos [&hellip;]<\/p>\n","protected":false},"featured_media":0,"template":"","meta":[],"product_brand":[],"product_cat":[237,36],"product_tag":[],"class_list":{"0":"post-1400","1":"product","2":"type-product","3":"status-publish","5":"product_cat-chutney-mercearia-salgada","6":"product_cat-mercearia-salgada","7":"pa_marcas-pataks","8":"pa_pais-india","10":"first","11":"instock","12":"taxable","13":"shipping-taxable","14":"product-type-simple"},"_links":{"self":[{"href":"https:\/\/bricer.pt\/index.php?rest_route=\/wp\/v2\/product\/1400","targetHints":{"allow":["GET"]}}],"collection":[{"href":"https:\/\/bricer.pt\/index.php?rest_route=\/wp\/v2\/product"}],"about":[{"href":"https:\/\/bricer.pt\/index.php?rest_route=\/wp\/v2\/types\/product"}],"wp:attachment":[{"href":"https:\/\/bricer.pt\/index.php?rest_route=%2Fwp%2Fv2%2Fmedia&parent=1400"}],"wp:term":[{"taxonomy":"product_brand","embeddable":true,"href":"https:\/\/bricer.pt\/index.php?rest_route=%2Fwp%2Fv2%2Fproduct_brand&post=1400"},{"taxonomy":"product_cat","embeddable":true,"href":"https:\/\/bricer.pt\/index.php?rest_route=%2Fwp%2Fv2%2Fproduct_cat&post=1400"},{"taxonomy":"product_tag","embeddable":true,"href":"https:\/\/bricer.pt\/index.php?rest_route=%2Fwp%2Fv2%2Fproduct_tag&post=1400"}],"curies":[{"name":"wp","href":"https:\/\/api.w.org\/{rel}","templated":true}]}}