{"id":1399,"date":"2023-03-06T11:15:49","date_gmt":"2023-03-06T11:15:49","guid":{"rendered":"https:\/\/bricer.pt\/produto\/pataks-chutney-de-manga-hot-frasco-340g\/"},"modified":"2025-11-20T11:51:49","modified_gmt":"2025-11-20T11:51:49","slug":"pataks-chutney-de-manga-hot-frasco-340g","status":"publish","type":"product","link":"https:\/\/bricer.pt\/?product=pataks-chutney-de-manga-hot-frasco-340g","title":{"rendered":"Patak&#8217;s Chutney de Manga &#8220;Hot&#8221; Frasco 340g"},"content":{"rendered":"<p><strong>Patak&#8217;s Chutney de Manga &#8220;Hot&#8221;<\/strong> Frasco 340g.<\/p>\n<p>&nbsp;<\/p>\n<p><strong>Ingredientes<\/strong>: A\u00e7\u00facar, mangas (43%), sal, acidificante (\u00e1cido ac\u00e9tico), gengibre em p\u00f3, paprica em p\u00f3, malagueta em p\u00f3, pur\u00e9 de alho, malagueta vermelha seca esmagada.<\/p>\n<p><strong>Alerg\u00e9nios<\/strong>: Ver MAI\u00daSCULAS. Pode conter vest\u00edgios de amendoins e frutos de casca rija.<\/p>\n<p><strong>Declara\u00e7\u00e3o Nutricional p\/100g:<\/strong> Energia 1071kJ\/252kcal; L\u00edpidos 0,3g (dos quais saturados 0,1g); Hidratos de Carbono 60,6g (dos quais a\u00e7\u00facares 59,8g); Prote\u00ednas 0,5g; Sal 2,47g.<\/p>\n","protected":false},"excerpt":{"rendered":"<p>Patak&#8217;s Chutney de Manga &#8220;Hot&#8221; Frasco 340g. &nbsp; Ingredientes: A\u00e7\u00facar, mangas (43%), sal, acidificante (\u00e1cido ac\u00e9tico), gengibre em p\u00f3, paprica em p\u00f3, malagueta em p\u00f3, pur\u00e9 de alho, malagueta vermelha seca esmagada. Alerg\u00e9nios: Ver MAI\u00daSCULAS. Pode conter vest\u00edgios de amendoins e frutos de casca rija. Declara\u00e7\u00e3o Nutricional p\/100g: Energia 1071kJ\/252kcal; L\u00edpidos 0,3g (dos quais saturados [&hellip;]<\/p>\n","protected":false},"featured_media":0,"template":"","meta":[],"product_brand":[],"product_cat":[237,36],"product_tag":[],"class_list":{"0":"post-1399","1":"product","2":"type-product","3":"status-publish","5":"product_cat-chutney-mercearia-salgada","6":"product_cat-mercearia-salgada","7":"pa_marcas-pataks","8":"pa_pais-india","10":"first","11":"outofstock","12":"taxable","13":"shipping-taxable","14":"product-type-simple"},"_links":{"self":[{"href":"https:\/\/bricer.pt\/index.php?rest_route=\/wp\/v2\/product\/1399","targetHints":{"allow":["GET"]}}],"collection":[{"href":"https:\/\/bricer.pt\/index.php?rest_route=\/wp\/v2\/product"}],"about":[{"href":"https:\/\/bricer.pt\/index.php?rest_route=\/wp\/v2\/types\/product"}],"wp:attachment":[{"href":"https:\/\/bricer.pt\/index.php?rest_route=%2Fwp%2Fv2%2Fmedia&parent=1399"}],"wp:term":[{"taxonomy":"product_brand","embeddable":true,"href":"https:\/\/bricer.pt\/index.php?rest_route=%2Fwp%2Fv2%2Fproduct_brand&post=1399"},{"taxonomy":"product_cat","embeddable":true,"href":"https:\/\/bricer.pt\/index.php?rest_route=%2Fwp%2Fv2%2Fproduct_cat&post=1399"},{"taxonomy":"product_tag","embeddable":true,"href":"https:\/\/bricer.pt\/index.php?rest_route=%2Fwp%2Fv2%2Fproduct_tag&post=1399"}],"curies":[{"name":"wp","href":"https:\/\/api.w.org\/{rel}","templated":true}]}}