{"id":1383,"date":"2023-03-06T11:15:49","date_gmt":"2023-03-06T11:15:49","guid":{"rendered":"https:\/\/bricer.pt\/produto\/ovomaltine-creme-chocolate-crocante-frasco-380g\/"},"modified":"2023-12-18T11:16:14","modified_gmt":"2023-12-18T11:16:14","slug":"ovomaltine-creme-chocolate-crocante-frasco-380g","status":"publish","type":"product","link":"https:\/\/bricer.pt\/?product=ovomaltine-creme-chocolate-crocante-frasco-380g","title":{"rendered":"Ovomaltine Creme Chocolate Crocante Frasco 380g"},"content":{"rendered":"<p><strong>Ovomaltine Creme Chocolate Crocante Frasco 380g.<\/strong><\/p>\n<p>&nbsp;<\/p>\n<p><strong>Ingredientes<\/strong>: 33% bebida c\/malte em p\u00f3: ovomaltine [extrato de malte de CEVADA, concentrado de LEITE magro, soro de LEITE concentrado, cacau magro, a\u00e7\u00facar, frutose, minerais (carbonato de magn\u00e9sio, fosfato dic\u00e1lcico), \u00f3leo de colza, vitaminas (A, E, C, tiamina, riboflavina, niacina, B6, \u00e1cido f\u00f3lico, B12, biotina, \u00e1cido pantot\u00e9nico), sal de cozinha, aroma de baunilha], a\u00e7\u00facar, \u00f3leo colza, \u00f3leo colza endurecido, AVEL\u00c3S, emulsionantes (lecitina de girassol, mono e glicer\u00eddeos de \u00e1cidos gordos), fosfato dic\u00e1lcico mineral, cacau em p\u00f3 com baixo teor de gordura, antioxidantes (palmitato de ascorbilo e alfa-tocoferol), aroma de baunilha.<\/p>\n<p><strong>Alerg\u00e9nios<\/strong>: Ver MAI\u00daSCULAS. Pode conter vest\u00edgios de castanha de caju, am\u00eandoas e soja.<\/p>\n<p><strong>Declara\u00e7\u00e3o Nutricional p\/100g:<\/strong> Energia 2275kJ\/545kcal; L\u00edpidos 32,0g (dos quais saturados 5,0g); Hidratos de Carbono 59,5g (dos quais a\u00e7\u00facares 54,5g); Fibra 1,9g; Prote\u00ednas 3,8g; Sal 0,25g.<\/p>\n","protected":false},"excerpt":{"rendered":"<p>Ovomaltine Creme Chocolate Crocante Frasco 380g. &nbsp; Ingredientes: 33% bebida c\/malte em p\u00f3: ovomaltine [extrato de malte de CEVADA, concentrado de LEITE magro, soro de LEITE concentrado, cacau magro, a\u00e7\u00facar, frutose, minerais (carbonato de magn\u00e9sio, fosfato dic\u00e1lcico), \u00f3leo de colza, vitaminas (A, E, C, tiamina, riboflavina, niacina, B6, \u00e1cido f\u00f3lico, B12, biotina, \u00e1cido pantot\u00e9nico), sal [&hellip;]<\/p>\n","protected":false},"featured_media":1384,"template":"","meta":[],"product_brand":[],"product_cat":[76,84],"product_tag":[],"class_list":{"0":"post-1383","1":"product","2":"type-product","3":"status-publish","4":"has-post-thumbnail","6":"product_cat-mercearia-doce","7":"product_cat-pastas-p-barrar","8":"pa_marcas-ovomaltine","9":"pa_pais-reino-unido","11":"first","12":"instock","13":"taxable","14":"shipping-taxable","15":"product-type-simple"},"_links":{"self":[{"href":"https:\/\/bricer.pt\/index.php?rest_route=\/wp\/v2\/product\/1383","targetHints":{"allow":["GET"]}}],"collection":[{"href":"https:\/\/bricer.pt\/index.php?rest_route=\/wp\/v2\/product"}],"about":[{"href":"https:\/\/bricer.pt\/index.php?rest_route=\/wp\/v2\/types\/product"}],"wp:featuredmedia":[{"embeddable":true,"href":"https:\/\/bricer.pt\/index.php?rest_route=\/wp\/v2\/media\/1384"}],"wp:attachment":[{"href":"https:\/\/bricer.pt\/index.php?rest_route=%2Fwp%2Fv2%2Fmedia&parent=1383"}],"wp:term":[{"taxonomy":"product_brand","embeddable":true,"href":"https:\/\/bricer.pt\/index.php?rest_route=%2Fwp%2Fv2%2Fproduct_brand&post=1383"},{"taxonomy":"product_cat","embeddable":true,"href":"https:\/\/bricer.pt\/index.php?rest_route=%2Fwp%2Fv2%2Fproduct_cat&post=1383"},{"taxonomy":"product_tag","embeddable":true,"href":"https:\/\/bricer.pt\/index.php?rest_route=%2Fwp%2Fv2%2Fproduct_tag&post=1383"}],"curies":[{"name":"wp","href":"https:\/\/api.w.org\/{rel}","templated":true}]}}