{"id":1367,"date":"2023-03-06T11:15:45","date_gmt":"2023-03-06T11:15:45","guid":{"rendered":"https:\/\/bricer.pt\/produto\/nick-xarope-de-acer-100-frasco-250ml\/"},"modified":"2023-05-19T15:06:40","modified_gmt":"2023-05-19T15:06:40","slug":"nick-xarope-de-acer-100-frasco-250ml","status":"publish","type":"product","link":"https:\/\/bricer.pt\/?product=nick-xarope-de-acer-100-frasco-250ml","title":{"rendered":"Nick Xarope de \u00c1cer 100% Frasco 250ml"},"content":{"rendered":"<p><strong>Nick Xarope de \u00c1cer 100% Frasco 250ml.<\/strong><\/p>\n<p>&nbsp;<\/p>\n<p><strong>Ingredientes<\/strong>: 100% xarope de \u00e1cer.<\/p>\n<p><strong>Declara\u00e7\u00e3o Nutricional p\/100ml:<\/strong> Energia 1530kJ\/361kcal; L\u00edpidos 0g (dos quais saturados 0g); Hidratos de Carbono 90g (dos quais a\u00e7\u00facares 80g); Prote\u00ednas 0g; Sal &lt;0,01g.<\/p>\n","protected":false},"excerpt":{"rendered":"<p>Nick Xarope de \u00c1cer 100% Frasco 250ml. &nbsp; Ingredientes: 100% xarope de \u00e1cer. Declara\u00e7\u00e3o Nutricional p\/100ml: Energia 1530kJ\/361kcal; L\u00edpidos 0g (dos quais saturados 0g); Hidratos de Carbono 90g (dos quais a\u00e7\u00facares 80g); Prote\u00ednas 0g; Sal &lt;0,01g.<\/p>\n","protected":false},"featured_media":1368,"template":"","meta":[],"product_brand":[],"product_cat":[76,200],"product_tag":[],"class_list":{"0":"post-1367","1":"product","2":"type-product","3":"status-publish","4":"has-post-thumbnail","6":"product_cat-mercearia-doce","7":"product_cat-xaropes-de-acucar","8":"pa_marcas-nick","9":"pa_pais-estados-unidos-da-america","11":"first","12":"instock","13":"taxable","14":"shipping-taxable","15":"product-type-simple"},"_links":{"self":[{"href":"https:\/\/bricer.pt\/index.php?rest_route=\/wp\/v2\/product\/1367","targetHints":{"allow":["GET"]}}],"collection":[{"href":"https:\/\/bricer.pt\/index.php?rest_route=\/wp\/v2\/product"}],"about":[{"href":"https:\/\/bricer.pt\/index.php?rest_route=\/wp\/v2\/types\/product"}],"wp:featuredmedia":[{"embeddable":true,"href":"https:\/\/bricer.pt\/index.php?rest_route=\/wp\/v2\/media\/1368"}],"wp:attachment":[{"href":"https:\/\/bricer.pt\/index.php?rest_route=%2Fwp%2Fv2%2Fmedia&parent=1367"}],"wp:term":[{"taxonomy":"product_brand","embeddable":true,"href":"https:\/\/bricer.pt\/index.php?rest_route=%2Fwp%2Fv2%2Fproduct_brand&post=1367"},{"taxonomy":"product_cat","embeddable":true,"href":"https:\/\/bricer.pt\/index.php?rest_route=%2Fwp%2Fv2%2Fproduct_cat&post=1367"},{"taxonomy":"product_tag","embeddable":true,"href":"https:\/\/bricer.pt\/index.php?rest_route=%2Fwp%2Fv2%2Fproduct_tag&post=1367"}],"curies":[{"name":"wp","href":"https:\/\/api.w.org\/{rel}","templated":true}]}}