{"id":1355,"date":"2023-03-06T11:15:12","date_gmt":"2023-03-06T11:15:12","guid":{"rendered":"https:\/\/bricer.pt\/produto\/nick-mistura-p-panquecas-cx-400g\/"},"modified":"2023-04-17T07:59:40","modified_gmt":"2023-04-17T07:59:40","slug":"nick-mistura-p-panquecas-cx-400g","status":"publish","type":"product","link":"https:\/\/bricer.pt\/?product=nick-mistura-p-panquecas-cx-400g","title":{"rendered":"Nick Mistura p\/ Panquecas Cx. 400g"},"content":{"rendered":"<p><strong>Nick Mistura p\/ Panquecas Cx. 400g.<\/strong><\/p>\n<p>&nbsp;<\/p>\n<p><strong>Ingredientes<\/strong>: farinha de TRIGO, fermento (acidificante: difosfato; levedante: bicarbonato de s\u00f3dio; amido), OVO em p\u00f3, SORO doce em p\u00f3, xarope de glucose, sal.<\/p>\n<p><strong>Alerg\u00e9nios<\/strong>: Ver MAI\u00daSCULAS. Soja e frutos de casca rija tamb\u00e9m s\u00e3o processados nesta f\u00e1brica.<\/p>\n<p><strong>Declara\u00e7\u00e3o Nutricional p\/ 100g:<\/strong> Energia 1447kJ\/341kcal; L\u00edpidos 1,7g (dos quais \u00e1cidos gordos saturados 0,4g); Hidratos de Carbono 69g (dos quais a\u00e7\u00facares 2,4g); Prote\u00ednas 10g; Sal 1,8g.<\/p>\n<p>&nbsp;<\/p>\n<p>&nbsp;<\/p>\n","protected":false},"excerpt":{"rendered":"<p>Nick Mistura p\/ Panquecas Cx. 400g. &nbsp; Ingredientes: farinha de TRIGO, fermento (acidificante: difosfato; levedante: bicarbonato de s\u00f3dio; amido), OVO em p\u00f3, SORO doce em p\u00f3, xarope de glucose, sal. Alerg\u00e9nios: Ver MAI\u00daSCULAS. Soja e frutos de casca rija tamb\u00e9m s\u00e3o processados nesta f\u00e1brica. Declara\u00e7\u00e3o Nutricional p\/ 100g: Energia 1447kJ\/341kcal; L\u00edpidos 1,7g (dos quais \u00e1cidos [&hellip;]<\/p>\n","protected":false},"featured_media":1356,"template":"","meta":[],"product_brand":[],"product_cat":[76,229],"product_tag":[],"class_list":{"0":"post-1355","1":"product","2":"type-product","3":"status-publish","4":"has-post-thumbnail","6":"product_cat-mercearia-doce","7":"product_cat-preparados-pastelaria","8":"pa_marcas-nick","9":"pa_pais-estados-unidos-da-america","11":"first","12":"instock","13":"taxable","14":"shipping-taxable","15":"product-type-simple"},"_links":{"self":[{"href":"https:\/\/bricer.pt\/index.php?rest_route=\/wp\/v2\/product\/1355","targetHints":{"allow":["GET"]}}],"collection":[{"href":"https:\/\/bricer.pt\/index.php?rest_route=\/wp\/v2\/product"}],"about":[{"href":"https:\/\/bricer.pt\/index.php?rest_route=\/wp\/v2\/types\/product"}],"wp:featuredmedia":[{"embeddable":true,"href":"https:\/\/bricer.pt\/index.php?rest_route=\/wp\/v2\/media\/1356"}],"wp:attachment":[{"href":"https:\/\/bricer.pt\/index.php?rest_route=%2Fwp%2Fv2%2Fmedia&parent=1355"}],"wp:term":[{"taxonomy":"product_brand","embeddable":true,"href":"https:\/\/bricer.pt\/index.php?rest_route=%2Fwp%2Fv2%2Fproduct_brand&post=1355"},{"taxonomy":"product_cat","embeddable":true,"href":"https:\/\/bricer.pt\/index.php?rest_route=%2Fwp%2Fv2%2Fproduct_cat&post=1355"},{"taxonomy":"product_tag","embeddable":true,"href":"https:\/\/bricer.pt\/index.php?rest_route=%2Fwp%2Fv2%2Fproduct_tag&post=1355"}],"curies":[{"name":"wp","href":"https:\/\/api.w.org\/{rel}","templated":true}]}}