{"id":1351,"date":"2023-03-06T11:15:12","date_gmt":"2023-03-06T11:15:12","guid":{"rendered":"https:\/\/bricer.pt\/produto\/nick-manteiga-de-amendoim-crocante-frasco-350g\/"},"modified":"2025-09-10T14:06:52","modified_gmt":"2025-09-10T14:06:52","slug":"nick-manteiga-de-amendoim-crocante-frasco-350g","status":"publish","type":"product","link":"https:\/\/bricer.pt\/?product=nick-manteiga-de-amendoim-crocante-frasco-350g","title":{"rendered":"Nick Manteiga de Amendoim Crocante Frasco 350g"},"content":{"rendered":"<p><strong>Nick Manteiga de Amendoim Crocante Frasco 350g.<\/strong><\/p>\n<p>&nbsp;<\/p>\n<p><strong>Ingredientes<\/strong>: AMENDOINS (91%), a\u00e7\u00facar, \u00f3leo de palma totalmente hidrogenado, sal.<\/p>\n<p><strong>Declara\u00e7\u00e3o Nutricional p\/100g:<\/strong> Energia 2403kJ\/576kcal; L\u00edpidos 47g (dos quais saturados 9,0g); Hidratos de Carbono 20g (dos quais a\u00e7\u00facares 11g); Fibra 5,4g; Prote\u00ednas 21g; Sal 2,0g.<\/p>\n","protected":false},"excerpt":{"rendered":"<p>Nick Manteiga de Amendoim Crocante Frasco 350g. &nbsp; Ingredientes: AMENDOINS (91%), a\u00e7\u00facar, \u00f3leo de palma totalmente hidrogenado, sal. Declara\u00e7\u00e3o Nutricional p\/100g: Energia 2403kJ\/576kcal; L\u00edpidos 47g (dos quais saturados 9,0g); Hidratos de Carbono 20g (dos quais a\u00e7\u00facares 11g); Fibra 5,4g; Prote\u00ednas 21g; Sal 2,0g.<\/p>\n","protected":false},"featured_media":1352,"template":"","meta":[],"product_brand":[],"product_cat":[76,84],"product_tag":[],"class_list":{"0":"post-1351","1":"product","2":"type-product","3":"status-publish","4":"has-post-thumbnail","6":"product_cat-mercearia-doce","7":"product_cat-pastas-p-barrar","8":"pa_marcas-nick","9":"pa_pais-estados-unidos-da-america","11":"first","12":"instock","13":"taxable","14":"shipping-taxable","15":"product-type-simple"},"_links":{"self":[{"href":"https:\/\/bricer.pt\/index.php?rest_route=\/wp\/v2\/product\/1351","targetHints":{"allow":["GET"]}}],"collection":[{"href":"https:\/\/bricer.pt\/index.php?rest_route=\/wp\/v2\/product"}],"about":[{"href":"https:\/\/bricer.pt\/index.php?rest_route=\/wp\/v2\/types\/product"}],"wp:featuredmedia":[{"embeddable":true,"href":"https:\/\/bricer.pt\/index.php?rest_route=\/wp\/v2\/media\/1352"}],"wp:attachment":[{"href":"https:\/\/bricer.pt\/index.php?rest_route=%2Fwp%2Fv2%2Fmedia&parent=1351"}],"wp:term":[{"taxonomy":"product_brand","embeddable":true,"href":"https:\/\/bricer.pt\/index.php?rest_route=%2Fwp%2Fv2%2Fproduct_brand&post=1351"},{"taxonomy":"product_cat","embeddable":true,"href":"https:\/\/bricer.pt\/index.php?rest_route=%2Fwp%2Fv2%2Fproduct_cat&post=1351"},{"taxonomy":"product_tag","embeddable":true,"href":"https:\/\/bricer.pt\/index.php?rest_route=%2Fwp%2Fv2%2Fproduct_tag&post=1351"}],"curies":[{"name":"wp","href":"https:\/\/api.w.org\/{rel}","templated":true}]}}