{"id":1345,"date":"2023-03-06T11:15:12","date_gmt":"2023-03-06T11:15:12","guid":{"rendered":"https:\/\/bricer.pt\/produto\/nesquick-po-soluvel-de-morango-caixa-300g\/"},"modified":"2023-04-17T07:59:40","modified_gmt":"2023-04-17T07:59:40","slug":"nesquick-po-soluvel-de-morango-caixa-300g","status":"publish","type":"product","link":"https:\/\/bricer.pt\/?product=nesquick-po-soluvel-de-morango-caixa-300g","title":{"rendered":"Nesquick P\u00f3 Sol\u00favel de Morango Caixa 300g"},"content":{"rendered":"<p><b>Nesquick P\u00f3 Sol\u00favel de Morango Caixa 300g.<\/b><\/p>\n<p>&nbsp;<\/p>\n<p><strong>Ingredientes<\/strong>: A\u00e7\u00facar, maltodextrina, corante natural (beterraba vermelha), aromas naturais, vitaminas (C, D).<\/p>\n<p><strong>Declara\u00e7\u00e3o Nutricional p\/100g:<\/strong> Energia 275kJ\/65kcal; L\u00edpidos 1,7g (dos quais saturados 1,1g); Hidratos de Carbono 9,0g (dos quais a\u00e7\u00facares 8,3g); Fibra 0,0g; Prote\u00ednas 3,5g; Sal 0,11g; Vitamina C 11mg; Vitamina D 0,75mg; C\u00e1lcio 120mg.<\/p>\n","protected":false},"excerpt":{"rendered":"<p>Nesquick P\u00f3 Sol\u00favel de Morango Caixa 300g. &nbsp; Ingredientes: A\u00e7\u00facar, maltodextrina, corante natural (beterraba vermelha), aromas naturais, vitaminas (C, D). Declara\u00e7\u00e3o Nutricional p\/100g: Energia 275kJ\/65kcal; L\u00edpidos 1,7g (dos quais saturados 1,1g); Hidratos de Carbono 9,0g (dos quais a\u00e7\u00facares 8,3g); Fibra 0,0g; Prote\u00ednas 3,5g; Sal 0,11g; Vitamina C 11mg; Vitamina D 0,75mg; C\u00e1lcio 120mg.<\/p>\n","protected":false},"featured_media":0,"template":"","meta":[],"product_brand":[],"product_cat":[76,82],"product_tag":[],"class_list":{"0":"post-1345","1":"product","2":"type-product","3":"status-publish","5":"product_cat-mercearia-doce","6":"product_cat-pequeno-almoco","7":"pa_marcas-nestle","8":"pa_pais-reino-unido","10":"first","11":"instock","12":"taxable","13":"shipping-taxable","14":"product-type-simple"},"_links":{"self":[{"href":"https:\/\/bricer.pt\/index.php?rest_route=\/wp\/v2\/product\/1345","targetHints":{"allow":["GET"]}}],"collection":[{"href":"https:\/\/bricer.pt\/index.php?rest_route=\/wp\/v2\/product"}],"about":[{"href":"https:\/\/bricer.pt\/index.php?rest_route=\/wp\/v2\/types\/product"}],"wp:attachment":[{"href":"https:\/\/bricer.pt\/index.php?rest_route=%2Fwp%2Fv2%2Fmedia&parent=1345"}],"wp:term":[{"taxonomy":"product_brand","embeddable":true,"href":"https:\/\/bricer.pt\/index.php?rest_route=%2Fwp%2Fv2%2Fproduct_brand&post=1345"},{"taxonomy":"product_cat","embeddable":true,"href":"https:\/\/bricer.pt\/index.php?rest_route=%2Fwp%2Fv2%2Fproduct_cat&post=1345"},{"taxonomy":"product_tag","embeddable":true,"href":"https:\/\/bricer.pt\/index.php?rest_route=%2Fwp%2Fv2%2Fproduct_tag&post=1345"}],"curies":[{"name":"wp","href":"https:\/\/api.w.org\/{rel}","templated":true}]}}