{"id":1343,"date":"2023-03-06T11:15:12","date_gmt":"2023-03-06T11:15:12","guid":{"rendered":"https:\/\/bricer.pt\/produto\/nesquick-po-soluvel-de-banana-caixa-300g\/"},"modified":"2023-04-17T07:59:40","modified_gmt":"2023-04-17T07:59:40","slug":"nesquick-po-soluvel-de-banana-caixa-300g","status":"publish","type":"product","link":"https:\/\/bricer.pt\/?product=nesquick-po-soluvel-de-banana-caixa-300g","title":{"rendered":"Nesquick P\u00f3 Soluvel de Banana Caixa 300g"},"content":{"rendered":"<p><strong>Nesquick P\u00f3 Soluvel de Banana Caixa 300g.<\/strong><\/p>\n<p>&nbsp;<\/p>\n<p><strong>Ingredientes<\/strong>: A\u00e7\u00facar, maltodextrina, aroma naturas, vitaminas (C, tiamina, D), corantes naturais (beta-caroteno, curcumina), minerais (ferro, zinco).<\/p>\n<p><strong>Alerg\u00e9nicos<\/strong>: Pode conter vest\u00edgios de soja.<\/p>\n<p><strong>Declara\u00e7\u00e3o Nutricional p\/100ml:<\/strong> Energia 318kJ\/75kcal; L\u00edpidos 1,8g (dos quais saturados 1,1g); Hidratos de Carbono 11,2g (dos quais a\u00e7\u00facares 9,9g); Fibra 0,0g; Prote\u00ednas 3,6g; Sal 0,11g; Vitamina C 9,2mg; Tiamina 0,08mg; Vitamina D 0,77\u00b5g; C\u00e1lcio 125mg; F\u00f3sforo 98,0mg; Ferro 1,1mg; Zinco 0,8mg.<\/p>\n<p>&nbsp;<\/p>\n<p>&nbsp;<\/p>\n","protected":false},"excerpt":{"rendered":"<p>Nesquick P\u00f3 Soluvel de Banana Caixa 300g. &nbsp; Ingredientes: A\u00e7\u00facar, maltodextrina, aroma naturas, vitaminas (C, tiamina, D), corantes naturais (beta-caroteno, curcumina), minerais (ferro, zinco). Alerg\u00e9nicos: Pode conter vest\u00edgios de soja. Declara\u00e7\u00e3o Nutricional p\/100ml: Energia 318kJ\/75kcal; L\u00edpidos 1,8g (dos quais saturados 1,1g); Hidratos de Carbono 11,2g (dos quais a\u00e7\u00facares 9,9g); Fibra 0,0g; Prote\u00ednas 3,6g; Sal 0,11g; [&hellip;]<\/p>\n","protected":false},"featured_media":1344,"template":"","meta":[],"product_brand":[],"product_cat":[76,82],"product_tag":[],"class_list":{"0":"post-1343","1":"product","2":"type-product","3":"status-publish","4":"has-post-thumbnail","6":"product_cat-mercearia-doce","7":"product_cat-pequeno-almoco","8":"pa_marcas-nestle","9":"pa_pais-reino-unido","11":"first","12":"outofstock","13":"taxable","14":"shipping-taxable","15":"product-type-simple"},"_links":{"self":[{"href":"https:\/\/bricer.pt\/index.php?rest_route=\/wp\/v2\/product\/1343","targetHints":{"allow":["GET"]}}],"collection":[{"href":"https:\/\/bricer.pt\/index.php?rest_route=\/wp\/v2\/product"}],"about":[{"href":"https:\/\/bricer.pt\/index.php?rest_route=\/wp\/v2\/types\/product"}],"wp:featuredmedia":[{"embeddable":true,"href":"https:\/\/bricer.pt\/index.php?rest_route=\/wp\/v2\/media\/1344"}],"wp:attachment":[{"href":"https:\/\/bricer.pt\/index.php?rest_route=%2Fwp%2Fv2%2Fmedia&parent=1343"}],"wp:term":[{"taxonomy":"product_brand","embeddable":true,"href":"https:\/\/bricer.pt\/index.php?rest_route=%2Fwp%2Fv2%2Fproduct_brand&post=1343"},{"taxonomy":"product_cat","embeddable":true,"href":"https:\/\/bricer.pt\/index.php?rest_route=%2Fwp%2Fv2%2Fproduct_cat&post=1343"},{"taxonomy":"product_tag","embeddable":true,"href":"https:\/\/bricer.pt\/index.php?rest_route=%2Fwp%2Fv2%2Fproduct_tag&post=1343"}],"curies":[{"name":"wp","href":"https:\/\/api.w.org\/{rel}","templated":true}]}}