{"id":1341,"date":"2023-03-06T11:15:12","date_gmt":"2023-03-06T11:15:12","guid":{"rendered":"https:\/\/bricer.pt\/produto\/naturigin-laca-longa-duracao-spray-300ml\/"},"modified":"2023-04-17T07:59:39","modified_gmt":"2023-04-17T07:59:39","slug":"naturigin-laca-longa-duracao-spray-300ml","status":"publish","type":"product","link":"https:\/\/bricer.pt\/?product=naturigin-laca-longa-duracao-spray-300ml","title":{"rendered":"Naturigin Laca Longa Dura\u00e7\u00e3o Spray 300ml"},"content":{"rendered":"<p><strong>Naturigin Laca Longa Dura\u00e7\u00e3o<\/strong> Spray 300ml.<\/p>\n<p>&nbsp;<\/p>\n<p><strong>Caracter\u00edsticas<\/strong>: A laca de longa dura\u00e7\u00e3o \u00e9 feita com uma f\u00f3rmula \u00fanica e exclusiva enriquecida com Vitamina E com \u00f3leo de arg\u00e3o certificado org\u00e2nico. Com a capacidade \u00fanica de penetrar o cabelo enquanto se adiciona camadas de estrutura \u00e0s mechas de cabelo independentes, ajuda a aumentar a resili\u00eancia e for\u00e7a, especialmente quando se utiliza diariamente para assegurar uma fixa\u00e7\u00e3o natural durante todo o dia.<\/p>\n<p><strong>Ingredientes<\/strong>: Dimethyl Ether, Alcohol denat., Octylacrylamide\/Acrylates\/Butyl Amino-Ethyl Methacrylate Copolymer, Aqua\/water, VA\/Crotonates\/Vinyl Neodecanoate Copolymer, Diisopropyl adipate, Tocopherol, <i>Argania spinosa<\/i> kernel oil, Parfum.<\/p>\n<p><strong>Advert\u00eancias<\/strong>: Aerossol altamente inflam\u00e1vel. Recipiente pressurizado. Pode rebentar se aquecido. Manter afastado do calor, superf\u00edcies quentes, fa\u00edscas, chamas e outras fontes de igni\u00e7\u00e3o. N\u00e3o fumar. N\u00e3o pulverizar sobre uma chama ou outra fonte de igni\u00e7\u00e3o. N\u00e3o furar ou queimar, mesmo ap\u00f3s utiliza\u00e7\u00e3o. Proteger da luz solar. N\u00e3o expor a temperaturas superiores a 50\u00b0C (120\u00b0F). Manter fora do alcance das crian\u00e7as.<\/p>\n<p><strong>Instru\u00e7\u00f5es<\/strong>: Segure a lata aproximadamente a 30cm do cabelo seco. Mantenha longe dos olhos e espalhe uniformemente e por camadas para uma melhor fixa\u00e7\u00e3o.<\/p>\n<p><strong>Outras Informa\u00e7\u00f5es:<\/strong> O propulsor escolhido e utilizado neste produto \u00e9 o g\u00e1s<br \/>\nDimetil \u00e9ter (DME) Bio de um programa certificado. Derivado 100% de res\u00edduos<br \/>\nde biomassas renov\u00e1veis, o DME Bio \u00e9 um g\u00e1s incolor altamente biodegrad\u00e1vel,<br \/>\nn\u00e3o corrosivo e n\u00e3o ir\u00e1 contaminar o solo e os aqu\u00edferos. O DME Bio \u00e9 n\u00e3o cancer\u00edgeno, n\u00e3o mutag\u00e9nico e virtualmente n\u00e3o t\u00f3xico. O DME BIO \u00e9 altamente inflam\u00e1vel mas \u00e9 extremamente seguro quando manuseado como descrito. Quando o produto acaba, apenas resta interiormente o ingrediente DME Bio e est\u00e1 pronto a ser reciclado em conformidade.<\/p>\n","protected":false},"excerpt":{"rendered":"<p>Naturigin Laca Longa Dura\u00e7\u00e3o Spray 300ml. &nbsp; Caracter\u00edsticas: A laca de longa dura\u00e7\u00e3o \u00e9 feita com uma f\u00f3rmula \u00fanica e exclusiva enriquecida com Vitamina E com \u00f3leo de arg\u00e3o certificado org\u00e2nico. Com a capacidade \u00fanica de penetrar o cabelo enquanto se adiciona camadas de estrutura \u00e0s mechas de cabelo independentes, ajuda a aumentar a resili\u00eancia [&hellip;]<\/p>\n","protected":false},"featured_media":1342,"template":"","meta":[],"product_brand":[],"product_cat":[55,225,226],"product_tag":[],"class_list":{"0":"post-1341","1":"product","2":"type-product","3":"status-publish","4":"has-post-thumbnail","6":"product_cat-dph","7":"product_cat-hidratacaodph","8":"product_cat-higiene-e-beleza-cabelo-hidratacaodph","9":"pa_marcas-naturigin","10":"pa_pais-dinamarca","12":"first","13":"instock","14":"taxable","15":"shipping-taxable","16":"product-type-simple"},"_links":{"self":[{"href":"https:\/\/bricer.pt\/index.php?rest_route=\/wp\/v2\/product\/1341","targetHints":{"allow":["GET"]}}],"collection":[{"href":"https:\/\/bricer.pt\/index.php?rest_route=\/wp\/v2\/product"}],"about":[{"href":"https:\/\/bricer.pt\/index.php?rest_route=\/wp\/v2\/types\/product"}],"wp:featuredmedia":[{"embeddable":true,"href":"https:\/\/bricer.pt\/index.php?rest_route=\/wp\/v2\/media\/1342"}],"wp:attachment":[{"href":"https:\/\/bricer.pt\/index.php?rest_route=%2Fwp%2Fv2%2Fmedia&parent=1341"}],"wp:term":[{"taxonomy":"product_brand","embeddable":true,"href":"https:\/\/bricer.pt\/index.php?rest_route=%2Fwp%2Fv2%2Fproduct_brand&post=1341"},{"taxonomy":"product_cat","embeddable":true,"href":"https:\/\/bricer.pt\/index.php?rest_route=%2Fwp%2Fv2%2Fproduct_cat&post=1341"},{"taxonomy":"product_tag","embeddable":true,"href":"https:\/\/bricer.pt\/index.php?rest_route=%2Fwp%2Fv2%2Fproduct_tag&post=1341"}],"curies":[{"name":"wp","href":"https:\/\/api.w.org\/{rel}","templated":true}]}}