{"id":1339,"date":"2023-03-06T11:15:12","date_gmt":"2023-03-06T11:15:12","guid":{"rendered":"https:\/\/bricer.pt\/produto\/naturigin-condicionador-proteccao-da-cor-emb-250ml\/"},"modified":"2023-04-17T07:59:39","modified_gmt":"2023-04-17T07:59:39","slug":"naturigin-condicionador-proteccao-da-cor-emb-250ml","status":"publish","type":"product","link":"https:\/\/bricer.pt\/?product=naturigin-condicionador-proteccao-da-cor-emb-250ml","title":{"rendered":"Naturigin Condicionador Protec\u00e7\u00e3o da Cor Emb. 250ml"},"content":{"rendered":"<p><strong>Naturigin Condicionador Protec\u00e7\u00e3o da Cor<\/strong> Emb. 250ml.<\/p>\n<p>&nbsp;<\/p>\n<p><strong>Caracter\u00edsticas<\/strong>: O tratamento de protec\u00e7\u00e3o da cor da Naturigin \u00e9 especialmente desenvolvido para cabelos pintados. A inten\u00e7\u00e3o \u00e9 termos a certeza de que a tinta Naturigin atinja todo o seu potencial com ingredientes naturais, como os seguintes: Prote\u00edna de Seda Hidrolisada: deriva de uma das mais fortes fibras naturais no mundo. Forma uma barreira protectora e cristalina nas mechas de cabelo. Melhora a elasticidade, a resili\u00eancia e aumenta o brilho; Extracto de Flor de Camomila: Fornece suavidade e leveza ao cabelo. Feito com ingredientes org\u00e2nicos e naturais: sem conservantes, fenoxietanol e corantes artificiais; com \u00f3leos essenciais e ingredientes naturais; Qualidade profissional; Contra experi\u00eancias com animais; adequado a veganos; certifica\u00e7\u00e3o FSC; Embalagem recicl\u00e1vel.<\/p>\n<p><strong>Instru\u00e7\u00f5es<\/strong>: Aplicar em cabelo que tenha sido humedecido com \u00e1gua morna e envolver numa toalha durante meia-hora para dar tempo para absorver. Conservar em local seco e fresco. Utilizar at\u00e9 12 meses ap\u00f3s a sua abertura.<\/p>\n<p><strong>Ingredientes<\/strong>: aqua (agua)**, alcohol cetearil**, bis-(ethyl ppg-3 behenat) dimonium methosulfate*, glicerina**, behenamidopropyl dimetilamina*, extracto de flor de chamomilla recutita**, etilhexilglicerina, seda hidrolizada**, prote\u00edna vegetal hidrolizada**, \u00e1cido l\u00e1ctico**, parto**, fum***, potasa sorbato de sium, propilenglicol, benzoato de sodio, \u00e1cido s\u00f3rbico, aceite de trementina, aceite de hoja de eucalipto globulus, aceite de hoja de menta arvensis, aceite de lavandula hybrida, aceite de aguja de abies sibirica***, myristica fragans aceite de fruta***, aceite de brote de eugenia caryophyllus yophylus, aceite de hierba de menta***.<\/p>\n<p>*) Ingredientes para un reciclaje \u00fanico 100% natural biodegradable<\/p>\n<p>**) Ingredientes de origen natural<\/p>\n<p>***) Ingredientes de origen natural en el Parfum<\/p>\n","protected":false},"excerpt":{"rendered":"<p>Naturigin Condicionador Protec\u00e7\u00e3o da Cor Emb. 250ml. &nbsp; Caracter\u00edsticas: O tratamento de protec\u00e7\u00e3o da cor da Naturigin \u00e9 especialmente desenvolvido para cabelos pintados. A inten\u00e7\u00e3o \u00e9 termos a certeza de que a tinta Naturigin atinja todo o seu potencial com ingredientes naturais, como os seguintes: Prote\u00edna de Seda Hidrolisada: deriva de uma das mais fortes [&hellip;]<\/p>\n","protected":false},"featured_media":1340,"template":"","meta":[],"product_brand":[],"product_cat":[55,225,226],"product_tag":[],"class_list":{"0":"post-1339","1":"product","2":"type-product","3":"status-publish","4":"has-post-thumbnail","6":"product_cat-dph","7":"product_cat-hidratacaodph","8":"product_cat-higiene-e-beleza-cabelo-hidratacaodph","9":"pa_marcas-naturigin","10":"pa_pais-dinamarca","12":"first","13":"instock","14":"taxable","15":"shipping-taxable","16":"product-type-simple"},"_links":{"self":[{"href":"https:\/\/bricer.pt\/index.php?rest_route=\/wp\/v2\/product\/1339","targetHints":{"allow":["GET"]}}],"collection":[{"href":"https:\/\/bricer.pt\/index.php?rest_route=\/wp\/v2\/product"}],"about":[{"href":"https:\/\/bricer.pt\/index.php?rest_route=\/wp\/v2\/types\/product"}],"wp:featuredmedia":[{"embeddable":true,"href":"https:\/\/bricer.pt\/index.php?rest_route=\/wp\/v2\/media\/1340"}],"wp:attachment":[{"href":"https:\/\/bricer.pt\/index.php?rest_route=%2Fwp%2Fv2%2Fmedia&parent=1339"}],"wp:term":[{"taxonomy":"product_brand","embeddable":true,"href":"https:\/\/bricer.pt\/index.php?rest_route=%2Fwp%2Fv2%2Fproduct_brand&post=1339"},{"taxonomy":"product_cat","embeddable":true,"href":"https:\/\/bricer.pt\/index.php?rest_route=%2Fwp%2Fv2%2Fproduct_cat&post=1339"},{"taxonomy":"product_tag","embeddable":true,"href":"https:\/\/bricer.pt\/index.php?rest_route=%2Fwp%2Fv2%2Fproduct_tag&post=1339"}],"curies":[{"name":"wp","href":"https:\/\/api.w.org\/{rel}","templated":true}]}}