{"id":1324,"date":"2023-03-06T11:15:03","date_gmt":"2023-03-06T11:15:03","guid":{"rendered":"https:\/\/bricer.pt\/produto\/naturigin-champo-proteccao-da-cor-emb-250ml\/"},"modified":"2023-04-17T07:59:37","modified_gmt":"2023-04-17T07:59:37","slug":"naturigin-champo-proteccao-da-cor-emb-250ml","status":"publish","type":"product","link":"https:\/\/bricer.pt\/?product=naturigin-champo-proteccao-da-cor-emb-250ml","title":{"rendered":"Naturigin Champ\u00f4 Protec\u00e7\u00e3o da Cor Emb. 250ml"},"content":{"rendered":"<p><strong>Naturigin Champ\u00f4 Protec\u00e7\u00e3o da Cor<\/strong> Emb. 250ml.<\/p>\n<p>&nbsp;<\/p>\n<p><strong>Caracter\u00edsticas<\/strong>: O tratamento de protec\u00e7\u00e3o da cor da Naturigin \u00e9 especialmente desenvolvido para cabelos pintados. A inten\u00e7\u00e3o \u00e9 termos a certeza de que a tinta Naturigin atinja todo o seu potencial com ingredientes naturais, como os seguintes: Prote\u00edna de Seda Hidrolisada: deriva de uma das mais fortes fibras naturais no mundo. Forma uma barreira protectora e cristalina nas mechas de cabelo. Melhora a elasticidade, a resili\u00eancia e aumenta o brilho; Extracto de Flor de Camomila: Fornece suavidade e leveza ao cabelo.<\/p>\n<p><strong>Produ\u00e7\u00e3o<\/strong>: Feito com ingredientes org\u00e2nicos e naturais: sem conservantes, fenoxietanol e corantes artificiais; com \u00f3leos essenciais e ingredientes naturais; Qualidade profissional; Contra experi\u00eancias com animais; adequado a veganos; certifica\u00e7\u00e3o FSC; Embalagem recicl\u00e1vel.<\/p>\n<p><strong>Instru\u00e7\u00f5es<\/strong>: Aplicar em cabelo que tenha sido<br \/>\nhumedecido com \u00e1gua morna e envolver numa toalha durante<br \/>\nmeia-hora para dar tempo para absorver.<\/p>\n<p><strong>Ingredientes<\/strong>: Aqua (water)**, Ammonium Lauryl Sulfate, Cocamidopropyl Betaine**, Glycerin*, <i>Euterpe oleracea<\/i>\u00a0fruit extract*,\u00a0<i>Ginkgo biloba<\/i> leaf extract*, <i>Thymus vulgaris<\/i> flower\/leaf extract*, PEG-7 Glyceryl Cocoate, Hydrolyzed Silk, <i>Aloe barbadensis<\/i> leaf extract*, Caprylyl Glycol, Citric Acid**, Limonene, Linalool, Parfum, Polyquaternium-10, Potassium Sorbate, Sodium Benzoate, Sodium Chloride, Sodium Hydroxide.<\/p>\n<p>* = Certified Organic Ingredient<br \/>\n** = Ingredients from Natural Origin<br \/>\nFree of: Parabens, phenoxyethanol, artificial colors, animal testing.<\/p>\n","protected":false},"excerpt":{"rendered":"<p>Naturigin Champ\u00f4 Protec\u00e7\u00e3o da Cor Emb. 250ml. &nbsp; Caracter\u00edsticas: O tratamento de protec\u00e7\u00e3o da cor da Naturigin \u00e9 especialmente desenvolvido para cabelos pintados. A inten\u00e7\u00e3o \u00e9 termos a certeza de que a tinta Naturigin atinja todo o seu potencial com ingredientes naturais, como os seguintes: Prote\u00edna de Seda Hidrolisada: deriva de uma das mais fortes [&hellip;]<\/p>\n","protected":false},"featured_media":1325,"template":"","meta":[],"product_brand":[],"product_cat":[55,225,226],"product_tag":[],"class_list":{"0":"post-1324","1":"product","2":"type-product","3":"status-publish","4":"has-post-thumbnail","6":"product_cat-dph","7":"product_cat-hidratacaodph","8":"product_cat-higiene-e-beleza-cabelo-hidratacaodph","9":"pa_marcas-naturigin","10":"pa_pais-dinamarca","12":"first","13":"instock","14":"taxable","15":"shipping-taxable","16":"product-type-simple"},"_links":{"self":[{"href":"https:\/\/bricer.pt\/index.php?rest_route=\/wp\/v2\/product\/1324","targetHints":{"allow":["GET"]}}],"collection":[{"href":"https:\/\/bricer.pt\/index.php?rest_route=\/wp\/v2\/product"}],"about":[{"href":"https:\/\/bricer.pt\/index.php?rest_route=\/wp\/v2\/types\/product"}],"wp:featuredmedia":[{"embeddable":true,"href":"https:\/\/bricer.pt\/index.php?rest_route=\/wp\/v2\/media\/1325"}],"wp:attachment":[{"href":"https:\/\/bricer.pt\/index.php?rest_route=%2Fwp%2Fv2%2Fmedia&parent=1324"}],"wp:term":[{"taxonomy":"product_brand","embeddable":true,"href":"https:\/\/bricer.pt\/index.php?rest_route=%2Fwp%2Fv2%2Fproduct_brand&post=1324"},{"taxonomy":"product_cat","embeddable":true,"href":"https:\/\/bricer.pt\/index.php?rest_route=%2Fwp%2Fv2%2Fproduct_cat&post=1324"},{"taxonomy":"product_tag","embeddable":true,"href":"https:\/\/bricer.pt\/index.php?rest_route=%2Fwp%2Fv2%2Fproduct_tag&post=1324"}],"curies":[{"name":"wp","href":"https:\/\/api.w.org\/{rel}","templated":true}]}}