{"id":1317,"date":"2023-03-06T11:15:03","date_gmt":"2023-03-06T11:15:03","guid":{"rendered":"https:\/\/bricer.pt\/produto\/mrs-bridges-mostarda-tradicional-inglesa-frasco-200g\/"},"modified":"2023-04-17T07:59:36","modified_gmt":"2023-04-17T07:59:36","slug":"mrs-bridges-mostarda-tradicional-inglesa-frasco-200g","status":"publish","type":"product","link":"https:\/\/bricer.pt\/?product=mrs-bridges-mostarda-tradicional-inglesa-frasco-200g","title":{"rendered":"Mrs Bridges Mostarda Tradicional Inglesa Frasco 200g"},"content":{"rendered":"<p><strong>Mrs Bridges Mostarda Tradicional Inglesa<\/strong> Frasco 200g.<\/p>\n<p>&nbsp;<\/p>\n<p><strong>Ingredientes<\/strong>: MOSTARDA (33%), \u00e1gua, vinagre de malte (de CEVADA), a\u00e7\u00facar, sal, especiarias, estabilizador: goma xantana.<\/p>\n<p><strong>Alerg\u00e9nios<\/strong>: Ver MAI\u00daSCULAS. Pode conter SULFITOS e vest\u00edgios de OVO.<\/p>\n<p><strong>Declara\u00e7\u00e3o Nutricional p\/100g:<\/strong> Energia 947kJ\/226kcal; L\u00edpidos 11,6g (dos quais \u00e1cidos gordos saturados 0,6g); Hidratos de Carbono 18,8g (dos quais a\u00e7\u00facares 13,3g); Prote\u00ednas 11,6g; Sal 8,4g.<\/p>\n","protected":false},"excerpt":{"rendered":"<p>Mrs Bridges Mostarda Tradicional Inglesa Frasco 200g. &nbsp; Ingredientes: MOSTARDA (33%), \u00e1gua, vinagre de malte (de CEVADA), a\u00e7\u00facar, sal, especiarias, estabilizador: goma xantana. Alerg\u00e9nios: Ver MAI\u00daSCULAS. Pode conter SULFITOS e vest\u00edgios de OVO. Declara\u00e7\u00e3o Nutricional p\/100g: Energia 947kJ\/226kcal; L\u00edpidos 11,6g (dos quais \u00e1cidos gordos saturados 0,6g); Hidratos de Carbono 18,8g (dos quais a\u00e7\u00facares 13,3g); Prote\u00ednas [&hellip;]<\/p>\n","protected":false},"featured_media":1318,"template":"","meta":[],"product_brand":[],"product_cat":[219,145],"product_tag":[],"class_list":{"0":"post-1317","1":"product","2":"type-product","3":"status-publish","4":"has-post-thumbnail","6":"product_cat-maionese-e-mostardas","7":"product_cat-produtos-premium","8":"pa_marcas-mrs-bridges","9":"pa_pais-reino-unido","11":"first","12":"instock","13":"taxable","14":"shipping-taxable","15":"product-type-simple"},"_links":{"self":[{"href":"https:\/\/bricer.pt\/index.php?rest_route=\/wp\/v2\/product\/1317","targetHints":{"allow":["GET"]}}],"collection":[{"href":"https:\/\/bricer.pt\/index.php?rest_route=\/wp\/v2\/product"}],"about":[{"href":"https:\/\/bricer.pt\/index.php?rest_route=\/wp\/v2\/types\/product"}],"wp:featuredmedia":[{"embeddable":true,"href":"https:\/\/bricer.pt\/index.php?rest_route=\/wp\/v2\/media\/1318"}],"wp:attachment":[{"href":"https:\/\/bricer.pt\/index.php?rest_route=%2Fwp%2Fv2%2Fmedia&parent=1317"}],"wp:term":[{"taxonomy":"product_brand","embeddable":true,"href":"https:\/\/bricer.pt\/index.php?rest_route=%2Fwp%2Fv2%2Fproduct_brand&post=1317"},{"taxonomy":"product_cat","embeddable":true,"href":"https:\/\/bricer.pt\/index.php?rest_route=%2Fwp%2Fv2%2Fproduct_cat&post=1317"},{"taxonomy":"product_tag","embeddable":true,"href":"https:\/\/bricer.pt\/index.php?rest_route=%2Fwp%2Fv2%2Fproduct_tag&post=1317"}],"curies":[{"name":"wp","href":"https:\/\/api.w.org\/{rel}","templated":true}]}}