{"id":1314,"date":"2023-03-06T11:15:03","date_gmt":"2023-03-06T11:15:03","guid":{"rendered":"https:\/\/bricer.pt\/produto\/mrs-bridges-mostarda-de-mel-com-champanhe-frasco-200g\/"},"modified":"2023-04-17T07:59:36","modified_gmt":"2023-04-17T07:59:36","slug":"mrs-bridges-mostarda-de-mel-com-champanhe-frasco-200g","status":"publish","type":"product","link":"https:\/\/bricer.pt\/?product=mrs-bridges-mostarda-de-mel-com-champanhe-frasco-200g","title":{"rendered":"Mrs Bridges Mostarda de Mel com Champanhe Frasco 200g"},"content":{"rendered":"<p><strong>Mrs Bridges Mostarda de Mel com Champanhe<\/strong> Frasco 200g.<\/p>\n<p>&nbsp;<\/p>\n<p><strong>Ingredientes<\/strong>: \u00c1gua, vinagre de vinho branco, farinha de MOSTARDA (24%), mel (13%), sal, farelo de MOSTARDA (3%), especiarias, champanhe (0,4%), Marc de Champagne (0,1%).<\/p>\n<p><strong>Alerg\u00e9nios<\/strong>: Ver MAI\u00daSCULAS.<\/p>\n<p><strong>Declara\u00e7\u00e3o Nutricional p\/100g:<\/strong> Energia 747kJ\/178kcal; L\u00edpidos 8,5g (dos quais saturados 0,4g); Hidratos de Carbono 16,6g (dos quais a\u00e7\u00facares 11,0g); Prote\u00ednas 8,8g; Sal 3,1g.<\/p>\n","protected":false},"excerpt":{"rendered":"<p>Mrs Bridges Mostarda de Mel com Champanhe Frasco 200g. &nbsp; Ingredientes: \u00c1gua, vinagre de vinho branco, farinha de MOSTARDA (24%), mel (13%), sal, farelo de MOSTARDA (3%), especiarias, champanhe (0,4%), Marc de Champagne (0,1%). Alerg\u00e9nios: Ver MAI\u00daSCULAS. Declara\u00e7\u00e3o Nutricional p\/100g: Energia 747kJ\/178kcal; L\u00edpidos 8,5g (dos quais saturados 0,4g); Hidratos de Carbono 16,6g (dos quais a\u00e7\u00facares [&hellip;]<\/p>\n","protected":false},"featured_media":1315,"template":"","meta":[],"product_brand":[],"product_cat":[219,145],"product_tag":[],"class_list":{"0":"post-1314","1":"product","2":"type-product","3":"status-publish","4":"has-post-thumbnail","6":"product_cat-maionese-e-mostardas","7":"product_cat-produtos-premium","8":"pa_marcas-mrs-bridges","9":"pa_pais-reino-unido","11":"first","12":"instock","13":"taxable","14":"shipping-taxable","15":"product-type-simple"},"_links":{"self":[{"href":"https:\/\/bricer.pt\/index.php?rest_route=\/wp\/v2\/product\/1314","targetHints":{"allow":["GET"]}}],"collection":[{"href":"https:\/\/bricer.pt\/index.php?rest_route=\/wp\/v2\/product"}],"about":[{"href":"https:\/\/bricer.pt\/index.php?rest_route=\/wp\/v2\/types\/product"}],"wp:featuredmedia":[{"embeddable":true,"href":"https:\/\/bricer.pt\/index.php?rest_route=\/wp\/v2\/media\/1315"}],"wp:attachment":[{"href":"https:\/\/bricer.pt\/index.php?rest_route=%2Fwp%2Fv2%2Fmedia&parent=1314"}],"wp:term":[{"taxonomy":"product_brand","embeddable":true,"href":"https:\/\/bricer.pt\/index.php?rest_route=%2Fwp%2Fv2%2Fproduct_brand&post=1314"},{"taxonomy":"product_cat","embeddable":true,"href":"https:\/\/bricer.pt\/index.php?rest_route=%2Fwp%2Fv2%2Fproduct_cat&post=1314"},{"taxonomy":"product_tag","embeddable":true,"href":"https:\/\/bricer.pt\/index.php?rest_route=%2Fwp%2Fv2%2Fproduct_tag&post=1314"}],"curies":[{"name":"wp","href":"https:\/\/api.w.org\/{rel}","templated":true}]}}