{"id":1312,"date":"2023-03-06T11:15:03","date_gmt":"2023-03-06T11:15:03","guid":{"rendered":"https:\/\/bricer.pt\/produto\/mrs-bridges-mostarda-de-chili-frasco-200g\/"},"modified":"2023-04-17T07:59:36","modified_gmt":"2023-04-17T07:59:36","slug":"mrs-bridges-mostarda-de-chili-frasco-200g","status":"publish","type":"product","link":"https:\/\/bricer.pt\/?product=mrs-bridges-mostarda-de-chili-frasco-200g","title":{"rendered":"Mrs Bridges Mostarda de Chili Frasco 200g"},"content":{"rendered":"<p><strong>Mrs Bridges Mostarda de Chili<\/strong> Frasco 200g.<\/p>\n<p>&nbsp;<\/p>\n<p><strong>Ingredientes<\/strong>: sementes de MOSTARDA (33%), vinagre de vinho branco, \u00e1gua, a\u00e7\u00facar, sal, farelo de MOSTARDA, malagueta em p\u00f3 (1%), pimenta preta.<\/p>\n<p><strong>Alerg\u00e9nios<\/strong>: Ver MAI\u00daSCULAS.<\/p>\n<p><strong>Declara\u00e7\u00e3o Nutricional p\/100g:<\/strong> Energia 736kJ\/176kcal; L\u00edpidos 10,9g (dos quais saturados 0g); Hidratos de Carbono 15,2g (dos quais a\u00e7\u00facares 5,9g); Prote\u00ednas 4,4g; Sal 3,8g.<\/p>\n","protected":false},"excerpt":{"rendered":"<p>Mrs Bridges Mostarda de Chili Frasco 200g. &nbsp; Ingredientes: sementes de MOSTARDA (33%), vinagre de vinho branco, \u00e1gua, a\u00e7\u00facar, sal, farelo de MOSTARDA, malagueta em p\u00f3 (1%), pimenta preta. Alerg\u00e9nios: Ver MAI\u00daSCULAS. Declara\u00e7\u00e3o Nutricional p\/100g: Energia 736kJ\/176kcal; L\u00edpidos 10,9g (dos quais saturados 0g); Hidratos de Carbono 15,2g (dos quais a\u00e7\u00facares 5,9g); Prote\u00ednas 4,4g; Sal 3,8g.<\/p>\n","protected":false},"featured_media":1313,"template":"","meta":[],"product_brand":[],"product_cat":[219,145],"product_tag":[],"class_list":{"0":"post-1312","1":"product","2":"type-product","3":"status-publish","4":"has-post-thumbnail","6":"product_cat-maionese-e-mostardas","7":"product_cat-produtos-premium","8":"pa_marcas-mrs-bridges","9":"pa_pais-reino-unido","11":"first","12":"instock","13":"taxable","14":"shipping-taxable","15":"product-type-simple"},"_links":{"self":[{"href":"https:\/\/bricer.pt\/index.php?rest_route=\/wp\/v2\/product\/1312","targetHints":{"allow":["GET"]}}],"collection":[{"href":"https:\/\/bricer.pt\/index.php?rest_route=\/wp\/v2\/product"}],"about":[{"href":"https:\/\/bricer.pt\/index.php?rest_route=\/wp\/v2\/types\/product"}],"wp:featuredmedia":[{"embeddable":true,"href":"https:\/\/bricer.pt\/index.php?rest_route=\/wp\/v2\/media\/1313"}],"wp:attachment":[{"href":"https:\/\/bricer.pt\/index.php?rest_route=%2Fwp%2Fv2%2Fmedia&parent=1312"}],"wp:term":[{"taxonomy":"product_brand","embeddable":true,"href":"https:\/\/bricer.pt\/index.php?rest_route=%2Fwp%2Fv2%2Fproduct_brand&post=1312"},{"taxonomy":"product_cat","embeddable":true,"href":"https:\/\/bricer.pt\/index.php?rest_route=%2Fwp%2Fv2%2Fproduct_cat&post=1312"},{"taxonomy":"product_tag","embeddable":true,"href":"https:\/\/bricer.pt\/index.php?rest_route=%2Fwp%2Fv2%2Fproduct_tag&post=1312"}],"curies":[{"name":"wp","href":"https:\/\/api.w.org\/{rel}","templated":true}]}}