{"id":1306,"date":"2023-03-06T11:15:03","date_gmt":"2023-03-06T11:15:03","guid":{"rendered":"https:\/\/bricer.pt\/produto\/mrs-bridges-molho-hortela-frasco-200g\/"},"modified":"2023-04-17T07:59:36","modified_gmt":"2023-04-17T07:59:36","slug":"mrs-bridges-molho-hortela-frasco-200g","status":"publish","type":"product","link":"https:\/\/bricer.pt\/?product=mrs-bridges-molho-hortela-frasco-200g","title":{"rendered":"Mrs Bridges Molho Hortel\u00e3  Frasco 200g"},"content":{"rendered":"<p><strong>Mrs Bridges Molho Hortel\u00e3<\/strong> Frasco 200g.<\/p>\n<p>&nbsp;<\/p>\n<p><strong>Ingredientes<\/strong>: Menta (34%), vinagre de vinho branco, a\u00e7\u00facar, amido de milho modificado, sal, corante: clorofilina E141.<\/p>\n<p><strong>Alerg\u00e9nios<\/strong>: Ver MAI\u00daSCULAS. Pode conter vest\u00edgios de Mostarda.<\/p>\n<p><strong>Declara\u00e7\u00e3o Nutricional p\/100g:<\/strong> Energia 318kJ\/75kcal; L\u00edpidos 0,3g (dos quais saturados 0g); Hidratos de Carbono 16,6g (dos quais a\u00e7\u00facares 11,6g); Prote\u00ednas 1,5g; Sal 1,3g.<\/p>\n","protected":false},"excerpt":{"rendered":"<p>Mrs Bridges Molho Hortel\u00e3 Frasco 200g. &nbsp; Ingredientes: Menta (34%), vinagre de vinho branco, a\u00e7\u00facar, amido de milho modificado, sal, corante: clorofilina E141. Alerg\u00e9nios: Ver MAI\u00daSCULAS. Pode conter vest\u00edgios de Mostarda. Declara\u00e7\u00e3o Nutricional p\/100g: Energia 318kJ\/75kcal; L\u00edpidos 0,3g (dos quais saturados 0g); Hidratos de Carbono 16,6g (dos quais a\u00e7\u00facares 11,6g); Prote\u00ednas 1,5g; Sal 1,3g.<\/p>\n","protected":false},"featured_media":1307,"template":"","meta":[],"product_brand":[],"product_cat":[222,145],"product_tag":[],"class_list":{"0":"post-1306","1":"product","2":"type-product","3":"status-publish","4":"has-post-thumbnail","6":"product_cat-molhos-diversos","7":"product_cat-produtos-premium","8":"pa_marcas-mrs-bridges","9":"pa_pais-reino-unido","11":"first","12":"instock","13":"taxable","14":"shipping-taxable","15":"product-type-simple"},"_links":{"self":[{"href":"https:\/\/bricer.pt\/index.php?rest_route=\/wp\/v2\/product\/1306","targetHints":{"allow":["GET"]}}],"collection":[{"href":"https:\/\/bricer.pt\/index.php?rest_route=\/wp\/v2\/product"}],"about":[{"href":"https:\/\/bricer.pt\/index.php?rest_route=\/wp\/v2\/types\/product"}],"wp:featuredmedia":[{"embeddable":true,"href":"https:\/\/bricer.pt\/index.php?rest_route=\/wp\/v2\/media\/1307"}],"wp:attachment":[{"href":"https:\/\/bricer.pt\/index.php?rest_route=%2Fwp%2Fv2%2Fmedia&parent=1306"}],"wp:term":[{"taxonomy":"product_brand","embeddable":true,"href":"https:\/\/bricer.pt\/index.php?rest_route=%2Fwp%2Fv2%2Fproduct_brand&post=1306"},{"taxonomy":"product_cat","embeddable":true,"href":"https:\/\/bricer.pt\/index.php?rest_route=%2Fwp%2Fv2%2Fproduct_cat&post=1306"},{"taxonomy":"product_tag","embeddable":true,"href":"https:\/\/bricer.pt\/index.php?rest_route=%2Fwp%2Fv2%2Fproduct_tag&post=1306"}],"curies":[{"name":"wp","href":"https:\/\/api.w.org\/{rel}","templated":true}]}}