{"id":1300,"date":"2023-03-06T11:15:03","date_gmt":"2023-03-06T11:15:03","guid":{"rendered":"https:\/\/bricer.pt\/produto\/mrs-bridges-molho-de-cebola-doce-frasco-230g\/"},"modified":"2023-04-17T07:59:35","modified_gmt":"2023-04-17T07:59:35","slug":"mrs-bridges-molho-de-cebola-doce-frasco-230g","status":"publish","type":"product","link":"https:\/\/bricer.pt\/?product=mrs-bridges-molho-de-cebola-doce-frasco-230g","title":{"rendered":"Mrs Bridges Molho de Cebola Doce Frasco 230g"},"content":{"rendered":"<p><strong>Mrs Bridges Molho de Cebola Doce<\/strong> Frasco 230g.<\/p>\n<p>&nbsp;<\/p>\n<p><strong>Ingredientes<\/strong>: cebolas (46%), a\u00e7\u00facar (30%), vinagre de cidra, tomates, passas, pimentos vermelhos, farelo de MOSTARDA, sementes de MOSTARDA amarela, sal, especiarias.<\/p>\n<p><strong>Alerg\u00e9nios<\/strong>: Ver MAI\u00daSCULAS.<\/p>\n<p><strong>Declara\u00e7\u00e3o Nutricional p\/100g:<\/strong> Energia 950kJ\/224kcal; L\u00edpidos 0,4g (dos quais saturados 0g); Hidratos de Carbono 53,7g (dos quais a\u00e7\u00facares 51,7g); Prote\u00ednas 1,3g; Sal 0,3g.<\/p>\n","protected":false},"excerpt":{"rendered":"<p>Mrs Bridges Molho de Cebola Doce Frasco 230g. &nbsp; Ingredientes: cebolas (46%), a\u00e7\u00facar (30%), vinagre de cidra, tomates, passas, pimentos vermelhos, farelo de MOSTARDA, sementes de MOSTARDA amarela, sal, especiarias. Alerg\u00e9nios: Ver MAI\u00daSCULAS. Declara\u00e7\u00e3o Nutricional p\/100g: Energia 950kJ\/224kcal; L\u00edpidos 0,4g (dos quais saturados 0g); Hidratos de Carbono 53,7g (dos quais a\u00e7\u00facares 51,7g); Prote\u00ednas 1,3g; Sal [&hellip;]<\/p>\n","protected":false},"featured_media":1301,"template":"","meta":[],"product_brand":[],"product_cat":[222,145],"product_tag":[],"class_list":{"0":"post-1300","1":"product","2":"type-product","3":"status-publish","4":"has-post-thumbnail","6":"product_cat-molhos-diversos","7":"product_cat-produtos-premium","8":"pa_marcas-mrs-bridges","9":"pa_pais-reino-unido","11":"first","12":"instock","13":"taxable","14":"shipping-taxable","15":"product-type-simple"},"_links":{"self":[{"href":"https:\/\/bricer.pt\/index.php?rest_route=\/wp\/v2\/product\/1300","targetHints":{"allow":["GET"]}}],"collection":[{"href":"https:\/\/bricer.pt\/index.php?rest_route=\/wp\/v2\/product"}],"about":[{"href":"https:\/\/bricer.pt\/index.php?rest_route=\/wp\/v2\/types\/product"}],"wp:featuredmedia":[{"embeddable":true,"href":"https:\/\/bricer.pt\/index.php?rest_route=\/wp\/v2\/media\/1301"}],"wp:attachment":[{"href":"https:\/\/bricer.pt\/index.php?rest_route=%2Fwp%2Fv2%2Fmedia&parent=1300"}],"wp:term":[{"taxonomy":"product_brand","embeddable":true,"href":"https:\/\/bricer.pt\/index.php?rest_route=%2Fwp%2Fv2%2Fproduct_brand&post=1300"},{"taxonomy":"product_cat","embeddable":true,"href":"https:\/\/bricer.pt\/index.php?rest_route=%2Fwp%2Fv2%2Fproduct_cat&post=1300"},{"taxonomy":"product_tag","embeddable":true,"href":"https:\/\/bricer.pt\/index.php?rest_route=%2Fwp%2Fv2%2Fproduct_tag&post=1300"}],"curies":[{"name":"wp","href":"https:\/\/api.w.org\/{rel}","templated":true}]}}