{"id":1298,"date":"2023-03-06T11:15:03","date_gmt":"2023-03-06T11:15:03","guid":{"rendered":"https:\/\/bricer.pt\/produto\/mrs-bridges-molho-de-arando-c-porto-frasco-250g\/"},"modified":"2023-04-17T07:59:35","modified_gmt":"2023-04-17T07:59:35","slug":"mrs-bridges-molho-de-arando-c-porto-frasco-250g","status":"publish","type":"product","link":"https:\/\/bricer.pt\/?product=mrs-bridges-molho-de-arando-c-porto-frasco-250g","title":{"rendered":"Mrs Bridges Molho de Arando c\/ Porto Frasco 250g"},"content":{"rendered":"<p><strong>Mrs Bridges Molho de Arando c\/ Porto<\/strong> Frasco 250g.<\/p>\n<p>&nbsp;<\/p>\n<p><strong>Ingredientes<\/strong>: A\u00e7\u00facar, arandos (30%), Porto (2%), agente gelificante: pectina de fruta; reguladores de acidez: citrato de s\u00f3dio e \u00e1cido c\u00edtrico.<\/p>\n<p><strong>Alerg\u00e9nios<\/strong>: Ver MAI\u00daSCULAS.<\/p>\n<p><strong>Declara\u00e7\u00e3o Nutricional p\/100g:<\/strong> Energia 1153kJ\/271kcal; L\u00edpidos 0g (dos quais \u00e1cidos gordos saturados 0g); Hidratos de Carbono 67,2g (dos quais a\u00e7\u00facares 67,2g); Prote\u00ednas 0,1g; Sal 0g.<\/p>\n","protected":false},"excerpt":{"rendered":"<p>Mrs Bridges Molho de Arando c\/ Porto Frasco 250g. &nbsp; Ingredientes: A\u00e7\u00facar, arandos (30%), Porto (2%), agente gelificante: pectina de fruta; reguladores de acidez: citrato de s\u00f3dio e \u00e1cido c\u00edtrico. Alerg\u00e9nios: Ver MAI\u00daSCULAS. Declara\u00e7\u00e3o Nutricional p\/100g: Energia 1153kJ\/271kcal; L\u00edpidos 0g (dos quais \u00e1cidos gordos saturados 0g); Hidratos de Carbono 67,2g (dos quais a\u00e7\u00facares 67,2g); Prote\u00ednas [&hellip;]<\/p>\n","protected":false},"featured_media":1299,"template":"","meta":[],"product_brand":[],"product_cat":[222,145],"product_tag":[],"class_list":{"0":"post-1298","1":"product","2":"type-product","3":"status-publish","4":"has-post-thumbnail","6":"product_cat-molhos-diversos","7":"product_cat-produtos-premium","8":"pa_marcas-mrs-bridges","9":"pa_pais-reino-unido","11":"first","12":"instock","13":"taxable","14":"shipping-taxable","15":"product-type-simple"},"_links":{"self":[{"href":"https:\/\/bricer.pt\/index.php?rest_route=\/wp\/v2\/product\/1298","targetHints":{"allow":["GET"]}}],"collection":[{"href":"https:\/\/bricer.pt\/index.php?rest_route=\/wp\/v2\/product"}],"about":[{"href":"https:\/\/bricer.pt\/index.php?rest_route=\/wp\/v2\/types\/product"}],"wp:featuredmedia":[{"embeddable":true,"href":"https:\/\/bricer.pt\/index.php?rest_route=\/wp\/v2\/media\/1299"}],"wp:attachment":[{"href":"https:\/\/bricer.pt\/index.php?rest_route=%2Fwp%2Fv2%2Fmedia&parent=1298"}],"wp:term":[{"taxonomy":"product_brand","embeddable":true,"href":"https:\/\/bricer.pt\/index.php?rest_route=%2Fwp%2Fv2%2Fproduct_brand&post=1298"},{"taxonomy":"product_cat","embeddable":true,"href":"https:\/\/bricer.pt\/index.php?rest_route=%2Fwp%2Fv2%2Fproduct_cat&post=1298"},{"taxonomy":"product_tag","embeddable":true,"href":"https:\/\/bricer.pt\/index.php?rest_route=%2Fwp%2Fv2%2Fproduct_tag&post=1298"}],"curies":[{"name":"wp","href":"https:\/\/api.w.org\/{rel}","templated":true}]}}