{"id":1296,"date":"2023-03-06T11:14:28","date_gmt":"2023-03-06T11:14:28","guid":{"rendered":"https:\/\/bricer.pt\/produto\/mrs-bridges-molho-de-ananas-e-manga-frasco-200g\/"},"modified":"2023-04-17T07:59:34","modified_gmt":"2023-04-17T07:59:34","slug":"mrs-bridges-molho-de-ananas-e-manga-frasco-200g","status":"publish","type":"product","link":"https:\/\/bricer.pt\/?product=mrs-bridges-molho-de-ananas-e-manga-frasco-200g","title":{"rendered":"Mrs Bridges Molho de Anan\u00e1s e Manga Frasco 200g"},"content":{"rendered":"<p><strong>Mrs Bridges Molho de Anan\u00e1s e Manga<\/strong> Frasco 200g.<\/p>\n<p>&nbsp;<\/p>\n<p><strong>Ingredientes<\/strong>: Anan\u00e1s (40%), manga (20%), a\u00e7\u00facar, cebolas, vinagre de vinho branco, pimentos vermelhos, sumo de lima (de concentrado), chilis, coentros, especiarias, sal.<\/p>\n<p><strong>Alerg\u00e9nios<\/strong>: Ver MAI\u00daSCULAS. Pode conter vest\u00edgios de Mostarda.<\/p>\n<p><strong>Declara\u00e7\u00e3o Nutricional p\/100g:<\/strong> Energia 547kJ\/129kcal; L\u00edpidos 0,1g (dos quais saturados 0g); Hidratos de Carbono 31,2g (dos quais a\u00e7\u00facares 29,5g); Prote\u00ednas 0,7g; Sal 0,3g.<\/p>\n","protected":false},"excerpt":{"rendered":"<p>Mrs Bridges Molho de Anan\u00e1s e Manga Frasco 200g. &nbsp; Ingredientes: Anan\u00e1s (40%), manga (20%), a\u00e7\u00facar, cebolas, vinagre de vinho branco, pimentos vermelhos, sumo de lima (de concentrado), chilis, coentros, especiarias, sal. Alerg\u00e9nios: Ver MAI\u00daSCULAS. Pode conter vest\u00edgios de Mostarda. Declara\u00e7\u00e3o Nutricional p\/100g: Energia 547kJ\/129kcal; L\u00edpidos 0,1g (dos quais saturados 0g); Hidratos de Carbono 31,2g [&hellip;]<\/p>\n","protected":false},"featured_media":1297,"template":"","meta":[],"product_brand":[],"product_cat":[222,145],"product_tag":[],"class_list":{"0":"post-1296","1":"product","2":"type-product","3":"status-publish","4":"has-post-thumbnail","6":"product_cat-molhos-diversos","7":"product_cat-produtos-premium","8":"pa_marcas-mrs-bridges","9":"pa_pais-reino-unido","11":"first","12":"instock","13":"taxable","14":"shipping-taxable","15":"product-type-simple"},"_links":{"self":[{"href":"https:\/\/bricer.pt\/index.php?rest_route=\/wp\/v2\/product\/1296","targetHints":{"allow":["GET"]}}],"collection":[{"href":"https:\/\/bricer.pt\/index.php?rest_route=\/wp\/v2\/product"}],"about":[{"href":"https:\/\/bricer.pt\/index.php?rest_route=\/wp\/v2\/types\/product"}],"wp:featuredmedia":[{"embeddable":true,"href":"https:\/\/bricer.pt\/index.php?rest_route=\/wp\/v2\/media\/1297"}],"wp:attachment":[{"href":"https:\/\/bricer.pt\/index.php?rest_route=%2Fwp%2Fv2%2Fmedia&parent=1296"}],"wp:term":[{"taxonomy":"product_brand","embeddable":true,"href":"https:\/\/bricer.pt\/index.php?rest_route=%2Fwp%2Fv2%2Fproduct_brand&post=1296"},{"taxonomy":"product_cat","embeddable":true,"href":"https:\/\/bricer.pt\/index.php?rest_route=%2Fwp%2Fv2%2Fproduct_cat&post=1296"},{"taxonomy":"product_tag","embeddable":true,"href":"https:\/\/bricer.pt\/index.php?rest_route=%2Fwp%2Fv2%2Fproduct_tag&post=1296"}],"curies":[{"name":"wp","href":"https:\/\/api.w.org\/{rel}","templated":true}]}}