{"id":1294,"date":"2023-03-06T11:14:28","date_gmt":"2023-03-06T11:14:28","guid":{"rendered":"https:\/\/bricer.pt\/produto\/mrs-bridges-mini-pack-de-marmeladas-frasco-3x42g\/"},"modified":"2023-04-17T07:59:34","modified_gmt":"2023-04-17T07:59:34","slug":"mrs-bridges-mini-pack-de-marmeladas-frasco-3x42g","status":"publish","type":"product","link":"https:\/\/bricer.pt\/?product=mrs-bridges-mini-pack-de-marmeladas-frasco-3x42g","title":{"rendered":"Mrs Bridges Mini Pack de Marmeladas Frasco 3x42g"},"content":{"rendered":"<p><strong>Mrs Bridges Mini Pack de Marmeladas<\/strong> Frasco 3x42g.<\/p>\n<p>&nbsp;<\/p>\n<p><strong>Marmelada de Toranja Rosa 42g<\/strong><\/p>\n<p><strong>Ingredientes<\/strong>: A\u00e7\u00facar, toranja rosa, sumo de lim\u00e3o (de concentrado), agente gelificante: pectina de fruta; regulador de acidez: \u00e1cido c\u00edtrico. <strong>Declara\u00e7\u00e3o Nutricional p\/100g:<\/strong> Energia 1143kJ\/269kcal; L\u00edpidos 0g (dos quais saturados 0g); Hidratos de Carbono 66,8g (dos quais a\u00e7\u00facares 66,8g); Prote\u00ednas 0,4g; Sal 0g.<\/p>\n<p><strong>Marmelada de Laranja &#8220;Fine Cut &#8220;42g<\/strong><\/p>\n<p><strong>Ingredientes<\/strong>: A\u00e7\u00facar, laranjas, sumo de laranja (de concentrado), sumo de lim\u00e3o (de concentrado), agente gelificante: pectina de fruta; \u00f3leo de laranja, regulador de<br \/>\nacidez: \u00e1cido c\u00edtrico. <strong>Declara\u00e7\u00e3o Nutricional p\/100g:<\/strong> Energia 1139kJ\/268kcal;<br \/>\nL\u00edpidos 0g (dos quais saturados 0g); Hidratos de Carbono 66,5g (dos quais a\u00e7\u00facares 66,5g), Prote\u00ednas 0,4g; Sal 0g.<\/p>\n<p><strong>Marmelada de Laranja com Gengibre 42g<\/strong><\/p>\n<p><strong>Ingredientes<\/strong>: A\u00e7\u00facar, laranja (32%), raiz de gengibre (3%), agente gelificante: pectina de fruta; regulador de acidez: \u00e1cido c\u00edtrico. <strong>Declara\u00e7\u00e3o Nutricional p\/100g:<\/strong> Energia 1158kJ\/273kcal; L\u00edpidos 0g (dos quais saturados 0g); Hidratos de Carbono 67,6g (dos quais a\u00e7\u00facares 67,0g); Prote\u00ednas 0,4g; Sal 0g.<\/p>\n<p>&nbsp;<\/p>\n","protected":false},"excerpt":{"rendered":"<p>Mrs Bridges Mini Pack de Marmeladas Frasco 3x42g. &nbsp; Marmelada de Toranja Rosa 42g Ingredientes: A\u00e7\u00facar, toranja rosa, sumo de lim\u00e3o (de concentrado), agente gelificante: pectina de fruta; regulador de acidez: \u00e1cido c\u00edtrico. Declara\u00e7\u00e3o Nutricional p\/100g: Energia 1143kJ\/269kcal; L\u00edpidos 0g (dos quais saturados 0g); Hidratos de Carbono 66,8g (dos quais a\u00e7\u00facares 66,8g); Prote\u00ednas 0,4g; Sal [&hellip;]<\/p>\n","protected":false},"featured_media":1295,"template":"","meta":[],"product_brand":[],"product_cat":[154,221],"product_tag":[],"class_list":{"0":"post-1294","1":"product","2":"type-product","3":"status-publish","4":"has-post-thumbnail","6":"product_cat-merceariaprodutos-premium","7":"product_cat-packs-merceariaprodutos-premium","8":"pa_marcas-mrs-bridges","9":"pa_pais-reino-unido","11":"first","12":"instock","13":"taxable","14":"shipping-taxable","15":"product-type-simple"},"_links":{"self":[{"href":"https:\/\/bricer.pt\/index.php?rest_route=\/wp\/v2\/product\/1294","targetHints":{"allow":["GET"]}}],"collection":[{"href":"https:\/\/bricer.pt\/index.php?rest_route=\/wp\/v2\/product"}],"about":[{"href":"https:\/\/bricer.pt\/index.php?rest_route=\/wp\/v2\/types\/product"}],"wp:featuredmedia":[{"embeddable":true,"href":"https:\/\/bricer.pt\/index.php?rest_route=\/wp\/v2\/media\/1295"}],"wp:attachment":[{"href":"https:\/\/bricer.pt\/index.php?rest_route=%2Fwp%2Fv2%2Fmedia&parent=1294"}],"wp:term":[{"taxonomy":"product_brand","embeddable":true,"href":"https:\/\/bricer.pt\/index.php?rest_route=%2Fwp%2Fv2%2Fproduct_brand&post=1294"},{"taxonomy":"product_cat","embeddable":true,"href":"https:\/\/bricer.pt\/index.php?rest_route=%2Fwp%2Fv2%2Fproduct_cat&post=1294"},{"taxonomy":"product_tag","embeddable":true,"href":"https:\/\/bricer.pt\/index.php?rest_route=%2Fwp%2Fv2%2Fproduct_tag&post=1294"}],"curies":[{"name":"wp","href":"https:\/\/api.w.org\/{rel}","templated":true}]}}