{"id":1285,"date":"2023-03-06T11:14:28","date_gmt":"2023-03-06T11:14:28","guid":{"rendered":"https:\/\/bricer.pt\/produto\/mrs-bridges-doce-de-lima-c-gengibre-frasco-340g\/"},"modified":"2023-04-17T07:59:34","modified_gmt":"2023-04-17T07:59:34","slug":"mrs-bridges-doce-de-lima-c-gengibre-frasco-340g","status":"publish","type":"product","link":"https:\/\/bricer.pt\/?product=mrs-bridges-doce-de-lima-c-gengibre-frasco-340g","title":{"rendered":"Mrs Bridges Doce de Lima c\/ Gengibre Frasco 340g"},"content":{"rendered":"<p><strong>Mrs Bridges Doce de Lima c\/ Gengibre<\/strong> Frasco 340g.<\/p>\n<p>&nbsp;<\/p>\n<p><strong>Ingredientes<\/strong>: A\u00e7\u00facar, limas (24%), gengibre (11%), agente gelificante: pectina; agente regulador: citrato de s\u00f3dio. Preparado com 35g de fruta por 100g. Cont\u00e9m 65g de a\u00e7\u00facar por 100g.<\/p>\n<p><strong>Declara\u00e7\u00e3o Nutricional p\/100g:<\/strong> Energia 1137kJ\/268kcal; L\u00edpidos 0,1g (dos quais saturados 0g); Hidratos de Carbono 66,6g (dos quais a\u00e7\u00facares 66,0g); Prote\u00ednas 0,1g; Sal 0g.<\/p>\n","protected":false},"excerpt":{"rendered":"<p>Mrs Bridges Doce de Lima c\/ Gengibre Frasco 340g. &nbsp; Ingredientes: A\u00e7\u00facar, limas (24%), gengibre (11%), agente gelificante: pectina; agente regulador: citrato de s\u00f3dio. Preparado com 35g de fruta por 100g. Cont\u00e9m 65g de a\u00e7\u00facar por 100g. Declara\u00e7\u00e3o Nutricional p\/100g: Energia 1137kJ\/268kcal; L\u00edpidos 0,1g (dos quais saturados 0g); Hidratos de Carbono 66,6g (dos quais a\u00e7\u00facares [&hellip;]<\/p>\n","protected":false},"featured_media":1286,"template":"","meta":[],"product_brand":[],"product_cat":[220,145],"product_tag":[],"class_list":{"0":"post-1285","1":"product","2":"type-product","3":"status-publish","4":"has-post-thumbnail","6":"product_cat-marmeladas","7":"product_cat-produtos-premium","8":"pa_marcas-mrs-bridges","9":"pa_pais-reino-unido","11":"first","12":"instock","13":"taxable","14":"shipping-taxable","15":"product-type-simple"},"_links":{"self":[{"href":"https:\/\/bricer.pt\/index.php?rest_route=\/wp\/v2\/product\/1285","targetHints":{"allow":["GET"]}}],"collection":[{"href":"https:\/\/bricer.pt\/index.php?rest_route=\/wp\/v2\/product"}],"about":[{"href":"https:\/\/bricer.pt\/index.php?rest_route=\/wp\/v2\/types\/product"}],"wp:featuredmedia":[{"embeddable":true,"href":"https:\/\/bricer.pt\/index.php?rest_route=\/wp\/v2\/media\/1286"}],"wp:attachment":[{"href":"https:\/\/bricer.pt\/index.php?rest_route=%2Fwp%2Fv2%2Fmedia&parent=1285"}],"wp:term":[{"taxonomy":"product_brand","embeddable":true,"href":"https:\/\/bricer.pt\/index.php?rest_route=%2Fwp%2Fv2%2Fproduct_brand&post=1285"},{"taxonomy":"product_cat","embeddable":true,"href":"https:\/\/bricer.pt\/index.php?rest_route=%2Fwp%2Fv2%2Fproduct_cat&post=1285"},{"taxonomy":"product_tag","embeddable":true,"href":"https:\/\/bricer.pt\/index.php?rest_route=%2Fwp%2Fv2%2Fproduct_tag&post=1285"}],"curies":[{"name":"wp","href":"https:\/\/api.w.org\/{rel}","templated":true}]}}