{"id":1280,"date":"2023-03-06T11:14:28","date_gmt":"2023-03-06T11:14:28","guid":{"rendered":"https:\/\/bricer.pt\/produto\/mrs-bridges-marmelada-de-laranja-dundee-frasco-340g\/"},"modified":"2023-04-17T07:59:33","modified_gmt":"2023-04-17T07:59:33","slug":"mrs-bridges-marmelada-de-laranja-dundee-frasco-340g","status":"publish","type":"product","link":"https:\/\/bricer.pt\/?product=mrs-bridges-marmelada-de-laranja-dundee-frasco-340g","title":{"rendered":"Mrs Bridges Marmelada de Laranja Dundee Frasco 340g"},"content":{"rendered":"<p><strong>Mrs Bridges Marmelada de Laranja Dundee<\/strong> Frasco 340g.<\/p>\n<p>&nbsp;<\/p>\n<p><strong>Ingredientes<\/strong>: A\u00e7\u00facar, laranjas (corte fino e grosso), sumo de laranja (de concentrado), sumo de lim\u00e3o (de concentrado), agente gelificante: pectina de fruta; regulador de acidez: \u00e1cido c\u00edtrico; \u00f3leo de laranja. Preparado com 35g de fruta por 100g. Teor de total de a\u00e7\u00facar 65g de a\u00e7\u00facar por 100g.<\/p>\n<p><strong>Alerg\u00e9nios<\/strong>: Ver MAI\u00daSCULAS.<\/p>\n<p><strong>Declara\u00e7\u00e3o Nutricional p\/100g:<\/strong> Energia 1139kJ\/268kcal; L\u00edpidos 0g (dos quais saturados 0g); Hidratos de Carbono 66,5g (dos quais a\u00e7\u00facares 66,5g); Prote\u00ednas 0,4g; Sal 0g.<\/p>\n","protected":false},"excerpt":{"rendered":"<p>Mrs Bridges Marmelada de Laranja Dundee Frasco 340g. &nbsp; Ingredientes: A\u00e7\u00facar, laranjas (corte fino e grosso), sumo de laranja (de concentrado), sumo de lim\u00e3o (de concentrado), agente gelificante: pectina de fruta; regulador de acidez: \u00e1cido c\u00edtrico; \u00f3leo de laranja. Preparado com 35g de fruta por 100g. Teor de total de a\u00e7\u00facar 65g de a\u00e7\u00facar por [&hellip;]<\/p>\n","protected":false},"featured_media":0,"template":"","meta":[],"product_brand":[],"product_cat":[220,145],"product_tag":[],"class_list":{"0":"post-1280","1":"product","2":"type-product","3":"status-publish","5":"product_cat-marmeladas","6":"product_cat-produtos-premium","7":"pa_marcas-mrs-bridges","8":"pa_pais-reino-unido","10":"first","11":"instock","12":"taxable","13":"shipping-taxable","14":"product-type-simple"},"_links":{"self":[{"href":"https:\/\/bricer.pt\/index.php?rest_route=\/wp\/v2\/product\/1280","targetHints":{"allow":["GET"]}}],"collection":[{"href":"https:\/\/bricer.pt\/index.php?rest_route=\/wp\/v2\/product"}],"about":[{"href":"https:\/\/bricer.pt\/index.php?rest_route=\/wp\/v2\/types\/product"}],"wp:attachment":[{"href":"https:\/\/bricer.pt\/index.php?rest_route=%2Fwp%2Fv2%2Fmedia&parent=1280"}],"wp:term":[{"taxonomy":"product_brand","embeddable":true,"href":"https:\/\/bricer.pt\/index.php?rest_route=%2Fwp%2Fv2%2Fproduct_brand&post=1280"},{"taxonomy":"product_cat","embeddable":true,"href":"https:\/\/bricer.pt\/index.php?rest_route=%2Fwp%2Fv2%2Fproduct_cat&post=1280"},{"taxonomy":"product_tag","embeddable":true,"href":"https:\/\/bricer.pt\/index.php?rest_route=%2Fwp%2Fv2%2Fproduct_tag&post=1280"}],"curies":[{"name":"wp","href":"https:\/\/api.w.org\/{rel}","templated":true}]}}