{"id":1276,"date":"2023-03-06T11:14:28","date_gmt":"2023-03-06T11:14:28","guid":{"rendered":"https:\/\/bricer.pt\/produto\/mrs-bridges-marmelada-de-laranja-c-whisky-frasco-340g\/"},"modified":"2023-04-17T07:59:33","modified_gmt":"2023-04-17T07:59:33","slug":"mrs-bridges-marmelada-de-laranja-c-whisky-frasco-340g","status":"publish","type":"product","link":"https:\/\/bricer.pt\/?product=mrs-bridges-marmelada-de-laranja-c-whisky-frasco-340g","title":{"rendered":"Mrs Bridges Marmelada de Laranja c\/ Whisky Frasco 340g"},"content":{"rendered":"<p><strong>Mrs Bridges Marmelada de Laranja c\/ Whisky<\/strong> Frasco 340g.<\/p>\n<p>&nbsp;<\/p>\n<p><strong>Ingredientes<\/strong>: A\u00e7\u00facar, laranjas, sumo de laranja (concentrado), sumo de lim\u00e3o (concentrado), Whisky (3%), agente gelificante: pectina de fruta; regulador de acidez: \u00e1cido c\u00edtrico. Preparado com 35g de fruta por cada 100g. Cont\u00e9m 65g de a\u00e7\u00facar por cada 100g.<\/p>\n<p><strong>Alerg\u00e9nios<\/strong>: Ver MAI\u00daSCULAS.<\/p>\n<p><strong>Declara\u00e7\u00e3o Nutricional p\/100g:<\/strong> Energia 1176kJ\/277kcal; Hidratos de Carbono 67,1g (dos quais a\u00e7\u00facares 66,8g). Cont\u00e9m quantidades negligenci\u00e1veis de L\u00edpidos, Prote\u00ednas e Sal.<\/p>\n","protected":false},"excerpt":{"rendered":"<p>Mrs Bridges Marmelada de Laranja c\/ Whisky Frasco 340g. &nbsp; Ingredientes: A\u00e7\u00facar, laranjas, sumo de laranja (concentrado), sumo de lim\u00e3o (concentrado), Whisky (3%), agente gelificante: pectina de fruta; regulador de acidez: \u00e1cido c\u00edtrico. Preparado com 35g de fruta por cada 100g. Cont\u00e9m 65g de a\u00e7\u00facar por cada 100g. Alerg\u00e9nios: Ver MAI\u00daSCULAS. Declara\u00e7\u00e3o Nutricional p\/100g: Energia [&hellip;]<\/p>\n","protected":false},"featured_media":1277,"template":"","meta":[],"product_brand":[],"product_cat":[220,145],"product_tag":[],"class_list":{"0":"post-1276","1":"product","2":"type-product","3":"status-publish","4":"has-post-thumbnail","6":"product_cat-marmeladas","7":"product_cat-produtos-premium","8":"pa_marcas-mrs-bridges","9":"pa_pais-reino-unido","11":"first","12":"instock","13":"taxable","14":"shipping-taxable","15":"product-type-simple"},"_links":{"self":[{"href":"https:\/\/bricer.pt\/index.php?rest_route=\/wp\/v2\/product\/1276","targetHints":{"allow":["GET"]}}],"collection":[{"href":"https:\/\/bricer.pt\/index.php?rest_route=\/wp\/v2\/product"}],"about":[{"href":"https:\/\/bricer.pt\/index.php?rest_route=\/wp\/v2\/types\/product"}],"wp:featuredmedia":[{"embeddable":true,"href":"https:\/\/bricer.pt\/index.php?rest_route=\/wp\/v2\/media\/1277"}],"wp:attachment":[{"href":"https:\/\/bricer.pt\/index.php?rest_route=%2Fwp%2Fv2%2Fmedia&parent=1276"}],"wp:term":[{"taxonomy":"product_brand","embeddable":true,"href":"https:\/\/bricer.pt\/index.php?rest_route=%2Fwp%2Fv2%2Fproduct_brand&post=1276"},{"taxonomy":"product_cat","embeddable":true,"href":"https:\/\/bricer.pt\/index.php?rest_route=%2Fwp%2Fv2%2Fproduct_cat&post=1276"},{"taxonomy":"product_tag","embeddable":true,"href":"https:\/\/bricer.pt\/index.php?rest_route=%2Fwp%2Fv2%2Fproduct_tag&post=1276"}],"curies":[{"name":"wp","href":"https:\/\/api.w.org\/{rel}","templated":true}]}}