{"id":1268,"date":"2023-03-06T11:14:28","date_gmt":"2023-03-06T11:14:28","guid":{"rendered":"https:\/\/bricer.pt\/produto\/mrs-bridges-maionese-classica-frasco-180g\/"},"modified":"2023-04-17T07:59:33","modified_gmt":"2023-04-17T07:59:33","slug":"mrs-bridges-maionese-classica-frasco-180g","status":"publish","type":"product","link":"https:\/\/bricer.pt\/?product=mrs-bridges-maionese-classica-frasco-180g","title":{"rendered":"Mrs Bridges Maionese Cl\u00e1ssica Frasco 180g"},"content":{"rendered":"<p><strong>Mrs Bridges Maionese Cl\u00e1ssica<\/strong> Frasco 180g.<\/p>\n<p>&nbsp;<\/p>\n<p><strong>Ingredientes<\/strong>: \u00d3leo de colza (80%), gema de OVO (pasteurizada) (7%), \u00e1gua, vinagre de vinho branco, a\u00e7\u00facar, sal, farinha de MOSTARDA.<\/p>\n<p><strong>Alerg\u00e9nios<\/strong>: Ver MAI\u00daSCULAS.<\/p>\n<p><strong>Declara\u00e7\u00e3o Nutricional p\/100g:<\/strong> Energia 3141kJ\/764kcal; L\u00edpidos 83,3g (dos quais saturados 10,1g); Hidratos de Carbono 2,3g (dos quais a\u00e7\u00facares 2,3g); Prote\u00ednas 1,2g; Sal 0,8g.<\/p>\n","protected":false},"excerpt":{"rendered":"<p>Mrs Bridges Maionese Cl\u00e1ssica Frasco 180g. &nbsp; Ingredientes: \u00d3leo de colza (80%), gema de OVO (pasteurizada) (7%), \u00e1gua, vinagre de vinho branco, a\u00e7\u00facar, sal, farinha de MOSTARDA. Alerg\u00e9nios: Ver MAI\u00daSCULAS. Declara\u00e7\u00e3o Nutricional p\/100g: Energia 3141kJ\/764kcal; L\u00edpidos 83,3g (dos quais saturados 10,1g); Hidratos de Carbono 2,3g (dos quais a\u00e7\u00facares 2,3g); Prote\u00ednas 1,2g; Sal 0,8g.<\/p>\n","protected":false},"featured_media":1269,"template":"","meta":[],"product_brand":[],"product_cat":[219,145],"product_tag":[],"class_list":{"0":"post-1268","1":"product","2":"type-product","3":"status-publish","4":"has-post-thumbnail","6":"product_cat-maionese-e-mostardas","7":"product_cat-produtos-premium","8":"pa_marcas-mrs-bridges","9":"pa_pais-reino-unido","11":"first","12":"instock","13":"taxable","14":"shipping-taxable","15":"product-type-simple"},"_links":{"self":[{"href":"https:\/\/bricer.pt\/index.php?rest_route=\/wp\/v2\/product\/1268","targetHints":{"allow":["GET"]}}],"collection":[{"href":"https:\/\/bricer.pt\/index.php?rest_route=\/wp\/v2\/product"}],"about":[{"href":"https:\/\/bricer.pt\/index.php?rest_route=\/wp\/v2\/types\/product"}],"wp:featuredmedia":[{"embeddable":true,"href":"https:\/\/bricer.pt\/index.php?rest_route=\/wp\/v2\/media\/1269"}],"wp:attachment":[{"href":"https:\/\/bricer.pt\/index.php?rest_route=%2Fwp%2Fv2%2Fmedia&parent=1268"}],"wp:term":[{"taxonomy":"product_brand","embeddable":true,"href":"https:\/\/bricer.pt\/index.php?rest_route=%2Fwp%2Fv2%2Fproduct_brand&post=1268"},{"taxonomy":"product_cat","embeddable":true,"href":"https:\/\/bricer.pt\/index.php?rest_route=%2Fwp%2Fv2%2Fproduct_cat&post=1268"},{"taxonomy":"product_tag","embeddable":true,"href":"https:\/\/bricer.pt\/index.php?rest_route=%2Fwp%2Fv2%2Fproduct_tag&post=1268"}],"curies":[{"name":"wp","href":"https:\/\/api.w.org\/{rel}","templated":true}]}}