{"id":1261,"date":"2023-03-06T11:13:52","date_gmt":"2023-03-06T11:13:52","guid":{"rendered":"https:\/\/bricer.pt\/produto\/mrs-bridges-geleia-de-vinho-do-porto-frasco-200g\/"},"modified":"2023-04-17T07:59:31","modified_gmt":"2023-04-17T07:59:31","slug":"mrs-bridges-geleia-de-vinho-do-porto-frasco-200g","status":"publish","type":"product","link":"https:\/\/bricer.pt\/?product=mrs-bridges-geleia-de-vinho-do-porto-frasco-200g","title":{"rendered":"Mrs Bridges Geleia de Vinho do Porto Frasco 200g"},"content":{"rendered":"<p><strong>Mrs Bridges Geleia de Vinho do Porto<\/strong> Frasco 200g.<\/p>\n<p>&nbsp;<\/p>\n<p><strong>Ingredientes<\/strong>: a\u00e7\u00facar, sumo de uva preta (de concentrado), Porto 6%, agente gelificante: pectina de fruta; regulador de acidez: \u00e1cido c\u00edtrico. Preparado com 25g de fruta por 100g. Cont\u00e9m 65g de a\u00e7\u00facar por 100g.<\/p>\n<p><strong>Alerg\u00e9nios<\/strong>: Ver MAI\u00daSCULAS.<\/p>\n<p><strong>Declara\u00e7\u00e3o Nutricional p\/100g:<\/strong> Energia 1170kJ\/276kcal; L\u00edpidos 0g (dos quais saturados 0g); Hidratos de Carbono 67,2g (dos quais a\u00e7\u00facares 66,9g); Prote\u00ednas 0,1g; Sal 0g.<\/p>\n","protected":false},"excerpt":{"rendered":"<p>Mrs Bridges Geleia de Vinho do Porto Frasco 200g. &nbsp; Ingredientes: a\u00e7\u00facar, sumo de uva preta (de concentrado), Porto 6%, agente gelificante: pectina de fruta; regulador de acidez: \u00e1cido c\u00edtrico. Preparado com 25g de fruta por 100g. Cont\u00e9m 65g de a\u00e7\u00facar por 100g. Alerg\u00e9nios: Ver MAI\u00daSCULAS. Declara\u00e7\u00e3o Nutricional p\/100g: Energia 1170kJ\/276kcal; L\u00edpidos 0g (dos quais [&hellip;]<\/p>\n","protected":false},"featured_media":0,"template":"","meta":[],"product_brand":[],"product_cat":[216,145],"product_tag":[],"class_list":{"0":"post-1261","1":"product","2":"type-product","3":"status-publish","5":"product_cat-geleiasmercearia","6":"product_cat-produtos-premium","7":"pa_marcas-mrs-bridges","8":"pa_pais-reino-unido","10":"first","11":"instock","12":"taxable","13":"shipping-taxable","14":"product-type-simple"},"_links":{"self":[{"href":"https:\/\/bricer.pt\/index.php?rest_route=\/wp\/v2\/product\/1261","targetHints":{"allow":["GET"]}}],"collection":[{"href":"https:\/\/bricer.pt\/index.php?rest_route=\/wp\/v2\/product"}],"about":[{"href":"https:\/\/bricer.pt\/index.php?rest_route=\/wp\/v2\/types\/product"}],"wp:attachment":[{"href":"https:\/\/bricer.pt\/index.php?rest_route=%2Fwp%2Fv2%2Fmedia&parent=1261"}],"wp:term":[{"taxonomy":"product_brand","embeddable":true,"href":"https:\/\/bricer.pt\/index.php?rest_route=%2Fwp%2Fv2%2Fproduct_brand&post=1261"},{"taxonomy":"product_cat","embeddable":true,"href":"https:\/\/bricer.pt\/index.php?rest_route=%2Fwp%2Fv2%2Fproduct_cat&post=1261"},{"taxonomy":"product_tag","embeddable":true,"href":"https:\/\/bricer.pt\/index.php?rest_route=%2Fwp%2Fv2%2Fproduct_tag&post=1261"}],"curies":[{"name":"wp","href":"https:\/\/api.w.org\/{rel}","templated":true}]}}