{"id":1259,"date":"2023-03-06T11:13:52","date_gmt":"2023-03-06T11:13:52","guid":{"rendered":"https:\/\/bricer.pt\/produto\/mrs-bridges-geleia-de-groselha-frasco-250g\/"},"modified":"2023-04-17T07:59:31","modified_gmt":"2023-04-17T07:59:31","slug":"mrs-bridges-geleia-de-groselha-frasco-250g","status":"publish","type":"product","link":"https:\/\/bricer.pt\/?product=mrs-bridges-geleia-de-groselha-frasco-250g","title":{"rendered":"Mrs Bridges Geleia de Groselha Frasco 250g"},"content":{"rendered":"<p><strong>Mrs Bridges Geleia de Groselha<\/strong> Frasco 250g.<\/p>\n<p>&nbsp;<\/p>\n<p><strong>Ingredientes<\/strong>: A\u00e7\u00facar, sumo de groselha vermelha (de concentrado), agente gelificante: pectina de fruta; regulador de acidez: \u00e1cido c\u00edtrico. Preparado com 45g de fruta por cada 100g. Cont\u00e9m 65g de a\u00e7\u00facar por cada 100g.<\/p>\n<p><strong>Alerg\u00e9nios<\/strong>: Ver MAI\u00daSCULAS.<\/p>\n<p><strong>Declara\u00e7\u00e3o Nutricional p\/100g:<\/strong> Energia 1150kJ\/271kcal; L\u00edpidos 0,1g (dos<br \/>\nquais saturados 0g); Hidratos de Carbono 67,5g (dos quais a\u00e7\u00facares 67,5g); Prote\u00ednas 0g; Sal 0g.<\/p>\n","protected":false},"excerpt":{"rendered":"<p>Mrs Bridges Geleia de Groselha Frasco 250g. &nbsp; Ingredientes: A\u00e7\u00facar, sumo de groselha vermelha (de concentrado), agente gelificante: pectina de fruta; regulador de acidez: \u00e1cido c\u00edtrico. Preparado com 45g de fruta por cada 100g. Cont\u00e9m 65g de a\u00e7\u00facar por cada 100g. Alerg\u00e9nios: Ver MAI\u00daSCULAS. Declara\u00e7\u00e3o Nutricional p\/100g: Energia 1150kJ\/271kcal; L\u00edpidos 0,1g (dos quais saturados 0g); [&hellip;]<\/p>\n","protected":false},"featured_media":1260,"template":"","meta":[],"product_brand":[],"product_cat":[215,145],"product_tag":[],"class_list":{"0":"post-1259","1":"product","2":"type-product","3":"status-publish","4":"has-post-thumbnail","6":"product_cat-geleias","7":"product_cat-produtos-premium","8":"pa_marcas-mrs-bridges","9":"pa_pais-reino-unido","11":"first","12":"instock","13":"taxable","14":"shipping-taxable","15":"product-type-simple"},"_links":{"self":[{"href":"https:\/\/bricer.pt\/index.php?rest_route=\/wp\/v2\/product\/1259","targetHints":{"allow":["GET"]}}],"collection":[{"href":"https:\/\/bricer.pt\/index.php?rest_route=\/wp\/v2\/product"}],"about":[{"href":"https:\/\/bricer.pt\/index.php?rest_route=\/wp\/v2\/types\/product"}],"wp:featuredmedia":[{"embeddable":true,"href":"https:\/\/bricer.pt\/index.php?rest_route=\/wp\/v2\/media\/1260"}],"wp:attachment":[{"href":"https:\/\/bricer.pt\/index.php?rest_route=%2Fwp%2Fv2%2Fmedia&parent=1259"}],"wp:term":[{"taxonomy":"product_brand","embeddable":true,"href":"https:\/\/bricer.pt\/index.php?rest_route=%2Fwp%2Fv2%2Fproduct_brand&post=1259"},{"taxonomy":"product_cat","embeddable":true,"href":"https:\/\/bricer.pt\/index.php?rest_route=%2Fwp%2Fv2%2Fproduct_cat&post=1259"},{"taxonomy":"product_tag","embeddable":true,"href":"https:\/\/bricer.pt\/index.php?rest_route=%2Fwp%2Fv2%2Fproduct_tag&post=1259"}],"curies":[{"name":"wp","href":"https:\/\/api.w.org\/{rel}","templated":true}]}}