{"id":1253,"date":"2023-03-06T11:13:52","date_gmt":"2023-03-06T11:13:52","guid":{"rendered":"https:\/\/bricer.pt\/produto\/mrs-bridges-doce-pure-de-lima-frasco-340g\/"},"modified":"2023-04-17T07:59:31","modified_gmt":"2023-04-17T07:59:31","slug":"mrs-bridges-doce-pure-de-lima-frasco-340g","status":"publish","type":"product","link":"https:\/\/bricer.pt\/?product=mrs-bridges-doce-pure-de-lima-frasco-340g","title":{"rendered":"Mrs Bridges Doce Pur\u00e9 de Lima Frasco 340g"},"content":{"rendered":"<p><strong>Mrs Bridges Doce Pur\u00e9 de Lima<\/strong> Frasco 340g.<\/p>\n<p>&nbsp;<\/p>\n<p><strong>Ingredientes<\/strong>: A\u00e7\u00facar, OVO inteiro (pasteurizado), sumo de lima (de concentrado) (6%), MANTEIGA (LEITE), amido de milho modificado, sumo de lim\u00e3o (de concentrado), agente gelificante: pectina de fruta; regulador de acidez: \u00e1cido c\u00edtrico; emulsionante: E475, \u00f3leo de lima.<\/p>\n<p><strong>Alerg\u00e9nios<\/strong>: Ver MAI\u00daSCULAS.<\/p>\n<p><strong>Declara\u00e7\u00e3o Nutricional p\/100g:<\/strong> Energia 1461kJ\/345kcal; L\u00edpidos 6,2g (dos quais<br \/>\nsaturados 3,5g); Hidratos de Carbono 71,0g (dos quais a\u00e7\u00facares 67,8g); Prote\u00ednas 1,5g; Sal 0g.<\/p>\n","protected":false},"excerpt":{"rendered":"<p>Mrs Bridges Doce Pur\u00e9 de Lima Frasco 340g. &nbsp; Ingredientes: A\u00e7\u00facar, OVO inteiro (pasteurizado), sumo de lima (de concentrado) (6%), MANTEIGA (LEITE), amido de milho modificado, sumo de lim\u00e3o (de concentrado), agente gelificante: pectina de fruta; regulador de acidez: \u00e1cido c\u00edtrico; emulsionante: E475, \u00f3leo de lima. Alerg\u00e9nios: Ver MAI\u00daSCULAS. Declara\u00e7\u00e3o Nutricional p\/100g: Energia 1461kJ\/345kcal; L\u00edpidos [&hellip;]<\/p>\n","protected":false},"featured_media":1254,"template":"","meta":[],"product_brand":[],"product_cat":[214,145],"product_tag":[],"class_list":{"0":"post-1253","1":"product","2":"type-product","3":"status-publish","4":"has-post-thumbnail","6":"product_cat-doces","7":"product_cat-produtos-premium","8":"pa_marcas-mrs-bridges","9":"pa_pais-reino-unido","11":"first","12":"instock","13":"taxable","14":"shipping-taxable","15":"product-type-simple"},"_links":{"self":[{"href":"https:\/\/bricer.pt\/index.php?rest_route=\/wp\/v2\/product\/1253","targetHints":{"allow":["GET"]}}],"collection":[{"href":"https:\/\/bricer.pt\/index.php?rest_route=\/wp\/v2\/product"}],"about":[{"href":"https:\/\/bricer.pt\/index.php?rest_route=\/wp\/v2\/types\/product"}],"wp:featuredmedia":[{"embeddable":true,"href":"https:\/\/bricer.pt\/index.php?rest_route=\/wp\/v2\/media\/1254"}],"wp:attachment":[{"href":"https:\/\/bricer.pt\/index.php?rest_route=%2Fwp%2Fv2%2Fmedia&parent=1253"}],"wp:term":[{"taxonomy":"product_brand","embeddable":true,"href":"https:\/\/bricer.pt\/index.php?rest_route=%2Fwp%2Fv2%2Fproduct_brand&post=1253"},{"taxonomy":"product_cat","embeddable":true,"href":"https:\/\/bricer.pt\/index.php?rest_route=%2Fwp%2Fv2%2Fproduct_cat&post=1253"},{"taxonomy":"product_tag","embeddable":true,"href":"https:\/\/bricer.pt\/index.php?rest_route=%2Fwp%2Fv2%2Fproduct_tag&post=1253"}],"curies":[{"name":"wp","href":"https:\/\/api.w.org\/{rel}","templated":true}]}}