{"id":1247,"date":"2023-03-06T11:13:52","date_gmt":"2023-03-06T11:13:52","guid":{"rendered":"https:\/\/bricer.pt\/produto\/mrs-bridges-doce-pure-de-framboesa-frasco-340g\/"},"modified":"2023-04-17T07:59:30","modified_gmt":"2023-04-17T07:59:30","slug":"mrs-bridges-doce-pure-de-framboesa-frasco-340g","status":"publish","type":"product","link":"https:\/\/bricer.pt\/?product=mrs-bridges-doce-pure-de-framboesa-frasco-340g","title":{"rendered":"Mrs Bridges Doce Pur\u00e9 de Framboesa Frasco 340g"},"content":{"rendered":"<p><strong>Mrs Bridges Doce Pur\u00e9 de Framboesa<\/strong> Frasco 340g.<\/p>\n<p>&nbsp;<\/p>\n<p><strong>Ingredientes<\/strong>: a\u00e7\u00facar, amoras sem sementes (20%), OVO inteiro (pasteurizado), manteiga (LEITE), amido de milho modificado, agente gelificante: pectina de fruta; regulador de acidez: \u00e1cido c\u00edtrico; emulsionante: E475.<\/p>\n<p><strong>Alerg\u00e9nios<\/strong>: Ver MAI\u00daSCULAS.<\/p>\n<p><strong>Declara\u00e7\u00e3o Nutricional p\/100g:<\/strong> Energia 1473kJ\/348kcal; L\u00edpidos 6,1g (dos quais \u00e1cidos gordos saturados 3,4g); Hidratos de Carbono 71,5g (dos quais a\u00e7\u00facares 67,3g); Prote\u00ednas 1,8g; Sal 0g.<\/p>\n","protected":false},"excerpt":{"rendered":"<p>Mrs Bridges Doce Pur\u00e9 de Framboesa Frasco 340g. &nbsp; Ingredientes: a\u00e7\u00facar, amoras sem sementes (20%), OVO inteiro (pasteurizado), manteiga (LEITE), amido de milho modificado, agente gelificante: pectina de fruta; regulador de acidez: \u00e1cido c\u00edtrico; emulsionante: E475. Alerg\u00e9nios: Ver MAI\u00daSCULAS. Declara\u00e7\u00e3o Nutricional p\/100g: Energia 1473kJ\/348kcal; L\u00edpidos 6,1g (dos quais \u00e1cidos gordos saturados 3,4g); Hidratos de Carbono [&hellip;]<\/p>\n","protected":false},"featured_media":1248,"template":"","meta":[],"product_brand":[],"product_cat":[214,145],"product_tag":[],"class_list":{"0":"post-1247","1":"product","2":"type-product","3":"status-publish","4":"has-post-thumbnail","6":"product_cat-doces","7":"product_cat-produtos-premium","8":"pa_marcas-mrs-bridges","9":"pa_pais-reino-unido","11":"first","12":"instock","13":"taxable","14":"shipping-taxable","15":"product-type-simple"},"_links":{"self":[{"href":"https:\/\/bricer.pt\/index.php?rest_route=\/wp\/v2\/product\/1247","targetHints":{"allow":["GET"]}}],"collection":[{"href":"https:\/\/bricer.pt\/index.php?rest_route=\/wp\/v2\/product"}],"about":[{"href":"https:\/\/bricer.pt\/index.php?rest_route=\/wp\/v2\/types\/product"}],"wp:featuredmedia":[{"embeddable":true,"href":"https:\/\/bricer.pt\/index.php?rest_route=\/wp\/v2\/media\/1248"}],"wp:attachment":[{"href":"https:\/\/bricer.pt\/index.php?rest_route=%2Fwp%2Fv2%2Fmedia&parent=1247"}],"wp:term":[{"taxonomy":"product_brand","embeddable":true,"href":"https:\/\/bricer.pt\/index.php?rest_route=%2Fwp%2Fv2%2Fproduct_brand&post=1247"},{"taxonomy":"product_cat","embeddable":true,"href":"https:\/\/bricer.pt\/index.php?rest_route=%2Fwp%2Fv2%2Fproduct_cat&post=1247"},{"taxonomy":"product_tag","embeddable":true,"href":"https:\/\/bricer.pt\/index.php?rest_route=%2Fwp%2Fv2%2Fproduct_tag&post=1247"}],"curies":[{"name":"wp","href":"https:\/\/api.w.org\/{rel}","templated":true}]}}