{"id":1243,"date":"2023-03-06T11:13:52","date_gmt":"2023-03-06T11:13:52","guid":{"rendered":"https:\/\/bricer.pt\/produto\/mrs-bridges-conjunto-seleccao-de-chutneys-emb-890g\/"},"modified":"2023-04-17T07:59:30","modified_gmt":"2023-04-17T07:59:30","slug":"mrs-bridges-conjunto-seleccao-de-chutneys-emb-890g","status":"publish","type":"product","link":"https:\/\/bricer.pt\/?product=mrs-bridges-conjunto-seleccao-de-chutneys-emb-890g","title":{"rendered":"Mrs Bridges Conjunto Selec\u00e7\u00e3o de Chutneys Emb. 890g"},"content":{"rendered":"<p><strong>Mrs Bridges Conjunto Selec\u00e7\u00e3o de Chutneys<\/strong> Emb. 890g.<\/p>\n<p>&nbsp;<\/p>\n<p><strong>Chutney de Beterraba &amp; Cebola Vermelha 300g:<\/strong><\/p>\n<p><strong>Ingredientes<\/strong>: beterraba (30%), a\u00e7\u00facar, cebola vermelha (21%), ma\u00e7\u00e3s, vinagre de vinho tinto, vinagre de MALTE (CEVADA), amido de milho modificado, sal, pasta de alho, mistura de especiarias. Pode conter vest\u00edgios de mostarda. <strong>Alerg\u00e9nios<\/strong>: Ver MAI\u00daSCULAS. <strong>Declara\u00e7\u00e3o Nutricional p\/100g:<\/strong> Energia 747kJ\/176kcal; L\u00edpidos 0,3g (dos quais saturados 0g); Hidratos de Carbono 42,0g (dos quais a\u00e7\u00facares 38,8g); Prote\u00ednas 1,2g; Sal 0,8g.<\/p>\n<p>&nbsp;<\/p>\n<p><strong>Chutney &#8220;ploughmans&#8221; 300g:<\/strong><\/p>\n<p><strong>Ingredientes<\/strong>: a\u00e7\u00facar, vinagre de MALTE (CEVADA), cebola (10%), ma\u00e7\u00e3 (10%), a\u00e7\u00facar mascavado, cenouras (7%), couve-flor (7%), curgetes (7%), couve-nabo (7%), pasta de tomate (de concentrado), t\u00e2maras, mela\u00e7o, pasta de alho, sumo de lim\u00e3o (de concentrado), sal, sementes de MOSTARDA, especiarias. <strong>Alerg\u00e9nios<\/strong>: Ver MAI\u00daSCULAS. Pode conter fragmentos de caro\u00e7os de t\u00e2maras. <strong>Declara\u00e7\u00e3o Nutricional p\/ 100g:<\/strong> Energia 902kJ\/212kcal; L\u00edpidos 0,9g (dos quais saturados 0,1g); Hidratos de Carbono 49,6g (dos quais a\u00e7\u00facares 49,1g); Prote\u00ednas 1,6g; Sal 1,0g.<\/p>\n<p>&nbsp;<\/p>\n<p><strong>Chutney de Cebola Caramelizada e Alho 300g: <\/strong><\/p>\n<p><strong>Ingredientes<\/strong>: cebola caramelizada (27%) (cebola branca, cebola vermelha, a\u00e7\u00facar mascavo, MANTEIGA (LEITE)), cebola (20%), vinagre de MALTE (CEVADA), a\u00e7\u00facar branco, pasta de alho (10%), t\u00e2maras, a\u00e7\u00facar mascavado, mela\u00e7o, vinagre bals\u00e2mico de modena (vinagre de vinho, mosto de uva), \u00f3leo de colza, sal, especiarias. <strong>Alerg\u00e9nios<\/strong>: Ver MAI\u00daSCULAS. Pode conter vest\u00edgios de mostarda. Pode conter fragmentos de caro\u00e7os de t\u00e2maras. <strong>Declara\u00e7\u00e3o Nutricional p\/100g:<\/strong> Energia 1243kJ\/295kcal; L\u00edpidos 10,1g (dos quais saturados 1,8g); Hidratos de Carbono 49,2g (dos quais a\u00e7\u00facares 47,1g); Prote\u00ednas 1,8g; Sal 2,3g.<\/p>\n","protected":false},"excerpt":{"rendered":"<p>Mrs Bridges Conjunto Selec\u00e7\u00e3o de Chutneys Emb. 890g. &nbsp; Chutney de Beterraba &amp; Cebola Vermelha 300g: Ingredientes: beterraba (30%), a\u00e7\u00facar, cebola vermelha (21%), ma\u00e7\u00e3s, vinagre de vinho tinto, vinagre de MALTE (CEVADA), amido de milho modificado, sal, pasta de alho, mistura de especiarias. Pode conter vest\u00edgios de mostarda. Alerg\u00e9nios: Ver MAI\u00daSCULAS. Declara\u00e7\u00e3o Nutricional p\/100g: Energia [&hellip;]<\/p>\n","protected":false},"featured_media":1244,"template":"","meta":[],"product_brand":[],"product_cat":[212,213,145],"product_tag":[],"class_list":{"0":"post-1243","1":"product","2":"type-product","3":"status-publish","4":"has-post-thumbnail","6":"product_cat-chutneyprodutos-premium","7":"product_cat-packs","8":"product_cat-produtos-premium","9":"pa_marcas-mrs-bridges","10":"pa_pais-reino-unido","12":"first","13":"instock","14":"taxable","15":"shipping-taxable","16":"product-type-simple"},"_links":{"self":[{"href":"https:\/\/bricer.pt\/index.php?rest_route=\/wp\/v2\/product\/1243","targetHints":{"allow":["GET"]}}],"collection":[{"href":"https:\/\/bricer.pt\/index.php?rest_route=\/wp\/v2\/product"}],"about":[{"href":"https:\/\/bricer.pt\/index.php?rest_route=\/wp\/v2\/types\/product"}],"wp:featuredmedia":[{"embeddable":true,"href":"https:\/\/bricer.pt\/index.php?rest_route=\/wp\/v2\/media\/1244"}],"wp:attachment":[{"href":"https:\/\/bricer.pt\/index.php?rest_route=%2Fwp%2Fv2%2Fmedia&parent=1243"}],"wp:term":[{"taxonomy":"product_brand","embeddable":true,"href":"https:\/\/bricer.pt\/index.php?rest_route=%2Fwp%2Fv2%2Fproduct_brand&post=1243"},{"taxonomy":"product_cat","embeddable":true,"href":"https:\/\/bricer.pt\/index.php?rest_route=%2Fwp%2Fv2%2Fproduct_cat&post=1243"},{"taxonomy":"product_tag","embeddable":true,"href":"https:\/\/bricer.pt\/index.php?rest_route=%2Fwp%2Fv2%2Fproduct_tag&post=1243"}],"curies":[{"name":"wp","href":"https:\/\/api.w.org\/{rel}","templated":true}]}}