{"id":1218,"date":"2023-03-06T11:13:07","date_gmt":"2023-03-06T11:13:07","guid":{"rendered":"https:\/\/bricer.pt\/produto\/mrs-bridges-compota-de-figo-frasco-340g\/"},"modified":"2023-04-17T07:59:27","modified_gmt":"2023-04-17T07:59:27","slug":"mrs-bridges-compota-de-figo-frasco-340g","status":"publish","type":"product","link":"https:\/\/bricer.pt\/?product=mrs-bridges-compota-de-figo-frasco-340g","title":{"rendered":"Mrs Bridges Compota de Figo Frasco 340g"},"content":{"rendered":"<p><strong>Mrs Bridges Compota de Figo<\/strong> Frasco 340g.<\/p>\n<p>&nbsp;<\/p>\n<p><strong>Ingredientes<\/strong>: a\u00e7\u00facar amarelo, figos secos (figos, farinha de arroz), agente gelificante: pectina de fruta; regulador de acidez: \u00e1cido c\u00edtrico. Preparado com 45g de fruta por 100g. Cont\u00e9m 65g de a\u00e7\u00facar por cada 100g.<\/p>\n<p><strong>Alerg\u00e9nios<\/strong>: Ver MAI\u00daSCULAS.<\/p>\n<p><strong>Declara\u00e7\u00e3o Nutricional p\/100g:<\/strong> Energia 1157kJ\/272kcal; L\u00edpidos 0,3g (dos quais \u00e1cidos gordos saturados 0g); Hidratos de Carbono 66,7g (dos quais a\u00e7\u00facares 66,7g); Prote\u00ednas 0,7g; Sal 0g.<\/p>\n","protected":false},"excerpt":{"rendered":"<p>Mrs Bridges Compota de Figo Frasco 340g. &nbsp; Ingredientes: a\u00e7\u00facar amarelo, figos secos (figos, farinha de arroz), agente gelificante: pectina de fruta; regulador de acidez: \u00e1cido c\u00edtrico. Preparado com 45g de fruta por 100g. Cont\u00e9m 65g de a\u00e7\u00facar por cada 100g. Alerg\u00e9nios: Ver MAI\u00daSCULAS. Declara\u00e7\u00e3o Nutricional p\/100g: Energia 1157kJ\/272kcal; L\u00edpidos 0,3g (dos quais \u00e1cidos gordos [&hellip;]<\/p>\n","protected":false},"featured_media":1219,"template":"","meta":[],"product_brand":[],"product_cat":[211,145],"product_tag":[],"class_list":{"0":"post-1218","1":"product","2":"type-product","3":"status-publish","4":"has-post-thumbnail","6":"product_cat-compotas","7":"product_cat-produtos-premium","8":"pa_marcas-mrs-bridges","9":"pa_pais-reino-unido","11":"first","12":"instock","13":"taxable","14":"shipping-taxable","15":"product-type-simple"},"_links":{"self":[{"href":"https:\/\/bricer.pt\/index.php?rest_route=\/wp\/v2\/product\/1218","targetHints":{"allow":["GET"]}}],"collection":[{"href":"https:\/\/bricer.pt\/index.php?rest_route=\/wp\/v2\/product"}],"about":[{"href":"https:\/\/bricer.pt\/index.php?rest_route=\/wp\/v2\/types\/product"}],"wp:featuredmedia":[{"embeddable":true,"href":"https:\/\/bricer.pt\/index.php?rest_route=\/wp\/v2\/media\/1219"}],"wp:attachment":[{"href":"https:\/\/bricer.pt\/index.php?rest_route=%2Fwp%2Fv2%2Fmedia&parent=1218"}],"wp:term":[{"taxonomy":"product_brand","embeddable":true,"href":"https:\/\/bricer.pt\/index.php?rest_route=%2Fwp%2Fv2%2Fproduct_brand&post=1218"},{"taxonomy":"product_cat","embeddable":true,"href":"https:\/\/bricer.pt\/index.php?rest_route=%2Fwp%2Fv2%2Fproduct_cat&post=1218"},{"taxonomy":"product_tag","embeddable":true,"href":"https:\/\/bricer.pt\/index.php?rest_route=%2Fwp%2Fv2%2Fproduct_tag&post=1218"}],"curies":[{"name":"wp","href":"https:\/\/api.w.org\/{rel}","templated":true}]}}