{"id":1207,"date":"2023-03-06T11:13:07","date_gmt":"2023-03-06T11:13:07","guid":{"rendered":"https:\/\/bricer.pt\/produto\/mrs-bridges-chutney-picalilli-frasco-270g\/"},"modified":"2023-04-17T07:59:27","modified_gmt":"2023-04-17T07:59:27","slug":"mrs-bridges-chutney-picalilli-frasco-270g","status":"publish","type":"product","link":"https:\/\/bricer.pt\/?product=mrs-bridges-chutney-picalilli-frasco-270g","title":{"rendered":"Mrs Bridges Chutney Picalilli Frasco 270g"},"content":{"rendered":"<p><strong>Mrs Bridges Chutney Picalilli<\/strong> Frasco 270g.<\/p>\n<p>&nbsp;<\/p>\n<p><strong>Ingredientes<\/strong>: Mistura de vegetais (52%) (couve-flor, curgetes, cenouras), vinagre de malte (de CEVADA), a\u00e7\u00facar, sal, farinha de MOSTARDA, amido de milho modificado, especiarias.<\/p>\n<p><strong>Alerg\u00e9nios<\/strong>: Ver MAI\u00daSCULAS.<\/p>\n<p><strong>Declara\u00e7\u00e3o Nutricional p\/100g:<\/strong> Energia 303kJ\/72kcal; L\u00edpidos 1,0g (dos quais saturados 0,2g); Hidratos de Carbono 13,2g (dos quais a\u00e7\u00facares 11,0g); Prote\u00ednas 2,4g; Sal 2,5g.<\/p>\n","protected":false},"excerpt":{"rendered":"<p>Mrs Bridges Chutney Picalilli Frasco 270g. &nbsp; Ingredientes: Mistura de vegetais (52%) (couve-flor, curgetes, cenouras), vinagre de malte (de CEVADA), a\u00e7\u00facar, sal, farinha de MOSTARDA, amido de milho modificado, especiarias. Alerg\u00e9nios: Ver MAI\u00daSCULAS. Declara\u00e7\u00e3o Nutricional p\/100g: Energia 303kJ\/72kcal; L\u00edpidos 1,0g (dos quais saturados 0,2g); Hidratos de Carbono 13,2g (dos quais a\u00e7\u00facares 11,0g); Prote\u00ednas 2,4g; Sal [&hellip;]<\/p>\n","protected":false},"featured_media":1208,"template":"","meta":[],"product_brand":[],"product_cat":[210,145],"product_tag":[],"class_list":{"0":"post-1207","1":"product","2":"type-product","3":"status-publish","4":"has-post-thumbnail","6":"product_cat-chutney-produtos-premium","7":"product_cat-produtos-premium","8":"pa_marcas-mrs-bridges","9":"pa_pais-reino-unido","11":"first","12":"instock","13":"taxable","14":"shipping-taxable","15":"product-type-simple"},"_links":{"self":[{"href":"https:\/\/bricer.pt\/index.php?rest_route=\/wp\/v2\/product\/1207","targetHints":{"allow":["GET"]}}],"collection":[{"href":"https:\/\/bricer.pt\/index.php?rest_route=\/wp\/v2\/product"}],"about":[{"href":"https:\/\/bricer.pt\/index.php?rest_route=\/wp\/v2\/types\/product"}],"wp:featuredmedia":[{"embeddable":true,"href":"https:\/\/bricer.pt\/index.php?rest_route=\/wp\/v2\/media\/1208"}],"wp:attachment":[{"href":"https:\/\/bricer.pt\/index.php?rest_route=%2Fwp%2Fv2%2Fmedia&parent=1207"}],"wp:term":[{"taxonomy":"product_brand","embeddable":true,"href":"https:\/\/bricer.pt\/index.php?rest_route=%2Fwp%2Fv2%2Fproduct_brand&post=1207"},{"taxonomy":"product_cat","embeddable":true,"href":"https:\/\/bricer.pt\/index.php?rest_route=%2Fwp%2Fv2%2Fproduct_cat&post=1207"},{"taxonomy":"product_tag","embeddable":true,"href":"https:\/\/bricer.pt\/index.php?rest_route=%2Fwp%2Fv2%2Fproduct_tag&post=1207"}],"curies":[{"name":"wp","href":"https:\/\/api.w.org\/{rel}","templated":true}]}}