{"id":1203,"date":"2023-03-06T11:13:07","date_gmt":"2023-03-06T11:13:07","guid":{"rendered":"https:\/\/bricer.pt\/produto\/mrs-bridges-chutney-de-pera-maca-e-gengibre-frasco-300g\/"},"modified":"2023-04-17T07:59:27","modified_gmt":"2023-04-17T07:59:27","slug":"mrs-bridges-chutney-de-pera-maca-e-gengibre-frasco-300g","status":"publish","type":"product","link":"https:\/\/bricer.pt\/?product=mrs-bridges-chutney-de-pera-maca-e-gengibre-frasco-300g","title":{"rendered":"Mrs Bridges Chutney de Pera, Ma\u00e7\u00e3 e Gengibre Frasco 300g"},"content":{"rendered":"<p><strong>Mrs Bridges Chutney de Pera, Ma\u00e7\u00e3 e Gengibre<\/strong> Frasco 300g.<\/p>\n<p>&nbsp;<\/p>\n<p><strong>Ingredientes<\/strong>: Pera (26%), a\u00e7\u00facar amarelo, ma\u00e7\u00e3s (19%), cebola, vinagre de malte (de CEVADA), gengibre (2%), pur\u00e9 de alho, sal, especiarias, malagueta vermelha.<\/p>\n<p><strong>Alerg\u00e9nios<\/strong>: Ver MAI\u00daSCULAS. Pode conter vest\u00edgios de mostarda.<\/p>\n<p><strong>Declara\u00e7\u00e3o Nutricional p\/ 100g:<\/strong> Energia 597kJ\/141kcal; L\u00edpidos 0,2g (dos quais saturados 0g); Hidratos de Carbono 34,1g (dos quais a\u00e7\u00facares 33,3g); Prote\u00ednas 0,5g; Sal 0,3g.<\/p>\n","protected":false},"excerpt":{"rendered":"<p>Mrs Bridges Chutney de Pera, Ma\u00e7\u00e3 e Gengibre Frasco 300g. &nbsp; Ingredientes: Pera (26%), a\u00e7\u00facar amarelo, ma\u00e7\u00e3s (19%), cebola, vinagre de malte (de CEVADA), gengibre (2%), pur\u00e9 de alho, sal, especiarias, malagueta vermelha. Alerg\u00e9nios: Ver MAI\u00daSCULAS. Pode conter vest\u00edgios de mostarda. Declara\u00e7\u00e3o Nutricional p\/ 100g: Energia 597kJ\/141kcal; L\u00edpidos 0,2g (dos quais saturados 0g); Hidratos de [&hellip;]<\/p>\n","protected":false},"featured_media":1204,"template":"","meta":[],"product_brand":[],"product_cat":[210,145],"product_tag":[],"class_list":{"0":"post-1203","1":"product","2":"type-product","3":"status-publish","4":"has-post-thumbnail","6":"product_cat-chutney-produtos-premium","7":"product_cat-produtos-premium","8":"pa_marcas-mrs-bridges","9":"pa_pais-reino-unido","11":"first","12":"instock","13":"taxable","14":"shipping-taxable","15":"product-type-simple"},"_links":{"self":[{"href":"https:\/\/bricer.pt\/index.php?rest_route=\/wp\/v2\/product\/1203","targetHints":{"allow":["GET"]}}],"collection":[{"href":"https:\/\/bricer.pt\/index.php?rest_route=\/wp\/v2\/product"}],"about":[{"href":"https:\/\/bricer.pt\/index.php?rest_route=\/wp\/v2\/types\/product"}],"wp:featuredmedia":[{"embeddable":true,"href":"https:\/\/bricer.pt\/index.php?rest_route=\/wp\/v2\/media\/1204"}],"wp:attachment":[{"href":"https:\/\/bricer.pt\/index.php?rest_route=%2Fwp%2Fv2%2Fmedia&parent=1203"}],"wp:term":[{"taxonomy":"product_brand","embeddable":true,"href":"https:\/\/bricer.pt\/index.php?rest_route=%2Fwp%2Fv2%2Fproduct_brand&post=1203"},{"taxonomy":"product_cat","embeddable":true,"href":"https:\/\/bricer.pt\/index.php?rest_route=%2Fwp%2Fv2%2Fproduct_cat&post=1203"},{"taxonomy":"product_tag","embeddable":true,"href":"https:\/\/bricer.pt\/index.php?rest_route=%2Fwp%2Fv2%2Fproduct_tag&post=1203"}],"curies":[{"name":"wp","href":"https:\/\/api.w.org\/{rel}","templated":true}]}}