{"id":1200,"date":"2023-03-06T11:13:07","date_gmt":"2023-03-06T11:13:07","guid":{"rendered":"https:\/\/bricer.pt\/produto\/mrs-bridges-chutney-de-manga-lima-e-gengibre-frasco-290g\/"},"modified":"2023-04-17T07:59:27","modified_gmt":"2023-04-17T07:59:27","slug":"mrs-bridges-chutney-de-manga-lima-e-gengibre-frasco-290g","status":"publish","type":"product","link":"https:\/\/bricer.pt\/?product=mrs-bridges-chutney-de-manga-lima-e-gengibre-frasco-290g","title":{"rendered":"Mrs Bridges Chutney de Manga, Lima e Gengibre Frasco 290g"},"content":{"rendered":"<p><strong>Mrs Bridges Chutney de Manga, Lima e Gengibre<\/strong> Frasco 290g.<\/p>\n<p>&nbsp;<\/p>\n<p><strong>Ingredientes<\/strong>: Manga (46%), cebola, a\u00e7\u00facar, vinagre de cidra, ma\u00e7\u00e3, lima (5%),<br \/>\ngengibre (2%), especiarias, sementes de MOSTARDA, sal, alho.<\/p>\n<p><strong>Alerg\u00e9nios<\/strong>: Ver MAI\u00daSCULAS.<\/p>\n<p><strong>Declara\u00e7\u00e3o Nutricional p\/100g:<\/strong> Energia 634kJ\/149kcal; L\u00edpidos 0,4g (dos quais saturados 0,1g); Hidratos de Carbono 35,7g (dos quais a\u00e7\u00facares 34,6g); Prote\u00ednas 0,8g; Sal 0,3g.<\/p>\n","protected":false},"excerpt":{"rendered":"<p>Mrs Bridges Chutney de Manga, Lima e Gengibre Frasco 290g. &nbsp; Ingredientes: Manga (46%), cebola, a\u00e7\u00facar, vinagre de cidra, ma\u00e7\u00e3, lima (5%), gengibre (2%), especiarias, sementes de MOSTARDA, sal, alho. Alerg\u00e9nios: Ver MAI\u00daSCULAS. Declara\u00e7\u00e3o Nutricional p\/100g: Energia 634kJ\/149kcal; L\u00edpidos 0,4g (dos quais saturados 0,1g); Hidratos de Carbono 35,7g (dos quais a\u00e7\u00facares 34,6g); Prote\u00ednas 0,8g; Sal [&hellip;]<\/p>\n","protected":false},"featured_media":1201,"template":"","meta":[],"product_brand":[],"product_cat":[210,145],"product_tag":[],"class_list":{"0":"post-1200","1":"product","2":"type-product","3":"status-publish","4":"has-post-thumbnail","6":"product_cat-chutney-produtos-premium","7":"product_cat-produtos-premium","8":"pa_marcas-mrs-bridges","9":"pa_pais-reino-unido","11":"first","12":"instock","13":"taxable","14":"shipping-taxable","15":"product-type-simple"},"_links":{"self":[{"href":"https:\/\/bricer.pt\/index.php?rest_route=\/wp\/v2\/product\/1200","targetHints":{"allow":["GET"]}}],"collection":[{"href":"https:\/\/bricer.pt\/index.php?rest_route=\/wp\/v2\/product"}],"about":[{"href":"https:\/\/bricer.pt\/index.php?rest_route=\/wp\/v2\/types\/product"}],"wp:featuredmedia":[{"embeddable":true,"href":"https:\/\/bricer.pt\/index.php?rest_route=\/wp\/v2\/media\/1201"}],"wp:attachment":[{"href":"https:\/\/bricer.pt\/index.php?rest_route=%2Fwp%2Fv2%2Fmedia&parent=1200"}],"wp:term":[{"taxonomy":"product_brand","embeddable":true,"href":"https:\/\/bricer.pt\/index.php?rest_route=%2Fwp%2Fv2%2Fproduct_brand&post=1200"},{"taxonomy":"product_cat","embeddable":true,"href":"https:\/\/bricer.pt\/index.php?rest_route=%2Fwp%2Fv2%2Fproduct_cat&post=1200"},{"taxonomy":"product_tag","embeddable":true,"href":"https:\/\/bricer.pt\/index.php?rest_route=%2Fwp%2Fv2%2Fproduct_tag&post=1200"}],"curies":[{"name":"wp","href":"https:\/\/api.w.org\/{rel}","templated":true}]}}